{"id":92196,"date":"2021-03-19T12:11:47","date_gmt":"2021-03-19T12:11:47","guid":{"rendered":"https:\/\/cernelic.hr\/katalog\/Bez%20kategorije\/quattro-occasional-by-andreu-world-2\/"},"modified":"2023-12-08T04:12:06","modified_gmt":"2023-12-08T04:12:06","slug":"quattro-occasional-by-andreu-world","status":"publish","type":"product","link":"https:\/\/cernelic.hr\/en\/proizvod\/quattro-occasional-by-andreu-world\/","title":{"rendered":"QUATTRO OCCASIONAL by Andreu World"},"content":{"rendered":"<p>Andreu World stol s aluminijskim sredi\u0161njim postoljem dostupan je u vi\u0161e boja i dvije razli\u010dite visine. Dostupan u poliranom aluminiju, mat bijel ili mat crn i s povr\u0161inom od \u0161perplo\u010de u raznim oblicima i veli\u010dinama; od hrastovine, lakiran, kerami\u010dki, HPL, od bijelog Carrara i crnog Marquina mramora, uklapaju\u0107i se u razne stilove dizajna interijera.<\/p>\n","protected":false},"excerpt":{"rendered":"<p>Andreu World stol s aluminijskim sredi\u0161njim postoljem dostupan je u vi\u0161e boja i dvije razli\u010dite visine. Dostupan u poliranom aluminiju, mat bijel ili mat crn i s povr\u0161inom od \u0161perplo\u010de u raznim oblicima i veli\u010dinama; od hrastovine, lakiran, kerami\u010dki, HPL, od bijelog Carrara i crnog Marquina mramora, uklapaju\u0107i se u razne stilove dizajna interijera.<\/p>\n","protected":false},"featured_media":109373,"template":"","meta":{"_acf_changed":false},"product_brand":[],"product_cat":[2105,2142,2119,2061,2068,2138,2144,2140,2147,2121,2146,2139,2145,2073,2118,2135,2143,2136,2162],"product_tag":[],"berocket_brand":[518],"class_list":{"0":"post-92196","1":"product","2":"type-product","3":"status-publish","4":"has-post-thumbnail","6":"product_cat-javni","7":"product_cat-proizvodi-stolovi-niski-stolovi-vanjske-prostore","8":"product_cat-proizvodi-stolovi-niski-stolovi-za-unutarnje-prostore","9":"product_cat-proizvodi","10":"product_cat-prostori","11":"product_cat-prostori-horeca-stolovi-za-unutarnje-prostore","12":"product_cat-prostori-horeca-stolovi-za-vanjske-prostore","13":"product_cat-prostori-javni-stolovi-za-unutarnje-prostore","14":"product_cat-prostori-javni-stolovi-za-vanjske-prostore","15":"product_cat-prostori-rezidencijalni-niski-klubski-stolici-za-unutarnje-prostore","16":"product_cat-prostori-rezidencijalni-niski-klubski-stolici-za-vanjske-prostore","17":"product_cat-prostori-rezidencijalni-stolovi-za-unutarnje-prostore","18":"product_cat-prostori-rezidencijalni-stolovi-za-vanjske-prostore","19":"product_cat-rezidencijalni","20":"product_cat-stolovi","21":"product_cat-proizvodi-stolovi-stolovi-za-unutarnje-prostore","22":"product_cat-proizvodi-stolovi-stolovi-za-vanjske-prostore","23":"product_cat-proizvodi-stolovi-visoki-barski-stolovi-za-unutarnje-prostore","24":"product_cat-proizvodi-stolovi-visoki-barski-stolovi-vanjske-prostore","25":"berocket_brand-andreu-world","27":"first","28":"instock","29":"product-type-grouped"},"acf":[],"_links":{"self":[{"href":"https:\/\/cernelic.hr\/en\/wp-json\/wp\/v2\/product\/92196","targetHints":{"allow":["GET"]}}],"collection":[{"href":"https:\/\/cernelic.hr\/en\/wp-json\/wp\/v2\/product"}],"about":[{"href":"https:\/\/cernelic.hr\/en\/wp-json\/wp\/v2\/types\/product"}],"wp:featuredmedia":[{"embeddable":true,"href":"https:\/\/cernelic.hr\/en\/wp-json\/wp\/v2\/media\/109373"}],"wp:attachment":[{"href":"https:\/\/cernelic.hr\/en\/wp-json\/wp\/v2\/media?parent=92196"}],"wp:term":[{"taxonomy":"product_brand","embeddable":true,"href":"https:\/\/cernelic.hr\/en\/wp-json\/wp\/v2\/product_brand?post=92196"},{"taxonomy":"product_cat","embeddable":true,"href":"https:\/\/cernelic.hr\/en\/wp-json\/wp\/v2\/product_cat?post=92196"},{"taxonomy":"product_tag","embeddable":true,"href":"https:\/\/cernelic.hr\/en\/wp-json\/wp\/v2\/product_tag?post=92196"},{"taxonomy":"berocket_brand","embeddable":true,"href":"https:\/\/cernelic.hr\/en\/wp-json\/wp\/v2\/berocket_brand?post=92196"}],"curies":[{"name":"wp","href":"https:\/\/api.w.org\/{rel}","templated":true}]}}