{"id":92197,"date":"2021-03-19T12:11:47","date_gmt":"2021-03-19T12:11:47","guid":{"rendered":"https:\/\/cernelic.hr\/katalog\/Bez%20kategorije\/radial-conference-by-andreu-world-2\/"},"modified":"2023-12-07T15:52:35","modified_gmt":"2023-12-07T15:52:35","slug":"radial-conference-by-andreu-world","status":"publish","type":"product","link":"https:\/\/cernelic.hr\/en\/proizvod\/radial-conference-by-andreu-world\/","title":{"rendered":"RADIAL CONFERENCE by Andreu World"},"content":{"rendered":"<p>\u201eRadial\u201c su uredski stolovi koji nagla\u0161avaju svoj \u201esmart\u201c karakter. Njihova ekstenzivna svestranost omogu\u0107ava im prilagodbu raznim funkcijama unutar korporativnog okoli\u0161a zahvaljuju\u0107i sposobnosti formiranja vi\u0161estrukih kombinacija. Njihova lako\u0107a povezivanja pospje\u0161uje prilagodljivost svakoj okolini; bilo za opremanje stana ili opremanje uredskih prostora, a \u010demu dodatno pridonosi i ugra\u0111eni prilagodljivi sustav za napajanje.<\/p>\n","protected":false},"excerpt":{"rendered":"<p>\u201eRadial\u201c su uredski stolovi koji nagla\u0161avaju svoj \u201esmart\u201c karakter. Njihova ekstenzivna svestranost omogu\u0107ava im prilagodbu raznim funkcijama unutar korporativnog okoli\u0161a zahvaljuju\u0107i sposobnosti formiranja vi\u0161estrukih kombinacija. Njihova lako\u0107a povezivanja pospje\u0161uje prilagodljivost svakoj okolini; bilo za opremanje stana ili opremanje uredskih prostora, a \u010demu dodatno pridonosi i ugra\u0111eni prilagodljivi sustav za napajanje.<\/p>\n","protected":false},"featured_media":41252,"template":"","meta":{"_acf_changed":false},"product_brand":[],"product_cat":[2514,2105,2061,2131,2068,2138,2140,2118,2132,2133,2135,2163],"product_tag":[],"berocket_brand":[518],"class_list":{"0":"post-92197","1":"product","2":"type-product","3":"status-publish","4":"has-post-thumbnail","6":"product_cat-accessories","7":"product_cat-javni","8":"product_cat-proizvodi","9":"product_cat-proizvodi-accessories-elektrifikacija-i-cable-management","10":"product_cat-prostori","11":"product_cat-prostori-horeca-stolovi-za-unutarnje-prostore","12":"product_cat-prostori-javni-stolovi-za-unutarnje-prostore","13":"product_cat-stolovi","14":"product_cat-proizvodi-stolovi-stolovi-za-kucni-ured","15":"product_cat-proizvodi-stolovi-stolovi-za-sastanke-i-konferencije","16":"product_cat-proizvodi-stolovi-stolovi-za-unutarnje-prostore","17":"product_cat-proizvodi-stolovi-stolovi-za-urede","18":"berocket_brand-andreu-world","20":"first","21":"instock","22":"product-type-grouped"},"acf":[],"_links":{"self":[{"href":"https:\/\/cernelic.hr\/en\/wp-json\/wp\/v2\/product\/92197","targetHints":{"allow":["GET"]}}],"collection":[{"href":"https:\/\/cernelic.hr\/en\/wp-json\/wp\/v2\/product"}],"about":[{"href":"https:\/\/cernelic.hr\/en\/wp-json\/wp\/v2\/types\/product"}],"wp:featuredmedia":[{"embeddable":true,"href":"https:\/\/cernelic.hr\/en\/wp-json\/wp\/v2\/media\/41252"}],"wp:attachment":[{"href":"https:\/\/cernelic.hr\/en\/wp-json\/wp\/v2\/media?parent=92197"}],"wp:term":[{"taxonomy":"product_brand","embeddable":true,"href":"https:\/\/cernelic.hr\/en\/wp-json\/wp\/v2\/product_brand?post=92197"},{"taxonomy":"product_cat","embeddable":true,"href":"https:\/\/cernelic.hr\/en\/wp-json\/wp\/v2\/product_cat?post=92197"},{"taxonomy":"product_tag","embeddable":true,"href":"https:\/\/cernelic.hr\/en\/wp-json\/wp\/v2\/product_tag?post=92197"},{"taxonomy":"berocket_brand","embeddable":true,"href":"https:\/\/cernelic.hr\/en\/wp-json\/wp\/v2\/berocket_brand?post=92197"}],"curies":[{"name":"wp","href":"https:\/\/api.w.org\/{rel}","templated":true}]}}