{"id":92198,"date":"2021-03-19T12:11:47","date_gmt":"2021-03-19T12:11:47","guid":{"rendered":"https:\/\/cernelic.hr\/katalog\/Bez%20kategorije\/raglan-by-andreu-world-2\/"},"modified":"2023-12-07T15:52:41","modified_gmt":"2023-12-07T15:52:41","slug":"raglan-by-andreu-world","status":"publish","type":"product","link":"https:\/\/cernelic.hr\/en\/proizvod\/raglan-by-andreu-world\/","title":{"rendered":"RAGLAN by Andreu World"},"content":{"rendered":"<p>&#8220;Raglan&#8221; je modularni sustav kau\u010da dizajniran za podru\u010dja suradnje uklju\u010duju\u0107i javne, privatne prostore. Istaknut zbog velike udobnosti i karaktera, njegov oblik definiran je tapeciranim obodnim \u0161avom. Pa\u017eljiv rad na tapeciranju i razra\u0111eni detalji \u0161ivanja omogu\u0107uju naizgled neograni\u010deni raspon kombinacija tkanina, boja i zavr\u0161nih obrada. Ova svestranost \u010dini kolekciju prilagodljivom svakom posebnom zahtjevu ili prostoru. Kolekcija se sastoji od pojedina\u010dnih le\u017ealjki, dvosjednih i trosjednih sofa i jednog, dva i tri kombinirana modularna komada. Okvir od ubrizganog aluminija, dostupan u bijelom, crnom i poliranom aluminiju, daje komadima \u010dvrstu i robusnu prisutnost, dok zavr\u0161ne obrade daju mekan i nje\u017ean dizajn.<\/p>\n","protected":false},"excerpt":{"rendered":"<p>&#8220;Raglan&#8221; je modularni sustav kau\u010da dizajniran za podru\u010dja suradnje uklju\u010duju\u0107i javne, privatne prostore. Istaknut zbog velike udobnosti i karaktera, njegov oblik definiran je tapeciranim obodnim \u0161avom. Pa\u017eljiv rad na tapeciranju i razra\u0111eni detalji \u0161ivanja omogu\u0107uju naizgled neograni\u010deni raspon kombinacija tkanina, boja i zavr\u0161nih obrada. Ova svestranost \u010dini kolekciju prilagodljivom svakom posebnom zahtjevu ili prostoru. Kolekcija [&hellip;]<\/p>\n","protected":false},"featured_media":41254,"template":"","meta":{"_acf_changed":false},"product_brand":[],"product_cat":[541],"product_tag":[],"berocket_brand":[518],"class_list":{"0":"post-92198","1":"product","2":"type-product","3":"status-publish","4":"has-post-thumbnail","6":"product_cat-uncategorized-hr","7":"berocket_brand-andreu-world","9":"first","10":"instock","11":"product-type-grouped"},"acf":[],"_links":{"self":[{"href":"https:\/\/cernelic.hr\/en\/wp-json\/wp\/v2\/product\/92198","targetHints":{"allow":["GET"]}}],"collection":[{"href":"https:\/\/cernelic.hr\/en\/wp-json\/wp\/v2\/product"}],"about":[{"href":"https:\/\/cernelic.hr\/en\/wp-json\/wp\/v2\/types\/product"}],"wp:featuredmedia":[{"embeddable":true,"href":"https:\/\/cernelic.hr\/en\/wp-json\/wp\/v2\/media\/41254"}],"wp:attachment":[{"href":"https:\/\/cernelic.hr\/en\/wp-json\/wp\/v2\/media?parent=92198"}],"wp:term":[{"taxonomy":"product_brand","embeddable":true,"href":"https:\/\/cernelic.hr\/en\/wp-json\/wp\/v2\/product_brand?post=92198"},{"taxonomy":"product_cat","embeddable":true,"href":"https:\/\/cernelic.hr\/en\/wp-json\/wp\/v2\/product_cat?post=92198"},{"taxonomy":"product_tag","embeddable":true,"href":"https:\/\/cernelic.hr\/en\/wp-json\/wp\/v2\/product_tag?post=92198"},{"taxonomy":"berocket_brand","embeddable":true,"href":"https:\/\/cernelic.hr\/en\/wp-json\/wp\/v2\/berocket_brand?post=92198"}],"curies":[{"name":"wp","href":"https:\/\/api.w.org\/{rel}","templated":true}]}}