{"id":92200,"date":"2021-03-19T12:11:47","date_gmt":"2021-03-19T12:11:47","guid":{"rendered":"https:\/\/cernelic.hr\/katalog\/Bez%20kategorije\/rap-by-andreu-world\/"},"modified":"2023-12-07T15:52:44","modified_gmt":"2023-12-07T15:52:44","slug":"rap-by-andreu-world","status":"publish","type":"product","link":"https:\/\/cernelic.hr\/en\/proizvod\/rap-by-andreu-world\/","title":{"rendered":"RAP by Andreu World"},"content":{"rendered":"<p>Ova kolekcija Andreu World trosjeda prolazi transformaciju koja prelazi puku formalnost i \u0161iri njenu funkcionalnost. \u201eRap\u201c je vi\u0161e od estetskog koncepta, ona nudi funkcionalne nadogradnje, kao \u0161to su pomo\u0107ni stoli\u0107i prikva\u010deni za bokove, fiksirani ili rotiraju\u0107i se oko prednjih nogu. Po\u010detni koncept, iskonski trosjed s poslovnim karakterom, transformiran je zahvaljuju\u0107i drvenom nastavku na naslonu i bo\u010dnim stranama \u0161to ga \u010dini miljenikom mnogih dizajnera interijera.<\/p>\n","protected":false},"excerpt":{"rendered":"<p>Ova kolekcija Andreu World trosjeda prolazi transformaciju koja prelazi puku formalnost i \u0161iri njenu funkcionalnost. \u201eRap\u201c je vi\u0161e od estetskog koncepta, ona nudi funkcionalne nadogradnje, kao \u0161to su pomo\u0107ni stoli\u0107i prikva\u010deni za bokove, fiksirani ili rotiraju\u0107i se oko prednjih nogu. Po\u010detni koncept, iskonski trosjed s poslovnim karakterom, transformiran je zahvaljuju\u0107i drvenom nastavku na naslonu i [&hellip;]<\/p>\n","protected":false},"featured_media":41256,"template":"","meta":{"_acf_changed":false},"product_brand":[],"product_cat":[2111,2062,2105,2085,2061,2083,2082,2086,2068,2117,2101,2108,2103,2094,2073,2092],"product_tag":[],"berocket_brand":[518],"class_list":{"0":"post-92200","1":"product","2":"type-product","3":"status-publish","4":"has-post-thumbnail","6":"product_cat-dvorane","7":"product_cat-fotelje-i-garniture-za-sjedenje","8":"product_cat-javni","9":"product_cat-namjestaj-za-urede","10":"product_cat-proizvodi","11":"product_cat-proizvodi-fotelje-garniture-fotelje-i-garniture-za-cekaone-i-predprostore","12":"product_cat-proizvodi-fotelje-garniture-fotelje-i-garniture-unutarnje-prostore","13":"product_cat-proizvodi-namjestaj-za-urede-fotelje-garniture-za-neformalne-sastanke","14":"product_cat-prostori","15":"product_cat-prostori-dvorane-fotelje-i-garniture-za-unutarnje-prostore","16":"product_cat-prostori-horeca-fotelje-i-garniture-za-unutarnje-prostore","17":"product_cat-prostori-javni-fotelje-i-garniture-za-unutarnje-prostore","18":"product_cat-prostori-rezidencijalni-fotelje-i-garniture-za-unutarnje-prostore","19":"product_cat-prostori-uredi-fotelje-i-garniture-za-sjedenje","20":"product_cat-rezidencijalni","21":"product_cat-uredi","22":"berocket_brand-andreu-world","24":"first","25":"instock","26":"product-type-grouped"},"acf":[],"_links":{"self":[{"href":"https:\/\/cernelic.hr\/en\/wp-json\/wp\/v2\/product\/92200","targetHints":{"allow":["GET"]}}],"collection":[{"href":"https:\/\/cernelic.hr\/en\/wp-json\/wp\/v2\/product"}],"about":[{"href":"https:\/\/cernelic.hr\/en\/wp-json\/wp\/v2\/types\/product"}],"wp:featuredmedia":[{"embeddable":true,"href":"https:\/\/cernelic.hr\/en\/wp-json\/wp\/v2\/media\/41256"}],"wp:attachment":[{"href":"https:\/\/cernelic.hr\/en\/wp-json\/wp\/v2\/media?parent=92200"}],"wp:term":[{"taxonomy":"product_brand","embeddable":true,"href":"https:\/\/cernelic.hr\/en\/wp-json\/wp\/v2\/product_brand?post=92200"},{"taxonomy":"product_cat","embeddable":true,"href":"https:\/\/cernelic.hr\/en\/wp-json\/wp\/v2\/product_cat?post=92200"},{"taxonomy":"product_tag","embeddable":true,"href":"https:\/\/cernelic.hr\/en\/wp-json\/wp\/v2\/product_tag?post=92200"},{"taxonomy":"berocket_brand","embeddable":true,"href":"https:\/\/cernelic.hr\/en\/wp-json\/wp\/v2\/berocket_brand?post=92200"}],"curies":[{"name":"wp","href":"https:\/\/api.w.org\/{rel}","templated":true}]}}