{"id":92201,"date":"2021-03-19T12:11:47","date_gmt":"2021-03-19T12:11:47","guid":{"rendered":"https:\/\/cernelic.hr\/katalog\/Bez%20kategorije\/rdl-by-andreu-world\/"},"modified":"2023-12-07T15:52:47","modified_gmt":"2023-12-07T15:52:47","slug":"rdl-by-andreu-world","status":"publish","type":"product","link":"https:\/\/cernelic.hr\/en\/proizvod\/rdl-by-andreu-world\/","title":{"rendered":"RDL by Andreu World"},"content":{"rendered":"<p><span data-sheets-value=\"{&quot;1&quot;:2,&quot;2&quot;:&quot;Radikalna i \u017eivopisna, u potpunosti izra\u0111ena od \u010dvrste hrastovine, \u201eRDL\u201c je paradigma iznimno profinjene stolice. Iako se njen izgled mo\u017ee \u010diniti ekstreman, \u201eRDL\u201c uistinu odi\u0161e mirno\u0107om i smireno\u0161\u0107u bezvremenskog dizajna pa je samim time \u010dest odabir kod opremanja restorana ili opremanja kafi\u0107a. Kolekcija se sastoji od bo\u010dne stolice, stolice s naslonima za ruke, salonske stolice i barskog stolca s sjedalom od \u0161perplo\u010de i pozadinom od bukvinog ili hrastovog furnira. Dostupno je i tapecirano sjedalo.&quot;}\" data-sheets-userformat=\"{&quot;2&quot;:14721,&quot;3&quot;:{&quot;1&quot;:0,&quot;3&quot;:1},&quot;10&quot;:0,&quot;11&quot;:4,&quot;14&quot;:{&quot;1&quot;:3,&quot;3&quot;:1},&quot;15&quot;:&quot;Calibri&quot;,&quot;16&quot;:11}\">Radikalna i \u017eivopisna, u potpunosti izra\u0111ena od \u010dvrste hrastovine, \u201eRDL\u201c je paradigma iznimno profinjene stolice. Iako se njen izgled mo\u017ee \u010diniti ekstreman, \u201eRDL\u201c uistinu odi\u0161e mirno\u0107om i smireno\u0161\u0107u bezvremenskog dizajna pa je samim time \u010dest odabir kod opremanja restorana ili opremanja kafi\u0107a. Kolekcija se sastoji od bo\u010dne stolice, stolice s naslonima za ruke, salonske stolice i barskog stolca s sjedalom od \u0161perplo\u010de i pozadinom od bukvinog ili hrastovog furnira. Dostupno je i tapecirano sjedalo.<\/span><\/p>\n","protected":false},"excerpt":{"rendered":"<p>Radikalna i \u017eivopisna, u potpunosti izra\u0111ena od \u010dvrste hrastovine, \u201eRDL\u201c je paradigma iznimno profinjene stolice. Iako se njen izgled mo\u017ee \u010diniti ekstreman, \u201eRDL\u201c uistinu odi\u0161e mirno\u0107om i smireno\u0161\u0107u bezvremenskog dizajna pa je samim time \u010dest odabir kod opremanja restorana ili opremanja kafi\u0107a. Kolekcija se sastoji od bo\u010dne stolice, stolice s naslonima za ruke, salonske stolice [&hellip;]<\/p>\n","protected":false},"featured_media":41258,"template":"","meta":{"_acf_changed":false},"product_brand":[],"product_cat":[2114,2099,2105,2061,2098,2068,2102,2100,2126,2109,2116,2104,2073,2087,2088,2089,2091],"product_tag":[],"berocket_brand":[518],"class_list":{"0":"post-92201","1":"product","2":"type-product","3":"status-publish","4":"has-post-thumbnail","6":"product_cat-proizvodi-stolice-barske-stolice-za-unutarnje-prostore","7":"product_cat-horeca-prostori-horeca","8":"product_cat-javni","9":"product_cat-proizvodi","10":"product_cat-prostori-horeca","11":"product_cat-prostori","12":"product_cat-prostori-horeca-stolice-za-kongresne-dvorane","13":"product_cat-prostori-horeca-stolice-za-unutarnje-prostore","14":"product_cat-prostori-javni-barske-stolice-za-unutarnje-prostore","15":"product_cat-prostori-javni-stolice-za-unutarnje-prostore","16":"product_cat-prostori-rezidencijalni-barske-stolice-za-unutarnje-prostore","17":"product_cat-prostori-rezidencijalni-stolice-za-unutarnje-prostore","18":"product_cat-rezidencijalni","19":"product_cat-stolice","20":"product_cat-proizvodi-stolice-stolice-za-cekaonice","21":"product_cat-proizvodi-stolice-stolice-za-kongresne-dvorane","22":"product_cat-proizvodi-stolice-stolice-za-unutarnje-prostore","23":"berocket_brand-andreu-world","25":"first","26":"instock","27":"product-type-grouped"},"acf":[],"_links":{"self":[{"href":"https:\/\/cernelic.hr\/en\/wp-json\/wp\/v2\/product\/92201","targetHints":{"allow":["GET"]}}],"collection":[{"href":"https:\/\/cernelic.hr\/en\/wp-json\/wp\/v2\/product"}],"about":[{"href":"https:\/\/cernelic.hr\/en\/wp-json\/wp\/v2\/types\/product"}],"wp:featuredmedia":[{"embeddable":true,"href":"https:\/\/cernelic.hr\/en\/wp-json\/wp\/v2\/media\/41258"}],"wp:attachment":[{"href":"https:\/\/cernelic.hr\/en\/wp-json\/wp\/v2\/media?parent=92201"}],"wp:term":[{"taxonomy":"product_brand","embeddable":true,"href":"https:\/\/cernelic.hr\/en\/wp-json\/wp\/v2\/product_brand?post=92201"},{"taxonomy":"product_cat","embeddable":true,"href":"https:\/\/cernelic.hr\/en\/wp-json\/wp\/v2\/product_cat?post=92201"},{"taxonomy":"product_tag","embeddable":true,"href":"https:\/\/cernelic.hr\/en\/wp-json\/wp\/v2\/product_tag?post=92201"},{"taxonomy":"berocket_brand","embeddable":true,"href":"https:\/\/cernelic.hr\/en\/wp-json\/wp\/v2\/berocket_brand?post=92201"}],"curies":[{"name":"wp","href":"https:\/\/api.w.org\/{rel}","templated":true}]}}