{"id":92202,"date":"2021-03-19T12:11:47","date_gmt":"2021-03-19T12:11:47","guid":{"rendered":"https:\/\/cernelic.hr\/katalog\/Bez%20kategorije\/reverse-conference-by-andreu-world-2\/"},"modified":"2023-12-07T15:52:49","modified_gmt":"2023-12-07T15:52:49","slug":"reverse-conference-by-andreu-world","status":"publish","type":"product","link":"https:\/\/cernelic.hr\/en\/proizvod\/reverse-conference-by-andreu-world\/","title":{"rendered":"REVERSE CONFERENCE by Andreu World"},"content":{"rendered":"<p><span data-sheets-value=\"{&quot;1&quot;:2,&quot;2&quot;:&quot;\u201eReverse Conference\u201c su kongresni stolovi koji donose eleganciju i visoku funkcionalnost uredskoj okolini. Koriste\u0107i \u201eReverse\u201c postolje kao svoj temelj, \u201eConference\u201c kolekcija nudi svestrani izbor veli\u010dina, konfiguracija i zavr\u0161nih obrada. Stolovi su visoke funkcionalnosti, pa tako omogu\u0107avaju elektroni\u010dko povezivanje za multimediju \u0161to ih \u010dini veoma pogodnim uredskim namje\u0161tajem.&quot;}\" data-sheets-userformat=\"{&quot;2&quot;:14721,&quot;3&quot;:{&quot;1&quot;:0,&quot;3&quot;:1},&quot;10&quot;:0,&quot;11&quot;:4,&quot;14&quot;:{&quot;1&quot;:3,&quot;3&quot;:1},&quot;15&quot;:&quot;Calibri&quot;,&quot;16&quot;:11}\">\u201eReverse Conference\u201c su kongresni stolovi koji donose eleganciju i visoku funkcionalnost uredskoj okolini. Koriste\u0107i \u201eReverse\u201c postolje kao svoj temelj, \u201eConference\u201c kolekcija nudi svestrani izbor veli\u010dina, konfiguracija i zavr\u0161nih obrada. Stolovi su visoke funkcionalnosti, pa tako omogu\u0107avaju elektroni\u010dko povezivanje za multimediju \u0161to ih \u010dini veoma pogodnim uredskim namje\u0161tajem.<\/span><\/p>\n","protected":false},"excerpt":{"rendered":"<p>\u201eReverse Conference\u201c su kongresni stolovi koji donose eleganciju i visoku funkcionalnost uredskoj okolini. Koriste\u0107i \u201eReverse\u201c postolje kao svoj temelj, \u201eConference\u201c kolekcija nudi svestrani izbor veli\u010dina, konfiguracija i zavr\u0161nih obrada. Stolovi su visoke funkcionalnosti, pa tako omogu\u0107avaju elektroni\u010dko povezivanje za multimediju \u0161to ih \u010dini veoma pogodnim uredskim namje\u0161tajem.<\/p>\n","protected":false},"featured_media":41260,"template":"","meta":{"_acf_changed":false},"product_brand":[],"product_cat":[2514,2105,2061,2131,2068,2138,2140,2139,2137,2148,2073,2118,2132,2133,2135,2163,2092,2136],"product_tag":[],"berocket_brand":[518],"class_list":{"0":"post-92202","1":"product","2":"type-product","3":"status-publish","4":"has-post-thumbnail","6":"product_cat-accessories","7":"product_cat-javni","8":"product_cat-proizvodi","9":"product_cat-proizvodi-accessories-elektrifikacija-i-cable-management","10":"product_cat-prostori","11":"product_cat-prostori-horeca-stolovi-za-unutarnje-prostore","12":"product_cat-prostori-javni-stolovi-za-unutarnje-prostore","13":"product_cat-prostori-rezidencijalni-stolovi-za-unutarnje-prostore","14":"product_cat-prostori-uredi-home-office","15":"product_cat-prostori-uredi-namjestaj-za-sastanke-i-konferencije","16":"product_cat-rezidencijalni","17":"product_cat-stolovi","18":"product_cat-proizvodi-stolovi-stolovi-za-kucni-ured","19":"product_cat-proizvodi-stolovi-stolovi-za-sastanke-i-konferencije","20":"product_cat-proizvodi-stolovi-stolovi-za-unutarnje-prostore","21":"product_cat-proizvodi-stolovi-stolovi-za-urede","22":"product_cat-uredi","23":"product_cat-proizvodi-stolovi-visoki-barski-stolovi-za-unutarnje-prostore","24":"berocket_brand-andreu-world","26":"first","27":"instock","28":"product-type-grouped"},"acf":[],"_links":{"self":[{"href":"https:\/\/cernelic.hr\/en\/wp-json\/wp\/v2\/product\/92202","targetHints":{"allow":["GET"]}}],"collection":[{"href":"https:\/\/cernelic.hr\/en\/wp-json\/wp\/v2\/product"}],"about":[{"href":"https:\/\/cernelic.hr\/en\/wp-json\/wp\/v2\/types\/product"}],"wp:featuredmedia":[{"embeddable":true,"href":"https:\/\/cernelic.hr\/en\/wp-json\/wp\/v2\/media\/41260"}],"wp:attachment":[{"href":"https:\/\/cernelic.hr\/en\/wp-json\/wp\/v2\/media?parent=92202"}],"wp:term":[{"taxonomy":"product_brand","embeddable":true,"href":"https:\/\/cernelic.hr\/en\/wp-json\/wp\/v2\/product_brand?post=92202"},{"taxonomy":"product_cat","embeddable":true,"href":"https:\/\/cernelic.hr\/en\/wp-json\/wp\/v2\/product_cat?post=92202"},{"taxonomy":"product_tag","embeddable":true,"href":"https:\/\/cernelic.hr\/en\/wp-json\/wp\/v2\/product_tag?post=92202"},{"taxonomy":"berocket_brand","embeddable":true,"href":"https:\/\/cernelic.hr\/en\/wp-json\/wp\/v2\/berocket_brand?post=92202"}],"curies":[{"name":"wp","href":"https:\/\/api.w.org\/{rel}","templated":true}]}}