{"id":92205,"date":"2021-03-19T12:14:59","date_gmt":"2021-03-19T12:14:59","guid":{"rendered":"https:\/\/cernelic.hr\/katalog\/Bez%20kategorije\/reverse-wood-by-andreu-world-2\/"},"modified":"2023-12-08T04:12:04","modified_gmt":"2023-12-08T04:12:04","slug":"reverse-wood-by-andreu-world","status":"publish","type":"product","link":"https:\/\/cernelic.hr\/en\/proizvod\/reverse-wood-by-andreu-world\/","title":{"rendered":"REVERSE WOOD by Andreu World"},"content":{"rendered":"<p>\u201eReverse\u201c kolekciju, koja je razvijena kao ikoni\u010dno postolje od polipropilena s ekspresivno\u0161\u0107u skulpture, mogu\u0107e je kombinirati s razli\u010ditim stolnim plo\u010dama. Sada ju predstavljamo s ve\u0107im tehni\u010dkim i materijalnim bogatstvom, u skladu s Andreu World-ovim iskustvom obrade drva.Ova jedinstvena zavr\u0161na obrada &#8211; u drvu zbog svojih podloga i stolova daje Reverseu organsku i toplu prisutnost. <\/p>\n","protected":false},"excerpt":{"rendered":"<p>\u201eReverse\u201c kolekciju, koja je razvijena kao ikoni\u010dno postolje od polipropilena s ekspresivno\u0161\u0107u skulpture, mogu\u0107e je kombinirati s razli\u010ditim stolnim plo\u010dama. Sada ju predstavljamo s ve\u0107im tehni\u010dkim i materijalnim bogatstvom, u skladu s Andreu World-ovim iskustvom obrade drva.Ova jedinstvena zavr\u0161na obrada &#8211; u drvu zbog svojih podloga i stolova daje Reverseu organsku i toplu prisutnost.<\/p>\n","protected":false},"featured_media":109371,"template":"","meta":{"_acf_changed":false},"product_brand":[],"product_cat":[2105,2061,2068,2138,2140,2139,2137,2073,2118,2132,2133,2135,2163,2092],"product_tag":[],"berocket_brand":[518],"class_list":{"0":"post-92205","1":"product","2":"type-product","3":"status-publish","4":"has-post-thumbnail","6":"product_cat-javni","7":"product_cat-proizvodi","8":"product_cat-prostori","9":"product_cat-prostori-horeca-stolovi-za-unutarnje-prostore","10":"product_cat-prostori-javni-stolovi-za-unutarnje-prostore","11":"product_cat-prostori-rezidencijalni-stolovi-za-unutarnje-prostore","12":"product_cat-prostori-uredi-home-office","13":"product_cat-rezidencijalni","14":"product_cat-stolovi","15":"product_cat-proizvodi-stolovi-stolovi-za-kucni-ured","16":"product_cat-proizvodi-stolovi-stolovi-za-sastanke-i-konferencije","17":"product_cat-proizvodi-stolovi-stolovi-za-unutarnje-prostore","18":"product_cat-proizvodi-stolovi-stolovi-za-urede","19":"product_cat-uredi","20":"berocket_brand-andreu-world","22":"first","23":"instock","24":"product-type-grouped"},"acf":[],"_links":{"self":[{"href":"https:\/\/cernelic.hr\/en\/wp-json\/wp\/v2\/product\/92205","targetHints":{"allow":["GET"]}}],"collection":[{"href":"https:\/\/cernelic.hr\/en\/wp-json\/wp\/v2\/product"}],"about":[{"href":"https:\/\/cernelic.hr\/en\/wp-json\/wp\/v2\/types\/product"}],"wp:featuredmedia":[{"embeddable":true,"href":"https:\/\/cernelic.hr\/en\/wp-json\/wp\/v2\/media\/109371"}],"wp:attachment":[{"href":"https:\/\/cernelic.hr\/en\/wp-json\/wp\/v2\/media?parent=92205"}],"wp:term":[{"taxonomy":"product_brand","embeddable":true,"href":"https:\/\/cernelic.hr\/en\/wp-json\/wp\/v2\/product_brand?post=92205"},{"taxonomy":"product_cat","embeddable":true,"href":"https:\/\/cernelic.hr\/en\/wp-json\/wp\/v2\/product_cat?post=92205"},{"taxonomy":"product_tag","embeddable":true,"href":"https:\/\/cernelic.hr\/en\/wp-json\/wp\/v2\/product_tag?post=92205"},{"taxonomy":"berocket_brand","embeddable":true,"href":"https:\/\/cernelic.hr\/en\/wp-json\/wp\/v2\/berocket_brand?post=92205"}],"curies":[{"name":"wp","href":"https:\/\/api.w.org\/{rel}","templated":true}]}}