{"id":92206,"date":"2021-03-19T12:14:59","date_gmt":"2021-03-19T12:14:59","guid":{"rendered":"https:\/\/cernelic.hr\/katalog\/Bez%20kategorije\/ronda-by-andreu-world\/"},"modified":"2023-12-07T15:52:59","modified_gmt":"2023-12-07T15:52:59","slug":"ronda-by-andreu-world","status":"publish","type":"product","link":"https:\/\/cernelic.hr\/en\/proizvod\/ronda-by-andreu-world\/","title":{"rendered":"RONDA by Andreu World"},"content":{"rendered":"<p><span data-sheets-value=\"{&quot;1&quot;:2,&quot;2&quot;:&quot;\\&quot;Ronda\\&quot; stolice posjeduju ikoni\u010dni oblik koji s lako\u0107om kombinira vintage eleganciju s modernom svje\u017einom i sofisticirano\u0161\u0107u. Dostupna su postolja s \u010detiri noge od \u010delika ili hrastovine i postolje od poliranog aluminija zvjezdastog oblika s \u010detiri noge. Razne kombinacije \u010dine ovu kolekciju svestranom, koja tako postaje rje\u0161enje za mnoga razli\u010dita ure\u0111enja poput ure\u0111enja restorana ili ure\u0111enja ureda.&quot;}\" data-sheets-userformat=\"{&quot;2&quot;:14785,&quot;3&quot;:{&quot;1&quot;:0,&quot;3&quot;:1},&quot;9&quot;:0,&quot;10&quot;:0,&quot;11&quot;:4,&quot;14&quot;:{&quot;1&quot;:3,&quot;3&quot;:1},&quot;15&quot;:&quot;Calibri&quot;,&quot;16&quot;:11}\">&#8220;Ronda&#8221; stolice posjeduju ikoni\u010dni oblik koji s lako\u0107om kombinira vintage eleganciju s modernom svje\u017einom i sofisticirano\u0161\u0107u. Dostupna su postolja s \u010detiri noge od \u010delika ili hrastovine i postolje od poliranog aluminija zvjezdastog oblika s \u010detiri noge. Razne kombinacije \u010dine ovu kolekciju svestranom, koja tako postaje rje\u0161enje za mnoga razli\u010dita ure\u0111enja poput ure\u0111enja restorana ili ure\u0111enja ureda.<\/span><\/p>\n","protected":false},"excerpt":{"rendered":"<p>&#8220;Ronda&#8221; stolice posjeduju ikoni\u010dni oblik koji s lako\u0107om kombinira vintage eleganciju s modernom svje\u017einom i sofisticirano\u0161\u0107u. Dostupna su postolja s \u010detiri noge od \u010delika ili hrastovine i postolje od poliranog aluminija zvjezdastog oblika s \u010detiri noge. Razne kombinacije \u010dine ovu kolekciju svestranom, koja tako postaje rje\u0161enje za mnoga razli\u010dita ure\u0111enja poput ure\u0111enja restorana ili ure\u0111enja [&hellip;]<\/p>\n","protected":false},"featured_media":41266,"template":"","meta":{"_acf_changed":false},"product_brand":[],"product_cat":[2099,2105,2090,2061,2098,2068,2100,2106,2109,2104,2093,2073,2087,2088,2089,2091,2092],"product_tag":[],"berocket_brand":[518],"class_list":{"0":"post-92206","1":"product","2":"type-product","3":"status-publish","4":"has-post-thumbnail","6":"product_cat-horeca-prostori-horeca","7":"product_cat-javni","8":"product_cat-proizvodi-stolice-stolice-za-sastanke","9":"product_cat-proizvodi","10":"product_cat-prostori-horeca","11":"product_cat-prostori","12":"product_cat-prostori-horeca-stolice-za-unutarnje-prostore","13":"product_cat-prostori-javni-kongresne-stolice","14":"product_cat-prostori-javni-stolice-za-unutarnje-prostore","15":"product_cat-prostori-rezidencijalni-stolice-za-unutarnje-prostore","16":"product_cat-prostori-uredi-stolice-za-sastanke","17":"product_cat-rezidencijalni","18":"product_cat-stolice","19":"product_cat-proizvodi-stolice-stolice-za-cekaonice","20":"product_cat-proizvodi-stolice-stolice-za-kongresne-dvorane","21":"product_cat-proizvodi-stolice-stolice-za-unutarnje-prostore","22":"product_cat-uredi","23":"berocket_brand-andreu-world","25":"first","26":"instock","27":"product-type-grouped"},"acf":[],"_links":{"self":[{"href":"https:\/\/cernelic.hr\/en\/wp-json\/wp\/v2\/product\/92206","targetHints":{"allow":["GET"]}}],"collection":[{"href":"https:\/\/cernelic.hr\/en\/wp-json\/wp\/v2\/product"}],"about":[{"href":"https:\/\/cernelic.hr\/en\/wp-json\/wp\/v2\/types\/product"}],"wp:featuredmedia":[{"embeddable":true,"href":"https:\/\/cernelic.hr\/en\/wp-json\/wp\/v2\/media\/41266"}],"wp:attachment":[{"href":"https:\/\/cernelic.hr\/en\/wp-json\/wp\/v2\/media?parent=92206"}],"wp:term":[{"taxonomy":"product_brand","embeddable":true,"href":"https:\/\/cernelic.hr\/en\/wp-json\/wp\/v2\/product_brand?post=92206"},{"taxonomy":"product_cat","embeddable":true,"href":"https:\/\/cernelic.hr\/en\/wp-json\/wp\/v2\/product_cat?post=92206"},{"taxonomy":"product_tag","embeddable":true,"href":"https:\/\/cernelic.hr\/en\/wp-json\/wp\/v2\/product_tag?post=92206"},{"taxonomy":"berocket_brand","embeddable":true,"href":"https:\/\/cernelic.hr\/en\/wp-json\/wp\/v2\/berocket_brand?post=92206"}],"curies":[{"name":"wp","href":"https:\/\/api.w.org\/{rel}","templated":true}]}}