{"id":92207,"date":"2021-03-19T12:14:59","date_gmt":"2021-03-19T12:14:59","guid":{"rendered":"https:\/\/cernelic.hr\/katalog\/Bez%20kategorije\/ronda-outdoor-by-andreu-world\/"},"modified":"2023-12-08T06:12:27","modified_gmt":"2023-12-08T06:12:27","slug":"ronda-outdoor-by-andreu-world","status":"publish","type":"product","link":"https:\/\/cernelic.hr\/en\/proizvod\/ronda-outdoor-by-andreu-world\/","title":{"rendered":"RONDA OUTDOOR by Andreu World"},"content":{"rendered":"<p><span data-sheets-value=\"{&quot;1&quot;:2,&quot;2&quot;:&quot;Mek i organski oblik \u201eRonde\u201c savr\u0161en je za outdoor projekte. Primjerci su posebno tretirani kako bi metalna postolja bez problema izdr\u017eala svaku klimatsku surovost. Uklonjivi jastuci tako\u0111er su pro\u0161li pripremu za vanjsko kori\u0161tenje s tehnolo\u0161kim tkaninama otpornim na vodu i svjetlo. Postolja \u2013 s plo\u0161nim nogama ili s \u010detiri metalne noge dostupna su u bijeloj ili zemljano-sme\u0111oj boji. Ukratko, bezvremenski dizajn namje\u0161taja za terasu koji se lako integrira u razne stilove ure\u0111enja prostora; za opremanje kafi\u0107a, opremanje ku\u0107a ili opremanje restorana.&quot;}\" data-sheets-userformat=\"{&quot;2&quot;:14721,&quot;3&quot;:{&quot;1&quot;:0,&quot;3&quot;:1},&quot;10&quot;:0,&quot;11&quot;:4,&quot;14&quot;:{&quot;1&quot;:3,&quot;3&quot;:1},&quot;15&quot;:&quot;Calibri&quot;,&quot;16&quot;:11}\">Mek i organski oblik \u201eRonde\u201c savr\u0161en je za outdoor projekte. Primjerci su posebno tretirani kako bi metalna postolja bez problema izdr\u017eala svaku klimatsku surovost. Uklonjivi jastuci tako\u0111er su pro\u0161li pripremu za vanjsko kori\u0161tenje s tehnolo\u0161kim tkaninama otpornim na vodu i svjetlo. Postolja \u2013 s plo\u0161nim nogama ili s \u010detiri metalne noge dostupna su u bijeloj ili zemljano-sme\u0111oj boji. Ukratko, bezvremenski dizajn namje\u0161taja za terasu koji se lako integrira u razne stilove ure\u0111enja prostora; za opremanje kafi\u0107a, opremanje ku\u0107a ili opremanje restorana.<\/span><\/p>\n","protected":false},"excerpt":{"rendered":"<p>Mek i organski oblik \u201eRonde\u201c savr\u0161en je za outdoor projekte. Primjerci su posebno tretirani kako bi metalna postolja bez problema izdr\u017eala svaku klimatsku surovost. Uklonjivi jastuci tako\u0111er su pro\u0161li pripremu za vanjsko kori\u0161tenje s tehnolo\u0161kim tkaninama otpornim na vodu i svjetlo. Postolja \u2013 s plo\u0161nim nogama ili s \u010detiri metalne noge dostupna su u bijeloj [&hellip;]<\/p>\n","protected":false},"featured_media":113649,"template":"","meta":{"_acf_changed":false},"product_brand":[],"product_cat":[2105,2513,2061,2068,2070,2125,2080,2075,2073,2087,2124],"product_tag":[],"berocket_brand":[518],"class_list":{"0":"post-92207","1":"product","2":"type-product","3":"status-publish","4":"has-post-thumbnail","6":"product_cat-javni","7":"product_cat-outdoor","8":"product_cat-proizvodi","9":"product_cat-prostori","10":"product_cat-prostori-horeca-stolice-za-vanjske-prostore","11":"product_cat-prostori-javni-stolice-za-vanjske-prostore","12":"product_cat-prostori-outdoor-stolice-za-vanjske-prostore","13":"product_cat-prostori-rezidencijalni-stolice-za-vanjske-prostore","14":"product_cat-rezidencijalni","15":"product_cat-stolice","16":"product_cat-proizvodi-stolice-stolice-za-vanjske-prostore","17":"berocket_brand-andreu-world","19":"first","20":"instock","21":"product-type-grouped"},"acf":[],"_links":{"self":[{"href":"https:\/\/cernelic.hr\/en\/wp-json\/wp\/v2\/product\/92207","targetHints":{"allow":["GET"]}}],"collection":[{"href":"https:\/\/cernelic.hr\/en\/wp-json\/wp\/v2\/product"}],"about":[{"href":"https:\/\/cernelic.hr\/en\/wp-json\/wp\/v2\/types\/product"}],"wp:featuredmedia":[{"embeddable":true,"href":"https:\/\/cernelic.hr\/en\/wp-json\/wp\/v2\/media\/113649"}],"wp:attachment":[{"href":"https:\/\/cernelic.hr\/en\/wp-json\/wp\/v2\/media?parent=92207"}],"wp:term":[{"taxonomy":"product_brand","embeddable":true,"href":"https:\/\/cernelic.hr\/en\/wp-json\/wp\/v2\/product_brand?post=92207"},{"taxonomy":"product_cat","embeddable":true,"href":"https:\/\/cernelic.hr\/en\/wp-json\/wp\/v2\/product_cat?post=92207"},{"taxonomy":"product_tag","embeddable":true,"href":"https:\/\/cernelic.hr\/en\/wp-json\/wp\/v2\/product_tag?post=92207"},{"taxonomy":"berocket_brand","embeddable":true,"href":"https:\/\/cernelic.hr\/en\/wp-json\/wp\/v2\/berocket_brand?post=92207"}],"curies":[{"name":"wp","href":"https:\/\/api.w.org\/{rel}","templated":true}]}}