{"id":92208,"date":"2021-03-19T12:14:59","date_gmt":"2021-03-19T12:14:59","guid":{"rendered":"https:\/\/cernelic.hr\/katalog\/Bez%20kategorije\/ruta-table-by-andreu-world-2\/"},"modified":"2023-12-08T06:12:29","modified_gmt":"2023-12-08T06:12:29","slug":"ruta-table-by-andreu-world","status":"publish","type":"product","link":"https:\/\/cernelic.hr\/en\/proizvod\/ruta-table-by-andreu-world\/","title":{"rendered":"RUTA TABLE by Andreu World"},"content":{"rendered":"<p><span data-sheets-value=\"{&quot;1&quot;:2,&quot;2&quot;:&quot;Ova serija niskih stolova temelji se na idejama \u201eRuta\u201c trosjeda i naslonja\u010da. Njihov karakteristi\u010dni ovalni \u010deli\u010dni okvir pojavljuje se na povr\u0161ini stolova kao element intarzije, detalj koji podsje\u0107a na proizvodnju ormari\u0107a, a to povezuje s na\u0161im iskustvom u radu s drvom i plemenitim materijalima. Lagan i vrlo prakti\u010dan, pogodan za nisko sjedenje.  \u201eRuta\u201c stolovi vrlo su prilagodljivi zahvaljuju\u0107i tri mogu\u0107e zavr\u0161ne obrade okvira \u2013 kromirana, crna i bijela \u2013 i \u0161irokog raspona materijala za vrhove, koji uklju\u010duju dimljeno staklo, hrastovinu, lakirano drvo i mramor. Dostupan je u \u010detiri razli\u010dita promjera i tri visine.&quot;}\" data-sheets-userformat=\"{&quot;2&quot;:14721,&quot;3&quot;:{&quot;1&quot;:0,&quot;3&quot;:1},&quot;10&quot;:0,&quot;11&quot;:4,&quot;14&quot;:{&quot;1&quot;:3,&quot;3&quot;:1},&quot;15&quot;:&quot;Calibri&quot;,&quot;16&quot;:11}\">Ova serija niskih stolova temelji se na idejama \u201eRuta\u201c trosjeda i naslonja\u010da. Njihov karakteristi\u010dni ovalni \u010deli\u010dni okvir pojavljuje se na povr\u0161ini stolova kao element intarzije, detalj koji podsje\u0107a na proizvodnju ormari\u0107a, a to povezuje s na\u0161im iskustvom u radu s drvom i plemenitim materijalima. Lagan i vrlo prakti\u010dan, pogodan za nisko sjedenje. \u201eRuta\u201c stolovi vrlo su prilagodljivi zahvaljuju\u0107i tri mogu\u0107e zavr\u0161ne obrade okvira \u2013 kromirana, crna i bijela \u2013 i \u0161irokog raspona materijala za vrhove, koji uklju\u010duju dimljeno staklo, hrastovinu, lakirano drvo i mramor. Dostupan je u \u010detiri razli\u010dita promjera i tri visine.<\/span><\/p>\n","protected":false},"excerpt":{"rendered":"<p>Ova serija niskih stolova temelji se na idejama \u201eRuta\u201c trosjeda i naslonja\u010da. Njihov karakteristi\u010dni ovalni \u010deli\u010dni okvir pojavljuje se na povr\u0161ini stolova kao element intarzije, detalj koji podsje\u0107a na proizvodnju ormari\u0107a, a to povezuje s na\u0161im iskustvom u radu s drvom i plemenitim materijalima. Lagan i vrlo prakti\u010dan, pogodan za nisko sjedenje. \u201eRuta\u201c stolovi vrlo [&hellip;]<\/p>\n","protected":false},"featured_media":113650,"template":"","meta":{"_acf_changed":false},"product_brand":[],"product_cat":[2105,2119,2061,2068,2138,2140,2139,2073,2118,2135],"product_tag":[],"berocket_brand":[518],"class_list":{"0":"post-92208","1":"product","2":"type-product","3":"status-publish","4":"has-post-thumbnail","6":"product_cat-javni","7":"product_cat-proizvodi-stolovi-niski-stolovi-za-unutarnje-prostore","8":"product_cat-proizvodi","9":"product_cat-prostori","10":"product_cat-prostori-horeca-stolovi-za-unutarnje-prostore","11":"product_cat-prostori-javni-stolovi-za-unutarnje-prostore","12":"product_cat-prostori-rezidencijalni-stolovi-za-unutarnje-prostore","13":"product_cat-rezidencijalni","14":"product_cat-stolovi","15":"product_cat-proizvodi-stolovi-stolovi-za-unutarnje-prostore","16":"berocket_brand-andreu-world","18":"first","19":"instock","20":"product-type-grouped"},"acf":[],"_links":{"self":[{"href":"https:\/\/cernelic.hr\/en\/wp-json\/wp\/v2\/product\/92208","targetHints":{"allow":["GET"]}}],"collection":[{"href":"https:\/\/cernelic.hr\/en\/wp-json\/wp\/v2\/product"}],"about":[{"href":"https:\/\/cernelic.hr\/en\/wp-json\/wp\/v2\/types\/product"}],"wp:featuredmedia":[{"embeddable":true,"href":"https:\/\/cernelic.hr\/en\/wp-json\/wp\/v2\/media\/113650"}],"wp:attachment":[{"href":"https:\/\/cernelic.hr\/en\/wp-json\/wp\/v2\/media?parent=92208"}],"wp:term":[{"taxonomy":"product_brand","embeddable":true,"href":"https:\/\/cernelic.hr\/en\/wp-json\/wp\/v2\/product_brand?post=92208"},{"taxonomy":"product_cat","embeddable":true,"href":"https:\/\/cernelic.hr\/en\/wp-json\/wp\/v2\/product_cat?post=92208"},{"taxonomy":"product_tag","embeddable":true,"href":"https:\/\/cernelic.hr\/en\/wp-json\/wp\/v2\/product_tag?post=92208"},{"taxonomy":"berocket_brand","embeddable":true,"href":"https:\/\/cernelic.hr\/en\/wp-json\/wp\/v2\/berocket_brand?post=92208"}],"curies":[{"name":"wp","href":"https:\/\/api.w.org\/{rel}","templated":true}]}}