{"id":92209,"date":"2021-03-19T12:14:59","date_gmt":"2021-03-19T12:14:59","guid":{"rendered":"https:\/\/cernelic.hr\/katalog\/Bez%20kategorije\/sail-by-andreu-world\/"},"modified":"2023-12-07T15:53:02","modified_gmt":"2023-12-07T15:53:02","slug":"sail-by-andreu-world","status":"publish","type":"product","link":"https:\/\/cernelic.hr\/en\/proizvod\/sail-by-andreu-world\/","title":{"rendered":"SAIL by Andreu World"},"content":{"rendered":"<p><span data-sheets-value=\"{&quot;1&quot;:2,&quot;2&quot;:&quot;Tehnologija je dosegla svoju najvi\u0161u kvalitetu u proizvodnji \u201eSaila\u201c, \u201eSail Wooda\u201c i \u201eSail Leathera\u201c. Rezultat je lagana ali strukturalno sna\u017ena stolica koja je istovremeno udobna i funkcionalna. \u201eSail\u201c proizlazi iz \u017eelje Piergiorgia and Michela Cazzaniga da oblikuju paradigmati\u010dnu stolicu, savr\u0161enu kombinaciju svestranosti, \u010dvrstine i elegancije u naoko jednostavnom obliku. Lagani nagib naslona tvori kontrast i komplementira sjedalo i noge, kao da ga je usmjerio lagani povjetarac. Esencijalna kvaliteta dizajna ne nestaje u nijednoj verziji, bez obzira na kori\u0161teni materijal ili presvlaku. \u201eSail\u201c je dostupna u tri verzije: termo-polimer, \u010dvrsta hrastovina i presvlaka od cuero ko\u017ee. Jedanaest razli\u010ditih zavr\u0161nih obrada sada su dostupne za ko\u017enu \u201eSail\u201c kolekciju kako bi komplementirala svakom dizajnu interijera. Novi dodaci dramati\u010dno pro\u0161iruju prilagodljivost stolice prepoznate zbog svog ikoni\u010dnog oblika i elegantne materijalnosti. \u201eSail Leather\u201c nagla\u0161ava kontinuitet povr\u0161ine u finoj ko\u017ei i zavr\u0161etku \u0161avovima isti\u010du\u0107i pa\u017eljiv dizajn i lako\u0107u ovog modela idealnih za opremanje restorana ili kafi\u0107a.&quot;}\" data-sheets-userformat=\"{&quot;2&quot;:14721,&quot;3&quot;:{&quot;1&quot;:0,&quot;3&quot;:1},&quot;10&quot;:0,&quot;11&quot;:4,&quot;14&quot;:{&quot;1&quot;:3,&quot;3&quot;:1},&quot;15&quot;:&quot;Calibri&quot;,&quot;16&quot;:11}\">Tehnologija je dosegla svoju najvi\u0161u kvalitetu u proizvodnji \u201eSaila\u201c, \u201eSail Wooda\u201c i \u201eSail Leathera\u201c. Rezultat je lagana ali strukturalno sna\u017ena stolica koja je istovremeno udobna i funkcionalna. \u201eSail\u201c proizlazi iz \u017eelje Piergiorgia and Michela Cazzaniga da oblikuju paradigmati\u010dnu stolicu, savr\u0161enu kombinaciju svestranosti, \u010dvrstine i elegancije u naoko jednostavnom obliku. Lagani nagib naslona tvori kontrast i komplementira sjedalo i noge, kao da ga je usmjerio lagani povjetarac. Esencijalna kvaliteta dizajna ne nestaje u nijednoj verziji, bez obzira na kori\u0161teni materijal ili presvlaku. \u201eSail\u201c je dostupna u tri verzije: termo-polimer, \u010dvrsta hrastovina i presvlaka od cuero ko\u017ee. Jedanaest razli\u010ditih zavr\u0161nih obrada sada su dostupne za ko\u017enu \u201eSail\u201c kolekciju kako bi komplementirala svakom dizajnu interijera. Novi dodaci dramati\u010dno pro\u0161iruju prilagodljivost stolice prepoznate zbog svog ikoni\u010dnog oblika i elegantne materijalnosti. \u201eSail Leather\u201c nagla\u0161ava kontinuitet povr\u0161ine u finoj ko\u017ei i zavr\u0161etku \u0161avovima isti\u010du\u0107i pa\u017eljiv dizajn i lako\u0107u ovog modela idealnih za opremanje restorana ili kafi\u0107a.<\/span><\/p>\n","protected":false},"excerpt":{"rendered":"<p>Tehnologija je dosegla svoju najvi\u0161u kvalitetu u proizvodnji \u201eSaila\u201c, \u201eSail Wooda\u201c i \u201eSail Leathera\u201c. Rezultat je lagana ali strukturalno sna\u017ena stolica koja je istovremeno udobna i funkcionalna. \u201eSail\u201c proizlazi iz \u017eelje Piergiorgia and Michela Cazzaniga da oblikuju paradigmati\u010dnu stolicu, savr\u0161enu kombinaciju svestranosti, \u010dvrstine i elegancije u naoko jednostavnom obliku. Lagani nagib naslona tvori kontrast i [&hellip;]<\/p>\n","protected":false},"featured_media":41268,"template":"","meta":{"_acf_changed":false},"product_brand":[],"product_cat":[2111,2099,2105,2513,2061,2098,2068,2164,2102,2100,2070,2106,2109,2125,2080,2104,2075,2073,2087,2088,2089,2091,2124],"product_tag":[],"berocket_brand":[518],"class_list":{"0":"post-92209","1":"product","2":"type-product","3":"status-publish","4":"has-post-thumbnail","6":"product_cat-dvorane","7":"product_cat-horeca-prostori-horeca","8":"product_cat-javni","9":"product_cat-outdoor","10":"product_cat-proizvodi","11":"product_cat-prostori-horeca","12":"product_cat-prostori","13":"product_cat-prostori-dvorane-visenamjenske-i-pomicne-sjedalice-za-dvorane","14":"product_cat-prostori-horeca-stolice-za-kongresne-dvorane","15":"product_cat-prostori-horeca-stolice-za-unutarnje-prostore","16":"product_cat-prostori-horeca-stolice-za-vanjske-prostore","17":"product_cat-prostori-javni-kongresne-stolice","18":"product_cat-prostori-javni-stolice-za-unutarnje-prostore","19":"product_cat-prostori-javni-stolice-za-vanjske-prostore","20":"product_cat-prostori-outdoor-stolice-za-vanjske-prostore","21":"product_cat-prostori-rezidencijalni-stolice-za-unutarnje-prostore","22":"product_cat-prostori-rezidencijalni-stolice-za-vanjske-prostore","23":"product_cat-rezidencijalni","24":"product_cat-stolice","25":"product_cat-proizvodi-stolice-stolice-za-cekaonice","26":"product_cat-proizvodi-stolice-stolice-za-kongresne-dvorane","27":"product_cat-proizvodi-stolice-stolice-za-unutarnje-prostore","28":"product_cat-proizvodi-stolice-stolice-za-vanjske-prostore","29":"berocket_brand-andreu-world","31":"first","32":"instock","33":"product-type-grouped"},"acf":[],"_links":{"self":[{"href":"https:\/\/cernelic.hr\/en\/wp-json\/wp\/v2\/product\/92209","targetHints":{"allow":["GET"]}}],"collection":[{"href":"https:\/\/cernelic.hr\/en\/wp-json\/wp\/v2\/product"}],"about":[{"href":"https:\/\/cernelic.hr\/en\/wp-json\/wp\/v2\/types\/product"}],"wp:featuredmedia":[{"embeddable":true,"href":"https:\/\/cernelic.hr\/en\/wp-json\/wp\/v2\/media\/41268"}],"wp:attachment":[{"href":"https:\/\/cernelic.hr\/en\/wp-json\/wp\/v2\/media?parent=92209"}],"wp:term":[{"taxonomy":"product_brand","embeddable":true,"href":"https:\/\/cernelic.hr\/en\/wp-json\/wp\/v2\/product_brand?post=92209"},{"taxonomy":"product_cat","embeddable":true,"href":"https:\/\/cernelic.hr\/en\/wp-json\/wp\/v2\/product_cat?post=92209"},{"taxonomy":"product_tag","embeddable":true,"href":"https:\/\/cernelic.hr\/en\/wp-json\/wp\/v2\/product_tag?post=92209"},{"taxonomy":"berocket_brand","embeddable":true,"href":"https:\/\/cernelic.hr\/en\/wp-json\/wp\/v2\/berocket_brand?post=92209"}],"curies":[{"name":"wp","href":"https:\/\/api.w.org\/{rel}","templated":true}]}}