{"id":92210,"date":"2021-03-19T12:14:59","date_gmt":"2021-03-19T12:14:59","guid":{"rendered":"https:\/\/cernelic.hr\/katalog\/Bez%20kategorije\/sand-outdoor-by-andreu-world-2\/"},"modified":"2023-12-07T15:53:06","modified_gmt":"2023-12-07T15:53:06","slug":"sand-outdoor-by-andreu-world","status":"publish","type":"product","link":"https:\/\/cernelic.hr\/en\/proizvod\/sand-outdoor-by-andreu-world\/","title":{"rendered":"SAND OUTDOOR by Andreu World"},"content":{"rendered":"<p><span data-sheets-value=\"{&quot;1&quot;:2,&quot;2&quot;:&quot;Andreu World \u201eSand\u201c atraktivna linija tapeciranog namje\u0161taja za terasu izra\u0111ena je od EPL-5 tretiranog \u010deli\u010dnog okvira s bijelom ili zemljano-sme\u0111om zavr\u0161nom obradom. Garniture za sjedenje kompletne su kad se uklju\u010di bijeli ili zemljano-sme\u0111i stoli\u0107 za kavu s kerami\u010dkom povr\u0161inom.&quot;}\" data-sheets-userformat=\"{&quot;2&quot;:14721,&quot;3&quot;:{&quot;1&quot;:0,&quot;3&quot;:1},&quot;10&quot;:0,&quot;11&quot;:4,&quot;14&quot;:{&quot;1&quot;:3,&quot;3&quot;:1},&quot;15&quot;:&quot;Calibri&quot;,&quot;16&quot;:11}\">Andreu World \u201eSand\u201c atraktivna linija tapeciranog namje\u0161taja za terasu izra\u0111ena je od EPL-5 tretiranog \u010deli\u010dnog okvira s bijelom ili zemljano-sme\u0111om zavr\u0161nom obradom. Garniture za sjedenje kompletne su kad se uklju\u010di bijeli ili zemljano-sme\u0111i stoli\u0107 za kavu s kerami\u010dkom povr\u0161inom.<\/span><\/p>\n","protected":false},"excerpt":{"rendered":"<p>Andreu World \u201eSand\u201c atraktivna linija tapeciranog namje\u0161taja za terasu izra\u0111ena je od EPL-5 tretiranog \u010deli\u010dnog okvira s bijelom ili zemljano-sme\u0111om zavr\u0161nom obradom. Garniture za sjedenje kompletne su kad se uklju\u010di bijeli ili zemljano-sme\u0111i stoli\u0107 za kavu s kerami\u010dkom povr\u0161inom.<\/p>\n","protected":false},"featured_media":41270,"template":"","meta":{"_acf_changed":false},"product_brand":[],"product_cat":[2111,2062,2105,2513,2061,2066,2068,2112,2071,2141,2079,2074,2073],"product_tag":[],"berocket_brand":[518],"class_list":{"0":"post-92210","1":"product","2":"type-product","3":"status-publish","4":"has-post-thumbnail","6":"product_cat-dvorane","7":"product_cat-fotelje-i-garniture-za-sjedenje","8":"product_cat-javni","9":"product_cat-outdoor","10":"product_cat-proizvodi","11":"product_cat-proizvodi-fotelje-garniture-fotelje-i-garniture-za-vanjske-prostore","12":"product_cat-prostori","13":"product_cat-prostori-dvorane-fotelje-i-garniture-za-vanjske-prostore","14":"product_cat-prostori-horeca-fotelje-i-garniture-za-vanjske-prostore","15":"product_cat-prostori-javni-fotelje-i-garniture-za-vanjske-prostore","16":"product_cat-prostori-outdoor-fotelje-i-garniture-za-vanjske-prostore","17":"product_cat-prostori-rezidencijalni-fotelje-i-garniture-za-vanjske-prostore","18":"product_cat-rezidencijalni","19":"berocket_brand-andreu-world","21":"first","22":"instock","23":"product-type-grouped"},"acf":[],"_links":{"self":[{"href":"https:\/\/cernelic.hr\/en\/wp-json\/wp\/v2\/product\/92210","targetHints":{"allow":["GET"]}}],"collection":[{"href":"https:\/\/cernelic.hr\/en\/wp-json\/wp\/v2\/product"}],"about":[{"href":"https:\/\/cernelic.hr\/en\/wp-json\/wp\/v2\/types\/product"}],"wp:featuredmedia":[{"embeddable":true,"href":"https:\/\/cernelic.hr\/en\/wp-json\/wp\/v2\/media\/41270"}],"wp:attachment":[{"href":"https:\/\/cernelic.hr\/en\/wp-json\/wp\/v2\/media?parent=92210"}],"wp:term":[{"taxonomy":"product_brand","embeddable":true,"href":"https:\/\/cernelic.hr\/en\/wp-json\/wp\/v2\/product_brand?post=92210"},{"taxonomy":"product_cat","embeddable":true,"href":"https:\/\/cernelic.hr\/en\/wp-json\/wp\/v2\/product_cat?post=92210"},{"taxonomy":"product_tag","embeddable":true,"href":"https:\/\/cernelic.hr\/en\/wp-json\/wp\/v2\/product_tag?post=92210"},{"taxonomy":"berocket_brand","embeddable":true,"href":"https:\/\/cernelic.hr\/en\/wp-json\/wp\/v2\/berocket_brand?post=92210"}],"curies":[{"name":"wp","href":"https:\/\/api.w.org\/{rel}","templated":true}]}}