{"id":92211,"date":"2021-03-19T12:14:59","date_gmt":"2021-03-19T12:14:59","guid":{"rendered":"https:\/\/cernelic.hr\/katalog\/Bez%20kategorije\/sand-table-by-andreu-world-2\/"},"modified":"2023-12-08T04:12:02","modified_gmt":"2023-12-08T04:12:02","slug":"sand-table-by-andreu-world","status":"publish","type":"product","link":"https:\/\/cernelic.hr\/en\/proizvod\/sand-table-by-andreu-world\/","title":{"rendered":"SAND TABLE by Andreu World"},"content":{"rendered":"<p>\u201eSand\u201c stolovi za vanjsku upotrebu posjeduju \u010deli\u010dni okvir i kerami\u010dku povr\u0161inu. EPL-5 tretman primijenjen je na \u010deli\u010dni okvir kako bi mogao izdr\u017eati razli\u010dite vremenske uvjete, garantiraju\u0107i njegovu izdr\u017eljivost u svim outdoor primjenama. Stol za nisko sjedenje dostupan je u kvadratnom ili pravokutnom obliku, a okvir mo\u017ee biti bijel ili zemljano-sme\u0111, s dekorativnim kerami\u010dkim vrhom u zemljano-sme\u0111oj, pje\u0161\u010dano-sivoj ili boji sivog kamena.<\/p>\n","protected":false},"excerpt":{"rendered":"<p>\u201eSand\u201c stolovi za vanjsku upotrebu posjeduju \u010deli\u010dni okvir i kerami\u010dku povr\u0161inu. EPL-5 tretman primijenjen je na \u010deli\u010dni okvir kako bi mogao izdr\u017eati razli\u010dite vremenske uvjete, garantiraju\u0107i njegovu izdr\u017eljivost u svim outdoor primjenama. Stol za nisko sjedenje dostupan je u kvadratnom ili pravokutnom obliku, a okvir mo\u017ee biti bijel ili zemljano-sme\u0111, s dekorativnim kerami\u010dkim vrhom u [&hellip;]<\/p>\n","protected":false},"featured_media":109369,"template":"","meta":{"_acf_changed":false},"product_brand":[],"product_cat":[2105,2142,2061,2068,2144,2147,2146,2145,2073,2118,2143],"product_tag":[],"berocket_brand":[518],"class_list":{"0":"post-92211","1":"product","2":"type-product","3":"status-publish","4":"has-post-thumbnail","6":"product_cat-javni","7":"product_cat-proizvodi-stolovi-niski-stolovi-vanjske-prostore","8":"product_cat-proizvodi","9":"product_cat-prostori","10":"product_cat-prostori-horeca-stolovi-za-vanjske-prostore","11":"product_cat-prostori-javni-stolovi-za-vanjske-prostore","12":"product_cat-prostori-rezidencijalni-niski-klubski-stolici-za-vanjske-prostore","13":"product_cat-prostori-rezidencijalni-stolovi-za-vanjske-prostore","14":"product_cat-rezidencijalni","15":"product_cat-stolovi","16":"product_cat-proizvodi-stolovi-stolovi-za-vanjske-prostore","17":"berocket_brand-andreu-world","19":"first","20":"instock","21":"product-type-grouped"},"acf":[],"_links":{"self":[{"href":"https:\/\/cernelic.hr\/en\/wp-json\/wp\/v2\/product\/92211","targetHints":{"allow":["GET"]}}],"collection":[{"href":"https:\/\/cernelic.hr\/en\/wp-json\/wp\/v2\/product"}],"about":[{"href":"https:\/\/cernelic.hr\/en\/wp-json\/wp\/v2\/types\/product"}],"wp:featuredmedia":[{"embeddable":true,"href":"https:\/\/cernelic.hr\/en\/wp-json\/wp\/v2\/media\/109369"}],"wp:attachment":[{"href":"https:\/\/cernelic.hr\/en\/wp-json\/wp\/v2\/media?parent=92211"}],"wp:term":[{"taxonomy":"product_brand","embeddable":true,"href":"https:\/\/cernelic.hr\/en\/wp-json\/wp\/v2\/product_brand?post=92211"},{"taxonomy":"product_cat","embeddable":true,"href":"https:\/\/cernelic.hr\/en\/wp-json\/wp\/v2\/product_cat?post=92211"},{"taxonomy":"product_tag","embeddable":true,"href":"https:\/\/cernelic.hr\/en\/wp-json\/wp\/v2\/product_tag?post=92211"},{"taxonomy":"berocket_brand","embeddable":true,"href":"https:\/\/cernelic.hr\/en\/wp-json\/wp\/v2\/berocket_brand?post=92211"}],"curies":[{"name":"wp","href":"https:\/\/api.w.org\/{rel}","templated":true}]}}