{"id":92212,"date":"2021-03-19T12:14:59","date_gmt":"2021-03-19T12:14:59","guid":{"rendered":"https:\/\/cernelic.hr\/katalog\/Bez%20kategorije\/serena-by-andreu-world-2\/"},"modified":"2023-12-07T15:53:09","modified_gmt":"2023-12-07T15:53:09","slug":"serena-by-andreu-world","status":"publish","type":"product","link":"https:\/\/cernelic.hr\/en\/proizvod\/serena-by-andreu-world\/","title":{"rendered":"SERENA by Andreu World"},"content":{"rendered":"<p><span data-sheets-value=\"{&quot;1&quot;:2,&quot;2&quot;:&quot;Serena je kolekcija koju karakterizira elegancija, poseban dizajn, lako\u0107a i suvremena estetika koja se lako uklapa u svako ure\u0111enje vila ili ure\u0111enje hotela. Kolekcija sadr\u017ei verzije stolice i naslonja\u010da s tapeciranim sjedalom i naslonom i verzije salonske stolice sa ili bez naslona za ruke, dostupne s dvije razli\u010dite visine naslona za le\u0111a. Sve ove verzije izra\u0111ene su s okvirom od \u010dvrste hrastovine.&quot;}\" data-sheets-userformat=\"{&quot;2&quot;:14721,&quot;3&quot;:{&quot;1&quot;:0,&quot;3&quot;:1},&quot;10&quot;:0,&quot;11&quot;:4,&quot;14&quot;:{&quot;1&quot;:3,&quot;3&quot;:1},&quot;15&quot;:&quot;Calibri&quot;,&quot;16&quot;:11}\">Serena je kolekcija koju karakterizira elegancija, poseban dizajn, lako\u0107a i suvremena estetika koja se lako uklapa u svako ure\u0111enje vila ili ure\u0111enje hotela. Kolekcija sadr\u017ei verzije stolice i naslonja\u010da s tapeciranim sjedalom i naslonom i verzije salonske stolice sa ili bez naslona za ruke, dostupne s dvije razli\u010dite visine naslona za le\u0111a. Sve ove verzije izra\u0111ene su s okvirom od \u010dvrste hrastovine.<\/span><\/p>\n","protected":false},"excerpt":{"rendered":"<p>Serena je kolekcija koju karakterizira elegancija, poseban dizajn, lako\u0107a i suvremena estetika koja se lako uklapa u svako ure\u0111enje vila ili ure\u0111enje hotela. Kolekcija sadr\u017ei verzije stolice i naslonja\u010da s tapeciranim sjedalom i naslonom i verzije salonske stolice sa ili bez naslona za ruke, dostupne s dvije razli\u010dite visine naslona za le\u0111a. Sve ove verzije [&hellip;]<\/p>\n","protected":false},"featured_media":41272,"template":"","meta":{"_acf_changed":false},"product_brand":[],"product_cat":[2111,2062,2099,2105,2061,2082,2068,2098,2117,2101,2100,2108,2109,2103,2104,2094,2073,2087,2091,2092],"product_tag":[],"berocket_brand":[518],"class_list":{"0":"post-92212","1":"product","2":"type-product","3":"status-publish","4":"has-post-thumbnail","6":"product_cat-dvorane","7":"product_cat-fotelje-i-garniture-za-sjedenje","8":"product_cat-horeca-prostori-horeca","9":"product_cat-javni","10":"product_cat-proizvodi","11":"product_cat-proizvodi-fotelje-garniture-fotelje-i-garniture-unutarnje-prostore","12":"product_cat-prostori","13":"product_cat-prostori-horeca","14":"product_cat-prostori-dvorane-fotelje-i-garniture-za-unutarnje-prostore","15":"product_cat-prostori-horeca-fotelje-i-garniture-za-unutarnje-prostore","16":"product_cat-prostori-horeca-stolice-za-unutarnje-prostore","17":"product_cat-prostori-javni-fotelje-i-garniture-za-unutarnje-prostore","18":"product_cat-prostori-javni-stolice-za-unutarnje-prostore","19":"product_cat-prostori-rezidencijalni-fotelje-i-garniture-za-unutarnje-prostore","20":"product_cat-prostori-rezidencijalni-stolice-za-unutarnje-prostore","21":"product_cat-prostori-uredi-fotelje-i-garniture-za-sjedenje","22":"product_cat-rezidencijalni","23":"product_cat-stolice","24":"product_cat-proizvodi-stolice-stolice-za-unutarnje-prostore","25":"product_cat-uredi","26":"berocket_brand-andreu-world","28":"first","29":"instock","30":"product-type-grouped"},"acf":[],"_links":{"self":[{"href":"https:\/\/cernelic.hr\/en\/wp-json\/wp\/v2\/product\/92212","targetHints":{"allow":["GET"]}}],"collection":[{"href":"https:\/\/cernelic.hr\/en\/wp-json\/wp\/v2\/product"}],"about":[{"href":"https:\/\/cernelic.hr\/en\/wp-json\/wp\/v2\/types\/product"}],"wp:featuredmedia":[{"embeddable":true,"href":"https:\/\/cernelic.hr\/en\/wp-json\/wp\/v2\/media\/41272"}],"wp:attachment":[{"href":"https:\/\/cernelic.hr\/en\/wp-json\/wp\/v2\/media?parent=92212"}],"wp:term":[{"taxonomy":"product_brand","embeddable":true,"href":"https:\/\/cernelic.hr\/en\/wp-json\/wp\/v2\/product_brand?post=92212"},{"taxonomy":"product_cat","embeddable":true,"href":"https:\/\/cernelic.hr\/en\/wp-json\/wp\/v2\/product_cat?post=92212"},{"taxonomy":"product_tag","embeddable":true,"href":"https:\/\/cernelic.hr\/en\/wp-json\/wp\/v2\/product_tag?post=92212"},{"taxonomy":"berocket_brand","embeddable":true,"href":"https:\/\/cernelic.hr\/en\/wp-json\/wp\/v2\/berocket_brand?post=92212"}],"curies":[{"name":"wp","href":"https:\/\/api.w.org\/{rel}","templated":true}]}}