{"id":92213,"date":"2021-03-19T12:14:59","date_gmt":"2021-03-19T12:14:59","guid":{"rendered":"https:\/\/cernelic.hr\/katalog\/Bez%20kategorije\/serena-teak-by-andreu-world-2\/"},"modified":"2024-02-05T14:34:20","modified_gmt":"2024-02-05T14:34:20","slug":"serena-teak-by-andreu-world","status":"publish","type":"product","link":"https:\/\/cernelic.hr\/en\/proizvod\/serena-teak-by-andreu-world\/","title":{"rendered":"SERENA TEAK by Andreu World"},"content":{"rendered":"<p><span data-sheets-value=\"{&quot;1&quot;:2,&quot;2&quot;:&quot;\u201eSerena Teak\u201c namje\u0161taj za terasu koristi tikovinu kao integralni materijal svoje strukture. Zadr\u017eava visoku razinu luksuza zbog svojih posebnih karakteristi\u010dnih pletenih traka te nudi i dodatnu udobnost. \u201eSerena Teak\u201c savr\u0161en je odabir za opremanje ku\u0107a ili za opremanje javnih objekata. Ima skladne proporcije i detalje koji ju \u010dine jedinstvenom, poput izra\u017eenog nagiba naslona koji daje karakter dizajnu profila, pro\u0161irenih plo\u0161nih nogu koje pru\u017eaju veliku stabilnost u javnoj uporabi i stru\u010dne izrade pletenih traka. \u201eSerena\u201c je dostupna u tri verzije: stolica, naslonja\u010d i salonska stolica. Potonja je dostupna s dvije visine naslona za le\u0111a, sa ili bez naslona za ruke. Kolekciju zaokru\u017euje oslonac za noge izra\u0111en od istih materijala.&quot;}\" data-sheets-userformat=\"{&quot;2&quot;:14721,&quot;3&quot;:{&quot;1&quot;:0,&quot;3&quot;:1},&quot;10&quot;:0,&quot;11&quot;:4,&quot;14&quot;:{&quot;1&quot;:3,&quot;3&quot;:1},&quot;15&quot;:&quot;Calibri&quot;,&quot;16&quot;:11}\">\u201eSerena Teak\u201c namje\u0161taj za terasu koristi tikovinu kao integralni materijal svoje strukture. Zadr\u017eava visoku razinu luksuza zbog svojih posebnih karakteristi\u010dnih pletenih traka te nudi i dodatnu udobnost. \u201eSerena Teak\u201c savr\u0161en je odabir za opremanje ku\u0107a ili za opremanje javnih objekata. Ima skladne proporcije i detalje koji ju \u010dine jedinstvenom, poput izra\u017eenog nagiba naslona koji daje karakter dizajnu profila, pro\u0161irenih plo\u0161nih nogu koje pru\u017eaju veliku stabilnost u javnoj uporabi i stru\u010dne izrade pletenih traka. \u201eSerena\u201c je dostupna u tri verzije: stolica, naslonja\u010d i salonska stolica. Potonja je dostupna s dvije visine naslona za le\u0111a, sa ili bez naslona za ruke. Kolekciju zaokru\u017euje oslonac za noge izra\u0111en od istih materijala.<\/span><\/p>\n","protected":false},"excerpt":{"rendered":"<p>\u201eSerena Teak\u201c namje\u0161taj za terasu koristi tikovinu kao integralni materijal svoje strukture. Zadr\u017eava visoku razinu luksuza zbog svojih posebnih karakteristi\u010dnih pletenih traka te nudi i dodatnu udobnost. \u201eSerena Teak\u201c savr\u0161en je odabir za opremanje ku\u0107a ili za opremanje javnih objekata. Ima skladne proporcije i detalje koji ju \u010dine jedinstvenom, poput izra\u017eenog nagiba naslona koji daje [&hellip;]<\/p>\n","protected":false},"featured_media":109364,"template":"","meta":{"_acf_changed":false},"product_brand":[],"product_cat":[2111,2062,2105,2513,2061,2066,2122,2068,2112,2071,2070,2141,2125,2079,2080,2074,2075,2073,2087,2124],"product_tag":[],"berocket_brand":[518],"class_list":{"0":"post-92213","1":"product","2":"type-product","3":"status-publish","4":"has-post-thumbnail","6":"product_cat-dvorane","7":"product_cat-fotelje-i-garniture-za-sjedenje","8":"product_cat-javni","9":"product_cat-outdoor","10":"product_cat-proizvodi","11":"product_cat-proizvodi-fotelje-garniture-fotelje-i-garniture-za-vanjske-prostore","12":"product_cat-proizvodi-fotelje-garniture-taburei","13":"product_cat-prostori","14":"product_cat-prostori-dvorane-fotelje-i-garniture-za-vanjske-prostore","15":"product_cat-prostori-horeca-fotelje-i-garniture-za-vanjske-prostore","16":"product_cat-prostori-horeca-stolice-za-vanjske-prostore","17":"product_cat-prostori-javni-fotelje-i-garniture-za-vanjske-prostore","18":"product_cat-prostori-javni-stolice-za-vanjske-prostore","19":"product_cat-prostori-outdoor-fotelje-i-garniture-za-vanjske-prostore","20":"product_cat-prostori-outdoor-stolice-za-vanjske-prostore","21":"product_cat-prostori-rezidencijalni-fotelje-i-garniture-za-vanjske-prostore","22":"product_cat-prostori-rezidencijalni-stolice-za-vanjske-prostore","23":"product_cat-rezidencijalni","24":"product_cat-stolice","25":"product_cat-proizvodi-stolice-stolice-za-vanjske-prostore","26":"berocket_brand-andreu-world","28":"first","29":"instock","30":"product-type-grouped"},"acf":[],"_links":{"self":[{"href":"https:\/\/cernelic.hr\/en\/wp-json\/wp\/v2\/product\/92213","targetHints":{"allow":["GET"]}}],"collection":[{"href":"https:\/\/cernelic.hr\/en\/wp-json\/wp\/v2\/product"}],"about":[{"href":"https:\/\/cernelic.hr\/en\/wp-json\/wp\/v2\/types\/product"}],"wp:featuredmedia":[{"embeddable":true,"href":"https:\/\/cernelic.hr\/en\/wp-json\/wp\/v2\/media\/109364"}],"wp:attachment":[{"href":"https:\/\/cernelic.hr\/en\/wp-json\/wp\/v2\/media?parent=92213"}],"wp:term":[{"taxonomy":"product_brand","embeddable":true,"href":"https:\/\/cernelic.hr\/en\/wp-json\/wp\/v2\/product_brand?post=92213"},{"taxonomy":"product_cat","embeddable":true,"href":"https:\/\/cernelic.hr\/en\/wp-json\/wp\/v2\/product_cat?post=92213"},{"taxonomy":"product_tag","embeddable":true,"href":"https:\/\/cernelic.hr\/en\/wp-json\/wp\/v2\/product_tag?post=92213"},{"taxonomy":"berocket_brand","embeddable":true,"href":"https:\/\/cernelic.hr\/en\/wp-json\/wp\/v2\/berocket_brand?post=92213"}],"curies":[{"name":"wp","href":"https:\/\/api.w.org\/{rel}","templated":true}]}}