{"id":92215,"date":"2021-03-19T12:14:59","date_gmt":"2021-03-19T12:14:59","guid":{"rendered":"https:\/\/cernelic.hr\/katalog\/Bez%20kategorije\/siesta-outdoor-by-andreu-world-2\/"},"modified":"2023-12-08T04:11:48","modified_gmt":"2023-12-08T04:11:48","slug":"siesta-outdoor-by-andreu-world","status":"publish","type":"product","link":"https:\/\/cernelic.hr\/en\/proizvod\/siesta-outdoor-by-andreu-world\/","title":{"rendered":"SIESTA OUTDOOR by Andreu World"},"content":{"rendered":"<p><span data-sheets-value=\"{&quot;1&quot;:2,&quot;2&quot;:&quot;Modularna \u201eSiesta\u201c garnitura za sjedenje prepoznata je zbog svoje velike udobnosti i prekrasnih proporcija. Posjeduje visoku fleksibilnost koja omogu\u0107uje razli\u010dite kombinacije, uz dodatak pojedina\u010dnog naslonja\u010da. Izra\u0111ena je od EPL-5 tretiranog \u010delika i fini\u0161irana u bijeloj ili zemljano-sme\u0111oj nijasni. Uklonjivi jastuci dostupni su u svim na\u0161im tkaninama za vanjsku i unutarnju upotrebu.&quot;}\" data-sheets-userformat=\"{&quot;2&quot;:14721,&quot;3&quot;:{&quot;1&quot;:0,&quot;3&quot;:1},&quot;10&quot;:0,&quot;11&quot;:4,&quot;14&quot;:{&quot;1&quot;:3,&quot;3&quot;:1},&quot;15&quot;:&quot;Calibri&quot;,&quot;16&quot;:11}\">Modularna \u201eSiesta\u201c garnitura za sjedenje prepoznata je zbog svoje velike udobnosti i prekrasnih proporcija. Posjeduje visoku fleksibilnost koja omogu\u0107uje razli\u010dite kombinacije, uz dodatak pojedina\u010dnog naslonja\u010da. Izra\u0111ena je od EPL-5 tretiranog \u010delika i fini\u0161irana u bijeloj ili zemljano-sme\u0111oj nijasni. Uklonjivi jastuci dostupni su u svim na\u0161im tkaninama za vanjsku i unutarnju upotrebu.<\/span><\/p>\n","protected":false},"excerpt":{"rendered":"<p>Modularna \u201eSiesta\u201c garnitura za sjedenje prepoznata je zbog svoje velike udobnosti i prekrasnih proporcija. Posjeduje visoku fleksibilnost koja omogu\u0107uje razli\u010dite kombinacije, uz dodatak pojedina\u010dnog naslonja\u010da. Izra\u0111ena je od EPL-5 tretiranog \u010delika i fini\u0161irana u bijeloj ili zemljano-sme\u0111oj nijasni. Uklonjivi jastuci dostupni su u svim na\u0161im tkaninama za vanjsku i unutarnju upotrebu.<\/p>\n","protected":false},"featured_media":109363,"template":"","meta":{"_acf_changed":false},"product_brand":[],"product_cat":[2111,2062,2105,2513,2061,2066,2122,2068,2112,2071,2141,2079,2074,2073],"product_tag":[],"berocket_brand":[518],"class_list":{"0":"post-92215","1":"product","2":"type-product","3":"status-publish","4":"has-post-thumbnail","6":"product_cat-dvorane","7":"product_cat-fotelje-i-garniture-za-sjedenje","8":"product_cat-javni","9":"product_cat-outdoor","10":"product_cat-proizvodi","11":"product_cat-proizvodi-fotelje-garniture-fotelje-i-garniture-za-vanjske-prostore","12":"product_cat-proizvodi-fotelje-garniture-taburei","13":"product_cat-prostori","14":"product_cat-prostori-dvorane-fotelje-i-garniture-za-vanjske-prostore","15":"product_cat-prostori-horeca-fotelje-i-garniture-za-vanjske-prostore","16":"product_cat-prostori-javni-fotelje-i-garniture-za-vanjske-prostore","17":"product_cat-prostori-outdoor-fotelje-i-garniture-za-vanjske-prostore","18":"product_cat-prostori-rezidencijalni-fotelje-i-garniture-za-vanjske-prostore","19":"product_cat-rezidencijalni","20":"berocket_brand-andreu-world","22":"first","23":"instock","24":"product-type-grouped"},"acf":[],"_links":{"self":[{"href":"https:\/\/cernelic.hr\/en\/wp-json\/wp\/v2\/product\/92215","targetHints":{"allow":["GET"]}}],"collection":[{"href":"https:\/\/cernelic.hr\/en\/wp-json\/wp\/v2\/product"}],"about":[{"href":"https:\/\/cernelic.hr\/en\/wp-json\/wp\/v2\/types\/product"}],"wp:featuredmedia":[{"embeddable":true,"href":"https:\/\/cernelic.hr\/en\/wp-json\/wp\/v2\/media\/109363"}],"wp:attachment":[{"href":"https:\/\/cernelic.hr\/en\/wp-json\/wp\/v2\/media?parent=92215"}],"wp:term":[{"taxonomy":"product_brand","embeddable":true,"href":"https:\/\/cernelic.hr\/en\/wp-json\/wp\/v2\/product_brand?post=92215"},{"taxonomy":"product_cat","embeddable":true,"href":"https:\/\/cernelic.hr\/en\/wp-json\/wp\/v2\/product_cat?post=92215"},{"taxonomy":"product_tag","embeddable":true,"href":"https:\/\/cernelic.hr\/en\/wp-json\/wp\/v2\/product_tag?post=92215"},{"taxonomy":"berocket_brand","embeddable":true,"href":"https:\/\/cernelic.hr\/en\/wp-json\/wp\/v2\/berocket_brand?post=92215"}],"curies":[{"name":"wp","href":"https:\/\/api.w.org\/{rel}","templated":true}]}}