{"id":92216,"date":"2021-03-19T12:14:59","date_gmt":"2021-03-19T12:14:59","guid":{"rendered":"https:\/\/cernelic.hr\/katalog\/Bez%20kategorije\/siesta-outdoor-table-by-andreu-world-2\/"},"modified":"2023-12-08T06:12:32","modified_gmt":"2023-12-08T06:12:32","slug":"siesta-outdoor-table-by-andreu-world","status":"publish","type":"product","link":"https:\/\/cernelic.hr\/en\/proizvod\/siesta-outdoor-table-by-andreu-world\/","title":{"rendered":"SIESTA OUTDOOR TABLE by Andreu World"},"content":{"rendered":"<p>Nisko sjedenje nikad nije bilo ugodnije uz stoli\u0107 s \u010deli\u010dnim plo\u0161nim postoljem i povr\u0161inom od \u010deli\u010dne plo\u010de s EPL-5 tretmanom koji je dostupan u razli\u010ditim zavr\u0161nim obradama.<\/p>\n","protected":false},"excerpt":{"rendered":"<p>Nisko sjedenje nikad nije bilo ugodnije uz stoli\u0107 s \u010deli\u010dnim plo\u0161nim postoljem i povr\u0161inom od \u010deli\u010dne plo\u010de s EPL-5 tretmanom koji je dostupan u razli\u010ditim zavr\u0161nim obradama.<\/p>\n","protected":false},"featured_media":113651,"template":"","meta":{"_acf_changed":false},"product_brand":[],"product_cat":[2105,2142,2061,2068,2144,2147,2146,2073,2118],"product_tag":[],"berocket_brand":[518],"class_list":{"0":"post-92216","1":"product","2":"type-product","3":"status-publish","4":"has-post-thumbnail","6":"product_cat-javni","7":"product_cat-proizvodi-stolovi-niski-stolovi-vanjske-prostore","8":"product_cat-proizvodi","9":"product_cat-prostori","10":"product_cat-prostori-horeca-stolovi-za-vanjske-prostore","11":"product_cat-prostori-javni-stolovi-za-vanjske-prostore","12":"product_cat-prostori-rezidencijalni-niski-klubski-stolici-za-vanjske-prostore","13":"product_cat-rezidencijalni","14":"product_cat-stolovi","15":"berocket_brand-andreu-world","17":"first","18":"instock","19":"product-type-grouped"},"acf":[],"_links":{"self":[{"href":"https:\/\/cernelic.hr\/en\/wp-json\/wp\/v2\/product\/92216","targetHints":{"allow":["GET"]}}],"collection":[{"href":"https:\/\/cernelic.hr\/en\/wp-json\/wp\/v2\/product"}],"about":[{"href":"https:\/\/cernelic.hr\/en\/wp-json\/wp\/v2\/types\/product"}],"wp:featuredmedia":[{"embeddable":true,"href":"https:\/\/cernelic.hr\/en\/wp-json\/wp\/v2\/media\/113651"}],"wp:attachment":[{"href":"https:\/\/cernelic.hr\/en\/wp-json\/wp\/v2\/media?parent=92216"}],"wp:term":[{"taxonomy":"product_brand","embeddable":true,"href":"https:\/\/cernelic.hr\/en\/wp-json\/wp\/v2\/product_brand?post=92216"},{"taxonomy":"product_cat","embeddable":true,"href":"https:\/\/cernelic.hr\/en\/wp-json\/wp\/v2\/product_cat?post=92216"},{"taxonomy":"product_tag","embeddable":true,"href":"https:\/\/cernelic.hr\/en\/wp-json\/wp\/v2\/product_tag?post=92216"},{"taxonomy":"berocket_brand","embeddable":true,"href":"https:\/\/cernelic.hr\/en\/wp-json\/wp\/v2\/berocket_brand?post=92216"}],"curies":[{"name":"wp","href":"https:\/\/api.w.org\/{rel}","templated":true}]}}