{"id":92217,"date":"2021-03-19T12:14:59","date_gmt":"2021-03-19T12:14:59","guid":{"rendered":"https:\/\/cernelic.hr\/katalog\/Bez%20kategorije\/sistema-sp-by-andreu-world-2\/"},"modified":"2023-12-07T15:53:15","modified_gmt":"2023-12-07T15:53:15","slug":"sistema-sp-by-andreu-world","status":"publish","type":"product","link":"https:\/\/cernelic.hr\/en\/proizvod\/sistema-sp-by-andreu-world\/","title":{"rendered":"SISTEMA SP by Andreu World"},"content":{"rendered":"<p>\u201eSistema SP\u201c stolovi mogu tvoriti razne kombinacije zahvaljuju\u0107i brojnim dostupnim veli\u010dinama, oblicima i visinama. Stolne povr\u0161ine mogu biti kvadratne, okrugle, pravokutne, montirane na \u010detiri bukvine noge s tri mogu\u0107e visine, a rezultat je izdr\u017eljiv i bezvremenski stol. Velika raznolikost duljina i veli\u010dina \u010dine ovu kolekciju idealnim rje\u0161enjem za sve tipove mjesta za sastanke, ureda, javnih prostora i prostora za \u010dekanje. \u201eSistema SP\u201c sastoji se od furnir plo\u010de i rubovima i nogama od \u010dvrstog drva.<\/p>\n","protected":false},"excerpt":{"rendered":"<p>\u201eSistema SP\u201c stolovi mogu tvoriti razne kombinacije zahvaljuju\u0107i brojnim dostupnim veli\u010dinama, oblicima i visinama. Stolne povr\u0161ine mogu biti kvadratne, okrugle, pravokutne, montirane na \u010detiri bukvine noge s tri mogu\u0107e visine, a rezultat je izdr\u017eljiv i bezvremenski stol. Velika raznolikost duljina i veli\u010dina \u010dine ovu kolekciju idealnim rje\u0161enjem za sve tipove mjesta za sastanke, ureda, javnih [&hellip;]<\/p>\n","protected":false},"featured_media":41276,"template":"","meta":{"_acf_changed":false},"product_brand":[],"product_cat":[2105,2119,2061,2068,2138,2140,2139,2073,2118,2133,2135],"product_tag":[],"berocket_brand":[518],"class_list":{"0":"post-92217","1":"product","2":"type-product","3":"status-publish","4":"has-post-thumbnail","6":"product_cat-javni","7":"product_cat-proizvodi-stolovi-niski-stolovi-za-unutarnje-prostore","8":"product_cat-proizvodi","9":"product_cat-prostori","10":"product_cat-prostori-horeca-stolovi-za-unutarnje-prostore","11":"product_cat-prostori-javni-stolovi-za-unutarnje-prostore","12":"product_cat-prostori-rezidencijalni-stolovi-za-unutarnje-prostore","13":"product_cat-rezidencijalni","14":"product_cat-stolovi","15":"product_cat-proizvodi-stolovi-stolovi-za-sastanke-i-konferencije","16":"product_cat-proizvodi-stolovi-stolovi-za-unutarnje-prostore","17":"berocket_brand-andreu-world","19":"first","20":"instock","21":"product-type-grouped"},"acf":[],"_links":{"self":[{"href":"https:\/\/cernelic.hr\/en\/wp-json\/wp\/v2\/product\/92217","targetHints":{"allow":["GET"]}}],"collection":[{"href":"https:\/\/cernelic.hr\/en\/wp-json\/wp\/v2\/product"}],"about":[{"href":"https:\/\/cernelic.hr\/en\/wp-json\/wp\/v2\/types\/product"}],"wp:featuredmedia":[{"embeddable":true,"href":"https:\/\/cernelic.hr\/en\/wp-json\/wp\/v2\/media\/41276"}],"wp:attachment":[{"href":"https:\/\/cernelic.hr\/en\/wp-json\/wp\/v2\/media?parent=92217"}],"wp:term":[{"taxonomy":"product_brand","embeddable":true,"href":"https:\/\/cernelic.hr\/en\/wp-json\/wp\/v2\/product_brand?post=92217"},{"taxonomy":"product_cat","embeddable":true,"href":"https:\/\/cernelic.hr\/en\/wp-json\/wp\/v2\/product_cat?post=92217"},{"taxonomy":"product_tag","embeddable":true,"href":"https:\/\/cernelic.hr\/en\/wp-json\/wp\/v2\/product_tag?post=92217"},{"taxonomy":"berocket_brand","embeddable":true,"href":"https:\/\/cernelic.hr\/en\/wp-json\/wp\/v2\/berocket_brand?post=92217"}],"curies":[{"name":"wp","href":"https:\/\/api.w.org\/{rel}","templated":true}]}}