{"id":92218,"date":"2021-03-19T12:14:59","date_gmt":"2021-03-19T12:14:59","guid":{"rendered":"https:\/\/cernelic.hr\/katalog\/Bez%20kategorije\/sit-by-andreu-world-2\/"},"modified":"2023-12-07T15:53:19","modified_gmt":"2023-12-07T15:53:19","slug":"sit-by-andreu-world","status":"publish","type":"product","link":"https:\/\/cernelic.hr\/en\/proizvod\/sit-by-andreu-world\/","title":{"rendered":"SIT by Andreu World"},"content":{"rendered":"<p>\u201eSit\u201c je kolekcija stolica, naslonja\u010da i stolaca razvijenih s mnogim mogu\u0107nostima u materijalnosti kao i upotrebi u prostorima za okupljanja i ostalim poslovnim primjenama. \u201eSit\u201c se u svim svojim verzijama (Wood, Mix, Soft,\u2026) prilago\u0111ava bez da gubi svoju karakteristi\u010dnu lako\u0107u ili osobnost. Tako\u0111er ispunjava najstro\u017ee zahtjeve otpornosti i sastoji se od recikla\u017enih materijala izra\u0111enih na eco-friendly na\u010din. Kolekcija nudi dodatnu UV otpornu verziju za kori\u0161tenje u vanjskim prostorima i s opcijom posebnog tretmana za otpornost na vatru.<\/p>\n","protected":false},"excerpt":{"rendered":"<p>\u201eSit\u201c je kolekcija stolica, naslonja\u010da i stolaca razvijenih s mnogim mogu\u0107nostima u materijalnosti kao i upotrebi u prostorima za okupljanja i ostalim poslovnim primjenama. \u201eSit\u201c se u svim svojim verzijama (Wood, Mix, Soft,\u2026) prilago\u0111ava bez da gubi svoju karakteristi\u010dnu lako\u0107u ili osobnost. Tako\u0111er ispunjava najstro\u017ee zahtjeve otpornosti i sastoji se od recikla\u017enih materijala izra\u0111enih na [&hellip;]<\/p>\n","protected":false},"featured_media":41278,"template":"","meta":{"_acf_changed":false},"product_brand":[],"product_cat":[2114,2154,2111,2099,2105,2513,2061,2098,2068,2164,2115,2155,2102,2100,2070,2126,2157,2106,2109,2125,2158,2080,2116,2156,2104,2075,2073,2087,2088,2089,2091,2124],"product_tag":[],"berocket_brand":[518],"class_list":{"0":"post-92218","1":"product","2":"type-product","3":"status-publish","4":"has-post-thumbnail","6":"product_cat-proizvodi-stolice-barske-stolice-za-unutarnje-prostore","7":"product_cat-proizvodi-stolice-barske-stolice-za-vanjske-prostore","8":"product_cat-dvorane","9":"product_cat-horeca-prostori-horeca","10":"product_cat-javni","11":"product_cat-outdoor","12":"product_cat-proizvodi","13":"product_cat-prostori-horeca","14":"product_cat-prostori","15":"product_cat-prostori-dvorane-visenamjenske-i-pomicne-sjedalice-za-dvorane","16":"product_cat-prostori-horeca-barske-stolice-za-unutarnje-prostore","17":"product_cat-prostori-horeca-barske-stolice-za-vanjske-prostore","18":"product_cat-prostori-horeca-stolice-za-kongresne-dvorane","19":"product_cat-prostori-horeca-stolice-za-unutarnje-prostore","20":"product_cat-prostori-horeca-stolice-za-vanjske-prostore","21":"product_cat-prostori-javni-barske-stolice-za-unutarnje-prostore","22":"product_cat-prostori-javni-barske-stolice-za-vanjske-prostore","23":"product_cat-prostori-javni-kongresne-stolice","24":"product_cat-prostori-javni-stolice-za-unutarnje-prostore","25":"product_cat-prostori-javni-stolice-za-vanjske-prostore","26":"product_cat-prostori-outdoor-barske-stolice-za-vanjske-prostore","27":"product_cat-prostori-outdoor-stolice-za-vanjske-prostore","28":"product_cat-prostori-rezidencijalni-barske-stolice-za-unutarnje-prostore","29":"product_cat-prostori-rezidencijalni-barske-stolice-za-vanjske-prostore","30":"product_cat-prostori-rezidencijalni-stolice-za-unutarnje-prostore","31":"product_cat-prostori-rezidencijalni-stolice-za-vanjske-prostore","32":"product_cat-rezidencijalni","33":"product_cat-stolice","34":"product_cat-proizvodi-stolice-stolice-za-cekaonice","35":"product_cat-proizvodi-stolice-stolice-za-kongresne-dvorane","36":"product_cat-proizvodi-stolice-stolice-za-unutarnje-prostore","37":"product_cat-proizvodi-stolice-stolice-za-vanjske-prostore","38":"berocket_brand-andreu-world","40":"first","41":"instock","42":"product-type-grouped"},"acf":[],"_links":{"self":[{"href":"https:\/\/cernelic.hr\/en\/wp-json\/wp\/v2\/product\/92218","targetHints":{"allow":["GET"]}}],"collection":[{"href":"https:\/\/cernelic.hr\/en\/wp-json\/wp\/v2\/product"}],"about":[{"href":"https:\/\/cernelic.hr\/en\/wp-json\/wp\/v2\/types\/product"}],"wp:featuredmedia":[{"embeddable":true,"href":"https:\/\/cernelic.hr\/en\/wp-json\/wp\/v2\/media\/41278"}],"wp:attachment":[{"href":"https:\/\/cernelic.hr\/en\/wp-json\/wp\/v2\/media?parent=92218"}],"wp:term":[{"taxonomy":"product_brand","embeddable":true,"href":"https:\/\/cernelic.hr\/en\/wp-json\/wp\/v2\/product_brand?post=92218"},{"taxonomy":"product_cat","embeddable":true,"href":"https:\/\/cernelic.hr\/en\/wp-json\/wp\/v2\/product_cat?post=92218"},{"taxonomy":"product_tag","embeddable":true,"href":"https:\/\/cernelic.hr\/en\/wp-json\/wp\/v2\/product_tag?post=92218"},{"taxonomy":"berocket_brand","embeddable":true,"href":"https:\/\/cernelic.hr\/en\/wp-json\/wp\/v2\/berocket_brand?post=92218"}],"curies":[{"name":"wp","href":"https:\/\/api.w.org\/{rel}","templated":true}]}}