{"id":92220,"date":"2021-03-19T12:14:59","date_gmt":"2021-03-19T12:14:59","guid":{"rendered":"https:\/\/cernelic.hr\/katalog\/Bez%20kategorije\/smile-by-andreu-world-2\/"},"modified":"2023-12-07T15:53:25","modified_gmt":"2023-12-07T15:53:25","slug":"smile-by-andreu-world","status":"publish","type":"product","link":"https:\/\/cernelic.hr\/en\/proizvod\/smile-by-andreu-world\/","title":{"rendered":"SMILE by Andreu World"},"content":{"rendered":"<p>Tradicionalni elementi japanskog i skandinavskog dizajna interijera kombinirani su kako bi nastala \u201eSmile\u201c kolekcija. Dizajn dokazuje da lako\u0107a mo\u017ee biti dinami\u010dna. \u010cvrstina je ostvarena preciznom formom i fluidnom strukturom, sklopljenom na na\u010din koji stolicu \u010dini vrlo otpornom i izdr\u017eljivom. \u201eSmile\u201c nudi stolice koje se lako sla\u017eu, stolice s naslonima za ruke i stolce s bukvinim okvirom i naslonom, sa sjedalom od hrastovine ili tapeciranim. Naslon je dostupan s vretenima ili furniranom plo\u010dom.<\/p>\n","protected":false},"excerpt":{"rendered":"<p>Tradicionalni elementi japanskog i skandinavskog dizajna interijera kombinirani su kako bi nastala \u201eSmile\u201c kolekcija. Dizajn dokazuje da lako\u0107a mo\u017ee biti dinami\u010dna. \u010cvrstina je ostvarena preciznom formom i fluidnom strukturom, sklopljenom na na\u010din koji stolicu \u010dini vrlo otpornom i izdr\u017eljivom. \u201eSmile\u201c nudi stolice koje se lako sla\u017eu, stolice s naslonima za ruke i stolce s bukvinim [&hellip;]<\/p>\n","protected":false},"featured_media":41282,"template":"","meta":{"_acf_changed":false},"product_brand":[],"product_cat":[2114,2099,2105,2061,2098,2068,2115,2100,2126,2109,2116,2139,2073,2087,2091],"product_tag":[],"berocket_brand":[518],"class_list":{"0":"post-92220","1":"product","2":"type-product","3":"status-publish","4":"has-post-thumbnail","6":"product_cat-proizvodi-stolice-barske-stolice-za-unutarnje-prostore","7":"product_cat-horeca-prostori-horeca","8":"product_cat-javni","9":"product_cat-proizvodi","10":"product_cat-prostori-horeca","11":"product_cat-prostori","12":"product_cat-prostori-horeca-barske-stolice-za-unutarnje-prostore","13":"product_cat-prostori-horeca-stolice-za-unutarnje-prostore","14":"product_cat-prostori-javni-barske-stolice-za-unutarnje-prostore","15":"product_cat-prostori-javni-stolice-za-unutarnje-prostore","16":"product_cat-prostori-rezidencijalni-barske-stolice-za-unutarnje-prostore","17":"product_cat-prostori-rezidencijalni-stolovi-za-unutarnje-prostore","18":"product_cat-rezidencijalni","19":"product_cat-stolice","20":"product_cat-proizvodi-stolice-stolice-za-unutarnje-prostore","21":"berocket_brand-andreu-world","23":"first","24":"instock","25":"product-type-grouped"},"acf":[],"_links":{"self":[{"href":"https:\/\/cernelic.hr\/en\/wp-json\/wp\/v2\/product\/92220","targetHints":{"allow":["GET"]}}],"collection":[{"href":"https:\/\/cernelic.hr\/en\/wp-json\/wp\/v2\/product"}],"about":[{"href":"https:\/\/cernelic.hr\/en\/wp-json\/wp\/v2\/types\/product"}],"wp:featuredmedia":[{"embeddable":true,"href":"https:\/\/cernelic.hr\/en\/wp-json\/wp\/v2\/media\/41282"}],"wp:attachment":[{"href":"https:\/\/cernelic.hr\/en\/wp-json\/wp\/v2\/media?parent=92220"}],"wp:term":[{"taxonomy":"product_brand","embeddable":true,"href":"https:\/\/cernelic.hr\/en\/wp-json\/wp\/v2\/product_brand?post=92220"},{"taxonomy":"product_cat","embeddable":true,"href":"https:\/\/cernelic.hr\/en\/wp-json\/wp\/v2\/product_cat?post=92220"},{"taxonomy":"product_tag","embeddable":true,"href":"https:\/\/cernelic.hr\/en\/wp-json\/wp\/v2\/product_tag?post=92220"},{"taxonomy":"berocket_brand","embeddable":true,"href":"https:\/\/cernelic.hr\/en\/wp-json\/wp\/v2\/berocket_brand?post=92220"}],"curies":[{"name":"wp","href":"https:\/\/api.w.org\/{rel}","templated":true}]}}