{"id":92221,"date":"2021-03-19T12:14:59","date_gmt":"2021-03-19T12:14:59","guid":{"rendered":"https:\/\/cernelic.hr\/katalog\/Bez%20kategorije\/status-by-andreu-world-2\/"},"modified":"2023-12-07T15:53:28","modified_gmt":"2023-12-07T15:53:28","slug":"status-by-andreu-world","status":"publish","type":"product","link":"https:\/\/cernelic.hr\/en\/proizvod\/status-by-andreu-world\/","title":{"rendered":"STATUS by Andreu World"},"content":{"rendered":"<p>Andreu World serija stolova \u201eStatus\u201c pogodna je za sastanke zbog svog uo\u010dljivo tehnolo\u0161kog karaktera koji je karakteriziran \u0161irokom fleksibilno\u0161\u0107u i prilagodljivo\u0161\u0107u kroz razli\u010dite tipove postolja i stolnih povr\u0161ina kako bi odgovarao raznih stilovima ure\u0111enja ureda. Njihov dizajn po\u010dinje iz ikoni\u010dnog i strukturalnog sredi\u0161njeg postolja, koji generira volumetrijsku prisutnost i ostvaruje diferencijalni dizajn kroz neutralnu estetiku s okruglim i glatkim linijama koje se isti\u010du svojom arhitektonskom formom.<\/p>\n","protected":false},"excerpt":{"rendered":"<p>Andreu World serija stolova \u201eStatus\u201c pogodna je za sastanke zbog svog uo\u010dljivo tehnolo\u0161kog karaktera koji je karakteriziran \u0161irokom fleksibilno\u0161\u0107u i prilagodljivo\u0161\u0107u kroz razli\u010dite tipove postolja i stolnih povr\u0161ina kako bi odgovarao raznih stilovima ure\u0111enja ureda. Njihov dizajn po\u010dinje iz ikoni\u010dnog i strukturalnog sredi\u0161njeg postolja, koji generira volumetrijsku prisutnost i ostvaruje diferencijalni dizajn kroz neutralnu estetiku [&hellip;]<\/p>\n","protected":false},"featured_media":41284,"template":"","meta":{"_acf_changed":false},"product_brand":[],"product_cat":[2514,2105,2061,2131,2068,2138,2140,2139,2073,2118,2133,2135],"product_tag":[],"berocket_brand":[518],"class_list":{"0":"post-92221","1":"product","2":"type-product","3":"status-publish","4":"has-post-thumbnail","6":"product_cat-accessories","7":"product_cat-javni","8":"product_cat-proizvodi","9":"product_cat-proizvodi-accessories-elektrifikacija-i-cable-management","10":"product_cat-prostori","11":"product_cat-prostori-horeca-stolovi-za-unutarnje-prostore","12":"product_cat-prostori-javni-stolovi-za-unutarnje-prostore","13":"product_cat-prostori-rezidencijalni-stolovi-za-unutarnje-prostore","14":"product_cat-rezidencijalni","15":"product_cat-stolovi","16":"product_cat-proizvodi-stolovi-stolovi-za-sastanke-i-konferencije","17":"product_cat-proizvodi-stolovi-stolovi-za-unutarnje-prostore","18":"berocket_brand-andreu-world","20":"first","21":"instock","22":"product-type-grouped"},"acf":[],"_links":{"self":[{"href":"https:\/\/cernelic.hr\/en\/wp-json\/wp\/v2\/product\/92221","targetHints":{"allow":["GET"]}}],"collection":[{"href":"https:\/\/cernelic.hr\/en\/wp-json\/wp\/v2\/product"}],"about":[{"href":"https:\/\/cernelic.hr\/en\/wp-json\/wp\/v2\/types\/product"}],"wp:featuredmedia":[{"embeddable":true,"href":"https:\/\/cernelic.hr\/en\/wp-json\/wp\/v2\/media\/41284"}],"wp:attachment":[{"href":"https:\/\/cernelic.hr\/en\/wp-json\/wp\/v2\/media?parent=92221"}],"wp:term":[{"taxonomy":"product_brand","embeddable":true,"href":"https:\/\/cernelic.hr\/en\/wp-json\/wp\/v2\/product_brand?post=92221"},{"taxonomy":"product_cat","embeddable":true,"href":"https:\/\/cernelic.hr\/en\/wp-json\/wp\/v2\/product_cat?post=92221"},{"taxonomy":"product_tag","embeddable":true,"href":"https:\/\/cernelic.hr\/en\/wp-json\/wp\/v2\/product_tag?post=92221"},{"taxonomy":"berocket_brand","embeddable":true,"href":"https:\/\/cernelic.hr\/en\/wp-json\/wp\/v2\/berocket_brand?post=92221"}],"curies":[{"name":"wp","href":"https:\/\/api.w.org\/{rel}","templated":true}]}}