{"id":92226,"date":"2021-03-19T12:18:22","date_gmt":"2021-03-19T12:18:22","guid":{"rendered":"https:\/\/cernelic.hr\/katalog\/Bez%20kategorije\/trenza-by-andreu-world-2\/"},"modified":"2023-12-07T15:53:45","modified_gmt":"2023-12-07T15:53:45","slug":"trenza-by-andreu-world","status":"publish","type":"product","link":"https:\/\/cernelic.hr\/en\/proizvod\/trenza-by-andreu-world\/","title":{"rendered":"TRENZA by Andreu World"},"content":{"rendered":"<p>\u201eTrenza\u201c je kompletirana obitelj stolica, salonskih stolica i barskih stolaca. Karakteristi\u010dne pletene trake na naslonu i sjedalu daju dizajnu svje\u017e izgled i lako\u0107u. Boje trake su Terra Brown, Sand, Graphite i bijela. Trake ja\u010daju ventilacijski efekt bez \u017ertvovanja udobnosti. Dodatno pro\u0161irenje kolekcije je chaise longue verzija s jastukom za glavu. Metalni okvir je obra\u0111en u bijeloj ili zemljano sme\u0111oj.<\/p>\n","protected":false},"excerpt":{"rendered":"<p>\u201eTrenza\u201c je kompletirana obitelj stolica, salonskih stolica i barskih stolaca. Karakteristi\u010dne pletene trake na naslonu i sjedalu daju dizajnu svje\u017e izgled i lako\u0107u. Boje trake su Terra Brown, Sand, Graphite i bijela. Trake ja\u010daju ventilacijski efekt bez \u017ertvovanja udobnosti. Dodatno pro\u0161irenje kolekcije je chaise longue verzija s jastukom za glavu. Metalni okvir je obra\u0111en u [&hellip;]<\/p>\n","protected":false},"featured_media":41292,"template":"","meta":{"_acf_changed":false},"product_brand":[],"product_cat":[2154,2111,2062,2105,2159,2513,2061,2066,2160,2068,2112,2155,2071,2072,2070,2157,2141,2125,2158,2079,2081,2080,2156,2074,2076,2075,2073,2087,2124],"product_tag":[],"berocket_brand":[518],"class_list":{"0":"post-92226","1":"product","2":"type-product","3":"status-publish","4":"has-post-thumbnail","6":"product_cat-proizvodi-stolice-barske-stolice-za-vanjske-prostore","7":"product_cat-dvorane","8":"product_cat-fotelje-i-garniture-za-sjedenje","9":"product_cat-javni","10":"product_cat-lezaljke","11":"product_cat-outdoor","12":"product_cat-proizvodi","13":"product_cat-proizvodi-fotelje-garniture-fotelje-i-garniture-za-vanjske-prostore","14":"product_cat-proizvodi-lezaljke-lezaljke","15":"product_cat-prostori","16":"product_cat-prostori-dvorane-fotelje-i-garniture-za-vanjske-prostore","17":"product_cat-prostori-horeca-barske-stolice-za-vanjske-prostore","18":"product_cat-prostori-horeca-fotelje-i-garniture-za-vanjske-prostore","19":"product_cat-prostori-horeca-lezaljke","20":"product_cat-prostori-horeca-stolice-za-vanjske-prostore","21":"product_cat-prostori-javni-barske-stolice-za-vanjske-prostore","22":"product_cat-prostori-javni-fotelje-i-garniture-za-vanjske-prostore","23":"product_cat-prostori-javni-stolice-za-vanjske-prostore","24":"product_cat-prostori-outdoor-barske-stolice-za-vanjske-prostore","25":"product_cat-prostori-outdoor-fotelje-i-garniture-za-vanjske-prostore","26":"product_cat-prostori-outdoor-lezaljke","27":"product_cat-prostori-outdoor-stolice-za-vanjske-prostore","28":"product_cat-prostori-rezidencijalni-barske-stolice-za-vanjske-prostore","29":"product_cat-prostori-rezidencijalni-fotelje-i-garniture-za-vanjske-prostore","30":"product_cat-prostori-rezidencijalni-lezaljke","31":"product_cat-prostori-rezidencijalni-stolice-za-vanjske-prostore","32":"product_cat-rezidencijalni","33":"product_cat-stolice","34":"product_cat-proizvodi-stolice-stolice-za-vanjske-prostore","35":"berocket_brand-andreu-world","37":"first","38":"instock","39":"product-type-grouped"},"acf":[],"_links":{"self":[{"href":"https:\/\/cernelic.hr\/en\/wp-json\/wp\/v2\/product\/92226","targetHints":{"allow":["GET"]}}],"collection":[{"href":"https:\/\/cernelic.hr\/en\/wp-json\/wp\/v2\/product"}],"about":[{"href":"https:\/\/cernelic.hr\/en\/wp-json\/wp\/v2\/types\/product"}],"wp:featuredmedia":[{"embeddable":true,"href":"https:\/\/cernelic.hr\/en\/wp-json\/wp\/v2\/media\/41292"}],"wp:attachment":[{"href":"https:\/\/cernelic.hr\/en\/wp-json\/wp\/v2\/media?parent=92226"}],"wp:term":[{"taxonomy":"product_brand","embeddable":true,"href":"https:\/\/cernelic.hr\/en\/wp-json\/wp\/v2\/product_brand?post=92226"},{"taxonomy":"product_cat","embeddable":true,"href":"https:\/\/cernelic.hr\/en\/wp-json\/wp\/v2\/product_cat?post=92226"},{"taxonomy":"product_tag","embeddable":true,"href":"https:\/\/cernelic.hr\/en\/wp-json\/wp\/v2\/product_tag?post=92226"},{"taxonomy":"berocket_brand","embeddable":true,"href":"https:\/\/cernelic.hr\/en\/wp-json\/wp\/v2\/berocket_brand?post=92226"}],"curies":[{"name":"wp","href":"https:\/\/api.w.org\/{rel}","templated":true}]}}