{"id":92234,"date":"2021-03-19T12:18:22","date_gmt":"2021-03-19T12:18:22","guid":{"rendered":"https:\/\/cernelic.hr\/katalog\/Bez%20kategorije\/alexandria-by-cernelic-2\/"},"modified":"2023-12-07T15:54:01","modified_gmt":"2023-12-07T15:54:01","slug":"alek-by-bt-2","status":"publish","type":"product","link":"https:\/\/cernelic.hr\/en\/proizvod\/alek-by-bt-2\/","title":{"rendered":"ALEK by B&#038;T"},"content":{"rendered":"<p>&#8220;Alexandria&#8221; Vam nudi ugodno iskustvo sjedenja. Njeni su nasloni za ruke i le\u0111a dizajnirani kao jedinstvena struktura. Cilindri\u010dne drvene noge \u0161ire se dijagonalno od visine naslona do tla, daju\u0107i estetski kontrast ovalno oblikovanom naslonu za le\u0111a. Toplina drva dominira vizualnim dojmom dok se spaja s glatkim jastu\u010dastim sjedalom. Sjedalo od pjene debelo 70 mm i svje\u017ei look drva ja\u010daju osje\u0107aj ugode. Drveni okvir stolice &#8220;Alexandria&#8221; dolazi u jasenom, orahovom ili fini\u0161u od \u010dvrstog crnog drva. \u010cerneli\u0107 polivalentne stolice svojim dizajnom pobu\u0111uju najbolje ideje za ure\u0111enje bilo kojeg prostora.<\/p>\n","protected":false},"excerpt":{"rendered":"<p>&#8220;Alexandria&#8221; Vam nudi ugodno iskustvo sjedenja. Njeni su nasloni za ruke i le\u0111a dizajnirani kao jedinstvena struktura. Cilindri\u010dne drvene noge \u0161ire se dijagonalno od visine naslona do tla, daju\u0107i estetski kontrast ovalno oblikovanom naslonu za le\u0111a. Toplina drva dominira vizualnim dojmom dok se spaja s glatkim jastu\u010dastim sjedalom. Sjedalo od pjene debelo 70 mm i [&hellip;]<\/p>\n","protected":false},"featured_media":41304,"template":"","meta":{"_acf_changed":false},"product_brand":[],"product_cat":[2111,2062,2099,2105,2061,2083,2082,2098,2068,2117,2101,2100,2108,2109,2103,2104,2073,2087,2088,2091],"product_tag":[],"berocket_brand":[1324],"class_list":{"0":"post-92234","1":"product","2":"type-product","3":"status-publish","4":"has-post-thumbnail","6":"product_cat-dvorane","7":"product_cat-fotelje-i-garniture-za-sjedenje","8":"product_cat-horeca-prostori-horeca","9":"product_cat-javni","10":"product_cat-proizvodi","11":"product_cat-proizvodi-fotelje-garniture-fotelje-i-garniture-za-cekaone-i-predprostore","12":"product_cat-proizvodi-fotelje-garniture-fotelje-i-garniture-unutarnje-prostore","13":"product_cat-prostori-horeca","14":"product_cat-prostori","15":"product_cat-prostori-dvorane-fotelje-i-garniture-za-unutarnje-prostore","16":"product_cat-prostori-horeca-fotelje-i-garniture-za-unutarnje-prostore","17":"product_cat-prostori-horeca-stolice-za-unutarnje-prostore","18":"product_cat-prostori-javni-fotelje-i-garniture-za-unutarnje-prostore","19":"product_cat-prostori-javni-stolice-za-unutarnje-prostore","20":"product_cat-prostori-rezidencijalni-fotelje-i-garniture-za-unutarnje-prostore","21":"product_cat-prostori-rezidencijalni-stolice-za-unutarnje-prostore","22":"product_cat-rezidencijalni","23":"product_cat-stolice","24":"product_cat-proizvodi-stolice-stolice-za-cekaonice","25":"product_cat-proizvodi-stolice-stolice-za-unutarnje-prostore","26":"berocket_brand-bt","28":"first","29":"instock","30":"product-type-grouped"},"acf":[],"_links":{"self":[{"href":"https:\/\/cernelic.hr\/en\/wp-json\/wp\/v2\/product\/92234","targetHints":{"allow":["GET"]}}],"collection":[{"href":"https:\/\/cernelic.hr\/en\/wp-json\/wp\/v2\/product"}],"about":[{"href":"https:\/\/cernelic.hr\/en\/wp-json\/wp\/v2\/types\/product"}],"wp:featuredmedia":[{"embeddable":true,"href":"https:\/\/cernelic.hr\/en\/wp-json\/wp\/v2\/media\/41304"}],"wp:attachment":[{"href":"https:\/\/cernelic.hr\/en\/wp-json\/wp\/v2\/media?parent=92234"}],"wp:term":[{"taxonomy":"product_brand","embeddable":true,"href":"https:\/\/cernelic.hr\/en\/wp-json\/wp\/v2\/product_brand?post=92234"},{"taxonomy":"product_cat","embeddable":true,"href":"https:\/\/cernelic.hr\/en\/wp-json\/wp\/v2\/product_cat?post=92234"},{"taxonomy":"product_tag","embeddable":true,"href":"https:\/\/cernelic.hr\/en\/wp-json\/wp\/v2\/product_tag?post=92234"},{"taxonomy":"berocket_brand","embeddable":true,"href":"https:\/\/cernelic.hr\/en\/wp-json\/wp\/v2\/berocket_brand?post=92234"}],"curies":[{"name":"wp","href":"https:\/\/api.w.org\/{rel}","templated":true}]}}