{"id":92237,"date":"2021-03-19T12:18:22","date_gmt":"2021-03-19T12:18:22","guid":{"rendered":"https:\/\/cernelic.hr\/katalog\/Bez%20kategorije\/arka-by-cernelic-2\/"},"modified":"2023-12-08T02:12:58","modified_gmt":"2023-12-08T02:12:58","slug":"noa-by-bt","status":"publish","type":"product","link":"https:\/\/cernelic.hr\/en\/proizvod\/noa-by-bt\/","title":{"rendered":"NOA by B&amp;T"},"content":{"rendered":"<p>&#8220;Arka&#8221;, koja dolazi u dodir s okruglim postoljem, ima kvadratni stol i proizvodi se na dvije razli\u010dite visine. Zaobljeni oblik plo\u010de otkriva formalnu ravnote\u017eu sa stopalom. Svojim minimalnim oblikom spremna je uklopiti se u razli\u010dite stilove i razli\u010dite prostore \u2013 vrlina potrebna za kvalitetan dizajn interijera.<br \/>\nGornji dio stola dostupan je u crnom ili bijelom laku, furniru, kao i u crnom ili bijelom carrera mramoru. Postolje \u0107e biti obojano odgovaraju\u0107om crnom ili bijelom bojom. Tako\u0111er se mo\u017ee naru\u010diti u vintage izgledu bru\u0161enog zlata ili mjedi. Namje\u0161taj po mjeri na koji smo ponosni \u2013 ponosite se njime i Vi.<\/p>\n","protected":false},"excerpt":{"rendered":"<p>&#8220;Arka&#8221;, koja dolazi u dodir s okruglim postoljem, ima kvadratni stol i proizvodi se na dvije razli\u010dite visine. Zaobljeni oblik plo\u010de otkriva formalnu ravnote\u017eu sa stopalom. Svojim minimalnim oblikom spremna je uklopiti se u razli\u010dite stilove i razli\u010dite prostore \u2013 vrlina potrebna za kvalitetan dizajn interijera. Gornji dio stola dostupan je u crnom ili bijelom [&hellip;]<\/p>\n","protected":false},"featured_media":91491,"template":"","meta":{"_acf_changed":false},"product_brand":[],"product_cat":[2105,2119,2061,2068,2138,2140,2121,2139,2073,2118,2135],"product_tag":[],"berocket_brand":[1324],"class_list":{"0":"post-92237","1":"product","2":"type-product","3":"status-publish","4":"has-post-thumbnail","6":"product_cat-javni","7":"product_cat-proizvodi-stolovi-niski-stolovi-za-unutarnje-prostore","8":"product_cat-proizvodi","9":"product_cat-prostori","10":"product_cat-prostori-horeca-stolovi-za-unutarnje-prostore","11":"product_cat-prostori-javni-stolovi-za-unutarnje-prostore","12":"product_cat-prostori-rezidencijalni-niski-klubski-stolici-za-unutarnje-prostore","13":"product_cat-prostori-rezidencijalni-stolovi-za-unutarnje-prostore","14":"product_cat-rezidencijalni","15":"product_cat-stolovi","16":"product_cat-proizvodi-stolovi-stolovi-za-unutarnje-prostore","17":"berocket_brand-bt","19":"first","20":"instock","21":"product-type-grouped"},"acf":[],"_links":{"self":[{"href":"https:\/\/cernelic.hr\/en\/wp-json\/wp\/v2\/product\/92237","targetHints":{"allow":["GET"]}}],"collection":[{"href":"https:\/\/cernelic.hr\/en\/wp-json\/wp\/v2\/product"}],"about":[{"href":"https:\/\/cernelic.hr\/en\/wp-json\/wp\/v2\/types\/product"}],"wp:featuredmedia":[{"embeddable":true,"href":"https:\/\/cernelic.hr\/en\/wp-json\/wp\/v2\/media\/91491"}],"wp:attachment":[{"href":"https:\/\/cernelic.hr\/en\/wp-json\/wp\/v2\/media?parent=92237"}],"wp:term":[{"taxonomy":"product_brand","embeddable":true,"href":"https:\/\/cernelic.hr\/en\/wp-json\/wp\/v2\/product_brand?post=92237"},{"taxonomy":"product_cat","embeddable":true,"href":"https:\/\/cernelic.hr\/en\/wp-json\/wp\/v2\/product_cat?post=92237"},{"taxonomy":"product_tag","embeddable":true,"href":"https:\/\/cernelic.hr\/en\/wp-json\/wp\/v2\/product_tag?post=92237"},{"taxonomy":"berocket_brand","embeddable":true,"href":"https:\/\/cernelic.hr\/en\/wp-json\/wp\/v2\/berocket_brand?post=92237"}],"curies":[{"name":"wp","href":"https:\/\/api.w.org\/{rel}","templated":true}]}}