{"id":92245,"date":"2021-03-19T12:21:36","date_gmt":"2021-03-19T12:21:36","guid":{"rendered":"https:\/\/cernelic.hr\/katalog\/Bez%20kategorije\/bridge-by-cernelic-2\/"},"modified":"2023-12-08T02:07:12","modified_gmt":"2023-12-08T02:07:12","slug":"most-by-bt","status":"publish","type":"product","link":"https:\/\/cernelic.hr\/en\/proizvod\/most-by-bt\/","title":{"rendered":"MOST by B&amp;T"},"content":{"rendered":"<p>&#8220;Bridge&#8221; seriju \u010dini skupina udobnih sofa idealnih za projektiranje ureda u kojima su elegantni i delikatni detalji u prvom planu. Od izvr\u0161nih ureda do dru\u0161tvenih prostora, hotelskih predvorja i salona za privatne prakse, &#8220;&#8221;Bridge&#8221;&#8221; serija lagano se mo\u017ee prilagoditi svojom veli\u010dinom i presvlakom.<br \/>\nSjedalo od pjene od 6 mm na drvenom okviru obe\u0107ava trajnost dugi niz godina. Dok se njegove metalne noge naginju prema van, os koja podupire naslone za ruke i le\u0111a dodaje delikatnost sofi. Nasloni za ruke \u0161irine 21 cm poja\u010davaju osje\u0107aj lako\u0107e u dizajnu ostavljaju\u0107i dojam da stoje u zraku na tankoj metalnoj osovini.<br \/>\nDok su jastuci sjedala nepomi\u010dni, jastuci naslona su podesivi. Jastuci, koji ja\u010daju osje\u0107aj udobnosti i pripadnosti, nadopunjuju estetski integritet sofe koji se savr\u0161eno uklapa u svaki dizajn interijera.<\/p>\n","protected":false},"excerpt":{"rendered":"<p>&#8220;Bridge&#8221; seriju \u010dini skupina udobnih sofa idealnih za projektiranje ureda u kojima su elegantni i delikatni detalji u prvom planu. Od izvr\u0161nih ureda do dru\u0161tvenih prostora, hotelskih predvorja i salona za privatne prakse, &#8220;&#8221;Bridge&#8221;&#8221; serija lagano se mo\u017ee prilagoditi svojom veli\u010dinom i presvlakom. Sjedalo od pjene od 6 mm na drvenom okviru obe\u0107ava trajnost dugi [&hellip;]<\/p>\n","protected":false},"featured_media":67972,"template":"","meta":{"_acf_changed":false},"product_brand":[],"product_cat":[2111,2062,2105,2061,2083,2082,2068,2117,2101,2108,2103,2094,2073,2092],"product_tag":[],"berocket_brand":[1324],"class_list":{"0":"post-92245","1":"product","2":"type-product","3":"status-publish","4":"has-post-thumbnail","6":"product_cat-dvorane","7":"product_cat-fotelje-i-garniture-za-sjedenje","8":"product_cat-javni","9":"product_cat-proizvodi","10":"product_cat-proizvodi-fotelje-garniture-fotelje-i-garniture-za-cekaone-i-predprostore","11":"product_cat-proizvodi-fotelje-garniture-fotelje-i-garniture-unutarnje-prostore","12":"product_cat-prostori","13":"product_cat-prostori-dvorane-fotelje-i-garniture-za-unutarnje-prostore","14":"product_cat-prostori-horeca-fotelje-i-garniture-za-unutarnje-prostore","15":"product_cat-prostori-javni-fotelje-i-garniture-za-unutarnje-prostore","16":"product_cat-prostori-rezidencijalni-fotelje-i-garniture-za-unutarnje-prostore","17":"product_cat-prostori-uredi-fotelje-i-garniture-za-sjedenje","18":"product_cat-rezidencijalni","19":"product_cat-uredi","20":"berocket_brand-bt","22":"first","23":"instock","24":"product-type-grouped"},"acf":[],"_links":{"self":[{"href":"https:\/\/cernelic.hr\/en\/wp-json\/wp\/v2\/product\/92245","targetHints":{"allow":["GET"]}}],"collection":[{"href":"https:\/\/cernelic.hr\/en\/wp-json\/wp\/v2\/product"}],"about":[{"href":"https:\/\/cernelic.hr\/en\/wp-json\/wp\/v2\/types\/product"}],"wp:featuredmedia":[{"embeddable":true,"href":"https:\/\/cernelic.hr\/en\/wp-json\/wp\/v2\/media\/67972"}],"wp:attachment":[{"href":"https:\/\/cernelic.hr\/en\/wp-json\/wp\/v2\/media?parent=92245"}],"wp:term":[{"taxonomy":"product_brand","embeddable":true,"href":"https:\/\/cernelic.hr\/en\/wp-json\/wp\/v2\/product_brand?post=92245"},{"taxonomy":"product_cat","embeddable":true,"href":"https:\/\/cernelic.hr\/en\/wp-json\/wp\/v2\/product_cat?post=92245"},{"taxonomy":"product_tag","embeddable":true,"href":"https:\/\/cernelic.hr\/en\/wp-json\/wp\/v2\/product_tag?post=92245"},{"taxonomy":"berocket_brand","embeddable":true,"href":"https:\/\/cernelic.hr\/en\/wp-json\/wp\/v2\/berocket_brand?post=92245"}],"curies":[{"name":"wp","href":"https:\/\/api.w.org\/{rel}","templated":true}]}}