{"id":92251,"date":"2021-03-19T12:21:36","date_gmt":"2021-03-19T12:21:36","guid":{"rendered":"https:\/\/cernelic.hr\/katalog\/Bez%20kategorije\/dionis-by-cernelic-2\/"},"modified":"2023-12-08T02:13:57","modified_gmt":"2023-12-08T02:13:57","slug":"dion-by-bt","status":"publish","type":"product","link":"https:\/\/cernelic.hr\/en\/proizvod\/dion-by-bt\/","title":{"rendered":"DION by B&amp;T"},"content":{"rendered":"<p>Serija stolica &#8220;Dionis&#8221; mo\u017ee biti potpuno presvu\u010dena ko\u017eom ili tkaninom ili dijelom furnirana na stra\u017enjem dijelu naslona, sa ili bez naslona za ruke. Nijanse su te koje ovaj dizajn \u010dine jedinstvenim.<br \/>\nPovezuju\u0107i se s naslonima za ruke u jednu liniju, okvir daje naslonu zakrivljeni oblik i time pove\u0107ava udobnost. S prirodnom zavr\u0161nom obradom, u orahu ili crnom laku, stolica \u201eDionis\u201c preferira se u blagovaonicama i restoranima. Zahvaljuju\u0107i zahvalnom dizajnu namje\u0161taja iz cijele \u010cerneli\u0107 kolekcije, projektiranje stana ne postaje kontrast opremanju restorana ili opremanju kafi\u0107a.<\/p>\n","protected":false},"excerpt":{"rendered":"<p>Serija stolica &#8220;Dionis&#8221; mo\u017ee biti potpuno presvu\u010dena ko\u017eom ili tkaninom ili dijelom furnirana na stra\u017enjem dijelu naslona, sa ili bez naslona za ruke. Nijanse su te koje ovaj dizajn \u010dine jedinstvenim. Povezuju\u0107i se s naslonima za ruke u jednu liniju, okvir daje naslonu zakrivljeni oblik i time pove\u0107ava udobnost. S prirodnom zavr\u0161nom obradom, u orahu [&hellip;]<\/p>\n","protected":false},"featured_media":91506,"template":"","meta":{"_acf_changed":false},"product_brand":[],"product_cat":[2114,2111,2062,2099,2105,2061,2083,2082,2098,2068,2117,2115,2101,2100,2126,2108,2109,2116,2103,2104,2094,2073,2087,2088,2091,2092],"product_tag":[],"berocket_brand":[1324],"class_list":{"0":"post-92251","1":"product","2":"type-product","3":"status-publish","4":"has-post-thumbnail","6":"product_cat-proizvodi-stolice-barske-stolice-za-unutarnje-prostore","7":"product_cat-dvorane","8":"product_cat-fotelje-i-garniture-za-sjedenje","9":"product_cat-horeca-prostori-horeca","10":"product_cat-javni","11":"product_cat-proizvodi","12":"product_cat-proizvodi-fotelje-garniture-fotelje-i-garniture-za-cekaone-i-predprostore","13":"product_cat-proizvodi-fotelje-garniture-fotelje-i-garniture-unutarnje-prostore","14":"product_cat-prostori-horeca","15":"product_cat-prostori","16":"product_cat-prostori-dvorane-fotelje-i-garniture-za-unutarnje-prostore","17":"product_cat-prostori-horeca-barske-stolice-za-unutarnje-prostore","18":"product_cat-prostori-horeca-fotelje-i-garniture-za-unutarnje-prostore","19":"product_cat-prostori-horeca-stolice-za-unutarnje-prostore","20":"product_cat-prostori-javni-barske-stolice-za-unutarnje-prostore","21":"product_cat-prostori-javni-fotelje-i-garniture-za-unutarnje-prostore","22":"product_cat-prostori-javni-stolice-za-unutarnje-prostore","23":"product_cat-prostori-rezidencijalni-barske-stolice-za-unutarnje-prostore","24":"product_cat-prostori-rezidencijalni-fotelje-i-garniture-za-unutarnje-prostore","25":"product_cat-prostori-rezidencijalni-stolice-za-unutarnje-prostore","26":"product_cat-prostori-uredi-fotelje-i-garniture-za-sjedenje","27":"product_cat-rezidencijalni","28":"product_cat-stolice","29":"product_cat-proizvodi-stolice-stolice-za-cekaonice","30":"product_cat-proizvodi-stolice-stolice-za-unutarnje-prostore","31":"product_cat-uredi","32":"berocket_brand-bt","34":"first","35":"instock","36":"product-type-grouped"},"acf":[],"_links":{"self":[{"href":"https:\/\/cernelic.hr\/en\/wp-json\/wp\/v2\/product\/92251","targetHints":{"allow":["GET"]}}],"collection":[{"href":"https:\/\/cernelic.hr\/en\/wp-json\/wp\/v2\/product"}],"about":[{"href":"https:\/\/cernelic.hr\/en\/wp-json\/wp\/v2\/types\/product"}],"wp:featuredmedia":[{"embeddable":true,"href":"https:\/\/cernelic.hr\/en\/wp-json\/wp\/v2\/media\/91506"}],"wp:attachment":[{"href":"https:\/\/cernelic.hr\/en\/wp-json\/wp\/v2\/media?parent=92251"}],"wp:term":[{"taxonomy":"product_brand","embeddable":true,"href":"https:\/\/cernelic.hr\/en\/wp-json\/wp\/v2\/product_brand?post=92251"},{"taxonomy":"product_cat","embeddable":true,"href":"https:\/\/cernelic.hr\/en\/wp-json\/wp\/v2\/product_cat?post=92251"},{"taxonomy":"product_tag","embeddable":true,"href":"https:\/\/cernelic.hr\/en\/wp-json\/wp\/v2\/product_tag?post=92251"},{"taxonomy":"berocket_brand","embeddable":true,"href":"https:\/\/cernelic.hr\/en\/wp-json\/wp\/v2\/berocket_brand?post=92251"}],"curies":[{"name":"wp","href":"https:\/\/api.w.org\/{rel}","templated":true}]}}