{"id":92262,"date":"2021-03-19T12:21:36","date_gmt":"2021-03-19T12:21:36","guid":{"rendered":"https:\/\/cernelic.hr\/katalog\/Bez%20kategorije\/globus-by-cernelic-2\/"},"modified":"2023-12-08T02:14:09","modified_gmt":"2023-12-08T02:14:09","slug":"globe-by-bt","status":"publish","type":"product","link":"https:\/\/cernelic.hr\/en\/proizvod\/globe-by-bt\/","title":{"rendered":"GLOBE by B&amp;T"},"content":{"rendered":"<p>&#8220;GLOBUS&#8221; je jo\u0161 jedan bistro stol iz \u010cerneli\u0107 kolekcije! Njegova povr\u0161ina proizvodi se u ovalnom, kvadratnom ili okruglom obliku.<br \/>\nOvaj dugotrajni proizvod mo\u017ee biti odli\u010dno rje\u0161enje za opremanje restorana i opremanje kafi\u0107a, a zbog intenziteta kori\u0161tenja mo\u017ee se postaviti na katovima \u0161oping centara.<\/p>\n","protected":false},"excerpt":{"rendered":"<p>&#8220;GLOBUS&#8221; je jo\u0161 jedan bistro stol iz \u010cerneli\u0107 kolekcije! Njegova povr\u0161ina proizvodi se u ovalnom, kvadratnom ili okruglom obliku. Ovaj dugotrajni proizvod mo\u017ee biti odli\u010dno rje\u0161enje za opremanje restorana i opremanje kafi\u0107a, a zbog intenziteta kori\u0161tenja mo\u017ee se postaviti na katovima \u0161oping centara.<\/p>\n","protected":false},"featured_media":91517,"template":"","meta":{"_acf_changed":false},"product_brand":[],"product_cat":[2105,2119,2061,2068,2138,2140,2121,2139,2073,2118,2135,2136],"product_tag":[],"berocket_brand":[1324],"class_list":{"0":"post-92262","1":"product","2":"type-product","3":"status-publish","4":"has-post-thumbnail","6":"product_cat-javni","7":"product_cat-proizvodi-stolovi-niski-stolovi-za-unutarnje-prostore","8":"product_cat-proizvodi","9":"product_cat-prostori","10":"product_cat-prostori-horeca-stolovi-za-unutarnje-prostore","11":"product_cat-prostori-javni-stolovi-za-unutarnje-prostore","12":"product_cat-prostori-rezidencijalni-niski-klubski-stolici-za-unutarnje-prostore","13":"product_cat-prostori-rezidencijalni-stolovi-za-unutarnje-prostore","14":"product_cat-rezidencijalni","15":"product_cat-stolovi","16":"product_cat-proizvodi-stolovi-stolovi-za-unutarnje-prostore","17":"product_cat-proizvodi-stolovi-visoki-barski-stolovi-za-unutarnje-prostore","18":"berocket_brand-bt","20":"first","21":"instock","22":"product-type-grouped"},"acf":[],"_links":{"self":[{"href":"https:\/\/cernelic.hr\/en\/wp-json\/wp\/v2\/product\/92262","targetHints":{"allow":["GET"]}}],"collection":[{"href":"https:\/\/cernelic.hr\/en\/wp-json\/wp\/v2\/product"}],"about":[{"href":"https:\/\/cernelic.hr\/en\/wp-json\/wp\/v2\/types\/product"}],"wp:featuredmedia":[{"embeddable":true,"href":"https:\/\/cernelic.hr\/en\/wp-json\/wp\/v2\/media\/91517"}],"wp:attachment":[{"href":"https:\/\/cernelic.hr\/en\/wp-json\/wp\/v2\/media?parent=92262"}],"wp:term":[{"taxonomy":"product_brand","embeddable":true,"href":"https:\/\/cernelic.hr\/en\/wp-json\/wp\/v2\/product_brand?post=92262"},{"taxonomy":"product_cat","embeddable":true,"href":"https:\/\/cernelic.hr\/en\/wp-json\/wp\/v2\/product_cat?post=92262"},{"taxonomy":"product_tag","embeddable":true,"href":"https:\/\/cernelic.hr\/en\/wp-json\/wp\/v2\/product_tag?post=92262"},{"taxonomy":"berocket_brand","embeddable":true,"href":"https:\/\/cernelic.hr\/en\/wp-json\/wp\/v2\/berocket_brand?post=92262"}],"curies":[{"name":"wp","href":"https:\/\/api.w.org\/{rel}","templated":true}]}}