{"id":92267,"date":"2021-03-19T12:24:49","date_gmt":"2021-03-19T12:24:49","guid":{"rendered":"https:\/\/cernelic.hr\/katalog\/Bez%20kategorije\/jet-by-cernelic-2\/"},"modified":"2023-12-08T02:14:43","modified_gmt":"2023-12-08T02:14:43","slug":"jest-by-bt","status":"publish","type":"product","link":"https:\/\/cernelic.hr\/en\/proizvod\/jest-by-bt\/","title":{"rendered":"JEST by B&amp;T"},"content":{"rendered":"<p>Uz iznimnu funkcionalnost i estetiku, \u010cerneli\u0107 \u201eJET\u201c odra\u017eava modularnu i fleksibilnu upotrebu. Pru\u017eaju\u0107i besprijekoran arhitektonski izgled s metalnom temeljnom konstrukcijom, \u201eJET\u201c stvara dinami\u010dki efekt uz kori\u0161tenje modularnosti.<br \/>\nUz ove fleksibilne zna\u010dajke kori\u0161tenja, \u201eJET\u201c je prikladan za privatne i za javne prostore: za projektiranje ku\u0107a, kao i za opremanje javnih objekata. Zahvaljuju\u0107i svom vizualnom identitetu, mjestimi\u010dno se mo\u017ee koristiti kao pregradna plo\u010da. Metalni profili dolaze u bijeloj ili crnoj boji. Kutije se mogu lakirati u \u017eeljenu boju ili naru\u010diti u furniru, a police mogu biti od prozirnog stakla ili obojene. Dostupni su dvostruki, trostruki, \u010detverostruki i peterostruki moduli.<\/p>\n","protected":false},"excerpt":{"rendered":"<p>Uz iznimnu funkcionalnost i estetiku, \u010cerneli\u0107 \u201eJET\u201c odra\u017eava modularnu i fleksibilnu upotrebu. Pru\u017eaju\u0107i besprijekoran arhitektonski izgled s metalnom temeljnom konstrukcijom, \u201eJET\u201c stvara dinami\u010dki efekt uz kori\u0161tenje modularnosti. Uz ove fleksibilne zna\u010dajke kori\u0161tenja, \u201eJET\u201c je prikladan za privatne i za javne prostore: za projektiranje ku\u0107a, kao i za opremanje javnih objekata. Zahvaljuju\u0107i svom vizualnom identitetu, mjestimi\u010dno [&hellip;]<\/p>\n","protected":false},"featured_media":91523,"template":"","meta":{"_acf_changed":false},"product_brand":[],"product_cat":[2105,2171,2061,2177,2068,2120,2175,2123,2176,2095,2178,2096,2073,2092],"product_tag":[],"berocket_brand":[1324],"class_list":{"0":"post-92267","1":"product","2":"type-product","3":"status-publish","4":"has-post-thumbnail","6":"product_cat-javni","7":"product_cat-ormari-i-komode","8":"product_cat-proizvodi","9":"product_cat-proizvodi-ormari-i-komode-police-i-regali","10":"product_cat-prostori","11":"product_cat-prostori-horeca-namjestaj-za-hotelske-sobe","12":"product_cat-prostori-horeca-ormari-i-komode","13":"product_cat-prostori-javni-namjestaj-za-cekaonice","14":"product_cat-prostori-rezidencijalni-ormari-i-komode","15":"product_cat-prostori-uredi-namjestaj-za-neformalne-sastanke-i-druzenje","16":"product_cat-prostori-uredi-namjestaj-za-odlaganje-i-arhiviranje-ormari","17":"product_cat-prostori-uredi-namjestaj-za-predprostore-i-cekaone","18":"product_cat-rezidencijalni","19":"product_cat-uredi","20":"berocket_brand-bt","22":"first","23":"instock","24":"product-type-grouped"},"acf":[],"_links":{"self":[{"href":"https:\/\/cernelic.hr\/en\/wp-json\/wp\/v2\/product\/92267","targetHints":{"allow":["GET"]}}],"collection":[{"href":"https:\/\/cernelic.hr\/en\/wp-json\/wp\/v2\/product"}],"about":[{"href":"https:\/\/cernelic.hr\/en\/wp-json\/wp\/v2\/types\/product"}],"wp:featuredmedia":[{"embeddable":true,"href":"https:\/\/cernelic.hr\/en\/wp-json\/wp\/v2\/media\/91523"}],"wp:attachment":[{"href":"https:\/\/cernelic.hr\/en\/wp-json\/wp\/v2\/media?parent=92267"}],"wp:term":[{"taxonomy":"product_brand","embeddable":true,"href":"https:\/\/cernelic.hr\/en\/wp-json\/wp\/v2\/product_brand?post=92267"},{"taxonomy":"product_cat","embeddable":true,"href":"https:\/\/cernelic.hr\/en\/wp-json\/wp\/v2\/product_cat?post=92267"},{"taxonomy":"product_tag","embeddable":true,"href":"https:\/\/cernelic.hr\/en\/wp-json\/wp\/v2\/product_tag?post=92267"},{"taxonomy":"berocket_brand","embeddable":true,"href":"https:\/\/cernelic.hr\/en\/wp-json\/wp\/v2\/berocket_brand?post=92267"}],"curies":[{"name":"wp","href":"https:\/\/api.w.org\/{rel}","templated":true}]}}