{"id":92271,"date":"2021-03-19T12:24:49","date_gmt":"2021-03-19T12:24:49","guid":{"rendered":"https:\/\/cernelic.hr\/katalog\/Bez%20kategorije\/kavkaz-by-cernelic-2\/"},"modified":"2023-12-07T15:54:09","modified_gmt":"2023-12-07T15:54:09","slug":"kav-by-bt","status":"publish","type":"product","link":"https:\/\/cernelic.hr\/en\/proizvod\/kav-by-bt\/","title":{"rendered":"KAV by B&#038;T"},"content":{"rendered":"<p>Inspiriran iz skandinavskih klasika, \u201eKavkaz\u201c je upe\u010datljiv proizvod koji je uspio odraziti udobnost drveta na jednom sjedalu, a koji se svojim dizajnom savr\u0161eno uklapa u ostali namje\u0161taj po mjeri. Udobna stolica koja odra\u017eava sjevernja\u010dku koncepciju dizajna koji kori\u0161tenjem \u017eivih boja mo\u017ee posti\u0107i doma\u0107i jezik proizvoda .Sa svojom ikoni\u010dnom, ali vrlo jednostavnom strukturom i masivnim prostorom za sjedenje sigurno \u0107e biti dio razgovora gdje god ju postavite.<\/p>\n","protected":false},"excerpt":{"rendered":"<p>Inspiriran iz skandinavskih klasika, \u201eKavkaz\u201c je upe\u010datljiv proizvod koji je uspio odraziti udobnost drveta na jednom sjedalu, a koji se svojim dizajnom savr\u0161eno uklapa u ostali namje\u0161taj po mjeri. Udobna stolica koja odra\u017eava sjevernja\u010dku koncepciju dizajna koji kori\u0161tenjem \u017eivih boja mo\u017ee posti\u0107i doma\u0107i jezik proizvoda .Sa svojom ikoni\u010dnom, ali vrlo jednostavnom strukturom i masivnim prostorom [&hellip;]<\/p>\n","protected":false},"featured_media":41318,"template":"","meta":{"_acf_changed":false},"product_brand":[],"product_cat":[2111,2062,2105,2085,2061,2083,2082,2086,2068,2117,2101,2108,2103,2094,2073,2092],"product_tag":[],"berocket_brand":[1324],"class_list":{"0":"post-92271","1":"product","2":"type-product","3":"status-publish","4":"has-post-thumbnail","6":"product_cat-dvorane","7":"product_cat-fotelje-i-garniture-za-sjedenje","8":"product_cat-javni","9":"product_cat-namjestaj-za-urede","10":"product_cat-proizvodi","11":"product_cat-proizvodi-fotelje-garniture-fotelje-i-garniture-za-cekaone-i-predprostore","12":"product_cat-proizvodi-fotelje-garniture-fotelje-i-garniture-unutarnje-prostore","13":"product_cat-proizvodi-namjestaj-za-urede-fotelje-garniture-za-neformalne-sastanke","14":"product_cat-prostori","15":"product_cat-prostori-dvorane-fotelje-i-garniture-za-unutarnje-prostore","16":"product_cat-prostori-horeca-fotelje-i-garniture-za-unutarnje-prostore","17":"product_cat-prostori-javni-fotelje-i-garniture-za-unutarnje-prostore","18":"product_cat-prostori-rezidencijalni-fotelje-i-garniture-za-unutarnje-prostore","19":"product_cat-prostori-uredi-fotelje-i-garniture-za-sjedenje","20":"product_cat-rezidencijalni","21":"product_cat-uredi","22":"berocket_brand-bt","24":"first","25":"instock","26":"product-type-grouped"},"acf":[],"_links":{"self":[{"href":"https:\/\/cernelic.hr\/en\/wp-json\/wp\/v2\/product\/92271","targetHints":{"allow":["GET"]}}],"collection":[{"href":"https:\/\/cernelic.hr\/en\/wp-json\/wp\/v2\/product"}],"about":[{"href":"https:\/\/cernelic.hr\/en\/wp-json\/wp\/v2\/types\/product"}],"wp:featuredmedia":[{"embeddable":true,"href":"https:\/\/cernelic.hr\/en\/wp-json\/wp\/v2\/media\/41318"}],"wp:attachment":[{"href":"https:\/\/cernelic.hr\/en\/wp-json\/wp\/v2\/media?parent=92271"}],"wp:term":[{"taxonomy":"product_brand","embeddable":true,"href":"https:\/\/cernelic.hr\/en\/wp-json\/wp\/v2\/product_brand?post=92271"},{"taxonomy":"product_cat","embeddable":true,"href":"https:\/\/cernelic.hr\/en\/wp-json\/wp\/v2\/product_cat?post=92271"},{"taxonomy":"product_tag","embeddable":true,"href":"https:\/\/cernelic.hr\/en\/wp-json\/wp\/v2\/product_tag?post=92271"},{"taxonomy":"berocket_brand","embeddable":true,"href":"https:\/\/cernelic.hr\/en\/wp-json\/wp\/v2\/berocket_brand?post=92271"}],"curies":[{"name":"wp","href":"https:\/\/api.w.org\/{rel}","templated":true}]}}