{"id":92274,"date":"2021-03-19T12:24:49","date_gmt":"2021-03-19T12:24:49","guid":{"rendered":"https:\/\/cernelic.hr\/katalog\/Bez%20kategorije\/krug-by-cernelic-2\/"},"modified":"2023-12-08T02:14:50","modified_gmt":"2023-12-08T02:14:50","slug":"round-by-bt","status":"publish","type":"product","link":"https:\/\/cernelic.hr\/en\/proizvod\/round-by-bt\/","title":{"rendered":"ROUND by B&amp;T"},"content":{"rendered":"<p>Dana\u0161nji prostori dizajnirani su tako da odgovore na promjenjive potrebe svakog korisnika. \u201eKrug\u201c je obitelj sjedala koja odgovaraju na ove razli\u010dite potrebe. Donose zaokru\u017een u\u017eitak, estetiku i udobnost u svaki \u017eivotni, slobodni ili radni prostor bilo da je rije\u010d o ure\u0111enju stana ili opremanju ureda.<br \/>\nMo\u017ee se npr. postaviti u privatne salone u zra\u010dnoj luci ili uredske kancelarije&#8230;<\/p>\n","protected":false},"excerpt":{"rendered":"<p>Dana\u0161nji prostori dizajnirani su tako da odgovore na promjenjive potrebe svakog korisnika. \u201eKrug\u201c je obitelj sjedala koja odgovaraju na ove razli\u010dite potrebe. Donose zaokru\u017een u\u017eitak, estetiku i udobnost u svaki \u017eivotni, slobodni ili radni prostor bilo da je rije\u010d o ure\u0111enju stana ili opremanju ureda. Mo\u017ee se npr. postaviti u privatne salone u zra\u010dnoj luci [&hellip;]<\/p>\n","protected":false},"featured_media":91530,"template":"","meta":{"_acf_changed":false},"product_brand":[],"product_cat":[2111,2062,2105,2085,2061,2083,2082,2086,2068,2117,2101,2108,2103,2094,2073,2092],"product_tag":[],"berocket_brand":[1324],"class_list":{"0":"post-92274","1":"product","2":"type-product","3":"status-publish","4":"has-post-thumbnail","6":"product_cat-dvorane","7":"product_cat-fotelje-i-garniture-za-sjedenje","8":"product_cat-javni","9":"product_cat-namjestaj-za-urede","10":"product_cat-proizvodi","11":"product_cat-proizvodi-fotelje-garniture-fotelje-i-garniture-za-cekaone-i-predprostore","12":"product_cat-proizvodi-fotelje-garniture-fotelje-i-garniture-unutarnje-prostore","13":"product_cat-proizvodi-namjestaj-za-urede-fotelje-garniture-za-neformalne-sastanke","14":"product_cat-prostori","15":"product_cat-prostori-dvorane-fotelje-i-garniture-za-unutarnje-prostore","16":"product_cat-prostori-horeca-fotelje-i-garniture-za-unutarnje-prostore","17":"product_cat-prostori-javni-fotelje-i-garniture-za-unutarnje-prostore","18":"product_cat-prostori-rezidencijalni-fotelje-i-garniture-za-unutarnje-prostore","19":"product_cat-prostori-uredi-fotelje-i-garniture-za-sjedenje","20":"product_cat-rezidencijalni","21":"product_cat-uredi","22":"berocket_brand-bt","24":"first","25":"instock","26":"product-type-grouped"},"acf":[],"_links":{"self":[{"href":"https:\/\/cernelic.hr\/en\/wp-json\/wp\/v2\/product\/92274","targetHints":{"allow":["GET"]}}],"collection":[{"href":"https:\/\/cernelic.hr\/en\/wp-json\/wp\/v2\/product"}],"about":[{"href":"https:\/\/cernelic.hr\/en\/wp-json\/wp\/v2\/types\/product"}],"wp:featuredmedia":[{"embeddable":true,"href":"https:\/\/cernelic.hr\/en\/wp-json\/wp\/v2\/media\/91530"}],"wp:attachment":[{"href":"https:\/\/cernelic.hr\/en\/wp-json\/wp\/v2\/media?parent=92274"}],"wp:term":[{"taxonomy":"product_brand","embeddable":true,"href":"https:\/\/cernelic.hr\/en\/wp-json\/wp\/v2\/product_brand?post=92274"},{"taxonomy":"product_cat","embeddable":true,"href":"https:\/\/cernelic.hr\/en\/wp-json\/wp\/v2\/product_cat?post=92274"},{"taxonomy":"product_tag","embeddable":true,"href":"https:\/\/cernelic.hr\/en\/wp-json\/wp\/v2\/product_tag?post=92274"},{"taxonomy":"berocket_brand","embeddable":true,"href":"https:\/\/cernelic.hr\/en\/wp-json\/wp\/v2\/berocket_brand?post=92274"}],"curies":[{"name":"wp","href":"https:\/\/api.w.org\/{rel}","templated":true}]}}