{"id":92279,"date":"2021-03-19T12:24:49","date_gmt":"2021-03-19T12:24:49","guid":{"rendered":"https:\/\/cernelic.hr\/katalog\/Bez%20kategorije\/lex-by-cernelic-2\/"},"modified":"2023-12-07T15:54:18","modified_gmt":"2023-12-07T15:54:18","slug":"led-by-bt","status":"publish","type":"product","link":"https:\/\/cernelic.hr\/en\/proizvod\/led-by-bt\/","title":{"rendered":"LED by B&#038;T"},"content":{"rendered":"<p>&#8220;Lex&#8221; by \u010cerneli\u0107 optimalan je za dizajniranje romanti\u010dnih prostora koji odi\u0161u elegancijom i duhom. Ergonomski oblici spu\u017eve proizvedeni CNC rezanjem otkrivaju profinjen jezik proizvoda. Naslon za le\u0111a i ruke podr\u017eava ergonomiju tijela. Prikladna upotreba svakako su lije\u010dni\u010dke ordinacije, hotelska predvorja, a i hodnici na \u010dijem se kraju nalaze kancelarije. Mo\u017ee se proizvoditi u svim varijantama umjetne i prirodne ko\u017ee ili tkanina. Baza mo\u017ee biti kromirane ili stati\u010dne boje tako da podr\u017eava razli\u010dite vizije studija za dizajn interijera.<\/p>\n","protected":false},"excerpt":{"rendered":"<p>&#8220;Lex&#8221; by \u010cerneli\u0107 optimalan je za dizajniranje romanti\u010dnih prostora koji odi\u0161u elegancijom i duhom. Ergonomski oblici spu\u017eve proizvedeni CNC rezanjem otkrivaju profinjen jezik proizvoda. Naslon za le\u0111a i ruke podr\u017eava ergonomiju tijela. Prikladna upotreba svakako su lije\u010dni\u010dke ordinacije, hotelska predvorja, a i hodnici na \u010dijem se kraju nalaze kancelarije. Mo\u017ee se proizvoditi u svim varijantama [&hellip;]<\/p>\n","protected":false},"featured_media":41324,"template":"","meta":{"_acf_changed":false},"product_brand":[],"product_cat":[2111,2062,2105,2085,2061,2082,2086,2068,2117,2101,2108,2103,2094,2073,2092],"product_tag":[],"berocket_brand":[1324],"class_list":{"0":"post-92279","1":"product","2":"type-product","3":"status-publish","4":"has-post-thumbnail","6":"product_cat-dvorane","7":"product_cat-fotelje-i-garniture-za-sjedenje","8":"product_cat-javni","9":"product_cat-namjestaj-za-urede","10":"product_cat-proizvodi","11":"product_cat-proizvodi-fotelje-garniture-fotelje-i-garniture-unutarnje-prostore","12":"product_cat-proizvodi-namjestaj-za-urede-fotelje-garniture-za-neformalne-sastanke","13":"product_cat-prostori","14":"product_cat-prostori-dvorane-fotelje-i-garniture-za-unutarnje-prostore","15":"product_cat-prostori-horeca-fotelje-i-garniture-za-unutarnje-prostore","16":"product_cat-prostori-javni-fotelje-i-garniture-za-unutarnje-prostore","17":"product_cat-prostori-rezidencijalni-fotelje-i-garniture-za-unutarnje-prostore","18":"product_cat-prostori-uredi-fotelje-i-garniture-za-sjedenje","19":"product_cat-rezidencijalni","20":"product_cat-uredi","21":"berocket_brand-bt","23":"first","24":"instock","25":"product-type-grouped"},"acf":[],"_links":{"self":[{"href":"https:\/\/cernelic.hr\/en\/wp-json\/wp\/v2\/product\/92279","targetHints":{"allow":["GET"]}}],"collection":[{"href":"https:\/\/cernelic.hr\/en\/wp-json\/wp\/v2\/product"}],"about":[{"href":"https:\/\/cernelic.hr\/en\/wp-json\/wp\/v2\/types\/product"}],"wp:featuredmedia":[{"embeddable":true,"href":"https:\/\/cernelic.hr\/en\/wp-json\/wp\/v2\/media\/41324"}],"wp:attachment":[{"href":"https:\/\/cernelic.hr\/en\/wp-json\/wp\/v2\/media?parent=92279"}],"wp:term":[{"taxonomy":"product_brand","embeddable":true,"href":"https:\/\/cernelic.hr\/en\/wp-json\/wp\/v2\/product_brand?post=92279"},{"taxonomy":"product_cat","embeddable":true,"href":"https:\/\/cernelic.hr\/en\/wp-json\/wp\/v2\/product_cat?post=92279"},{"taxonomy":"product_tag","embeddable":true,"href":"https:\/\/cernelic.hr\/en\/wp-json\/wp\/v2\/product_tag?post=92279"},{"taxonomy":"berocket_brand","embeddable":true,"href":"https:\/\/cernelic.hr\/en\/wp-json\/wp\/v2\/berocket_brand?post=92279"}],"curies":[{"name":"wp","href":"https:\/\/api.w.org\/{rel}","templated":true}]}}