{"id":92280,"date":"2021-03-19T12:24:49","date_gmt":"2021-03-19T12:24:49","guid":{"rendered":"https:\/\/cernelic.hr\/katalog\/Bez%20kategorije\/looms-by-cernelic-2\/"},"modified":"2023-12-08T02:14:55","modified_gmt":"2023-12-08T02:14:55","slug":"loom-by-bt","status":"publish","type":"product","link":"https:\/\/cernelic.hr\/en\/proizvod\/loom-by-bt\/","title":{"rendered":"LOOM by B&amp;T"},"content":{"rendered":"<p>Serija za stilski i elegantan dizajn interijera. Ima monolitno \u010dvrsto tijelo s metalnim nogama, a na njegovoj povr\u0161ini nalazi se re\u0161etkasti dr\u017ea\u010d \u010dasopisa. Sto\u017easte metalne noge dizajnu daju gladak izgled. Postoji nekoliko opcija materijala za seriju \u201eLooms\u201c, od mramora do laka, a znamo da su opcije ono \u0161to definira kvalitetan namje\u0161taj po mjeri.<\/p>\n","protected":false},"excerpt":{"rendered":"<p>Serija za stilski i elegantan dizajn interijera. Ima monolitno \u010dvrsto tijelo s metalnim nogama, a na njegovoj povr\u0161ini nalazi se re\u0161etkasti dr\u017ea\u010d \u010dasopisa. Sto\u017easte metalne noge dizajnu daju gladak izgled. Postoji nekoliko opcija materijala za seriju \u201eLooms\u201c, od mramora do laka, a znamo da su opcije ono \u0161to definira kvalitetan namje\u0161taj po mjeri.<\/p>\n","protected":false},"featured_media":91536,"template":"","meta":{"_acf_changed":false},"product_brand":[],"product_cat":[2111,2062,2105,2061,2083,2082,2068,2117,2101,2108,2103,2094,2073,2092],"product_tag":[],"berocket_brand":[1324],"class_list":{"0":"post-92280","1":"product","2":"type-product","3":"status-publish","4":"has-post-thumbnail","6":"product_cat-dvorane","7":"product_cat-fotelje-i-garniture-za-sjedenje","8":"product_cat-javni","9":"product_cat-proizvodi","10":"product_cat-proizvodi-fotelje-garniture-fotelje-i-garniture-za-cekaone-i-predprostore","11":"product_cat-proizvodi-fotelje-garniture-fotelje-i-garniture-unutarnje-prostore","12":"product_cat-prostori","13":"product_cat-prostori-dvorane-fotelje-i-garniture-za-unutarnje-prostore","14":"product_cat-prostori-horeca-fotelje-i-garniture-za-unutarnje-prostore","15":"product_cat-prostori-javni-fotelje-i-garniture-za-unutarnje-prostore","16":"product_cat-prostori-rezidencijalni-fotelje-i-garniture-za-unutarnje-prostore","17":"product_cat-prostori-uredi-fotelje-i-garniture-za-sjedenje","18":"product_cat-rezidencijalni","19":"product_cat-uredi","20":"berocket_brand-bt","22":"first","23":"instock","24":"product-type-grouped"},"acf":[],"_links":{"self":[{"href":"https:\/\/cernelic.hr\/en\/wp-json\/wp\/v2\/product\/92280","targetHints":{"allow":["GET"]}}],"collection":[{"href":"https:\/\/cernelic.hr\/en\/wp-json\/wp\/v2\/product"}],"about":[{"href":"https:\/\/cernelic.hr\/en\/wp-json\/wp\/v2\/types\/product"}],"wp:featuredmedia":[{"embeddable":true,"href":"https:\/\/cernelic.hr\/en\/wp-json\/wp\/v2\/media\/91536"}],"wp:attachment":[{"href":"https:\/\/cernelic.hr\/en\/wp-json\/wp\/v2\/media?parent=92280"}],"wp:term":[{"taxonomy":"product_brand","embeddable":true,"href":"https:\/\/cernelic.hr\/en\/wp-json\/wp\/v2\/product_brand?post=92280"},{"taxonomy":"product_cat","embeddable":true,"href":"https:\/\/cernelic.hr\/en\/wp-json\/wp\/v2\/product_cat?post=92280"},{"taxonomy":"product_tag","embeddable":true,"href":"https:\/\/cernelic.hr\/en\/wp-json\/wp\/v2\/product_tag?post=92280"},{"taxonomy":"berocket_brand","embeddable":true,"href":"https:\/\/cernelic.hr\/en\/wp-json\/wp\/v2\/berocket_brand?post=92280"}],"curies":[{"name":"wp","href":"https:\/\/api.w.org\/{rel}","templated":true}]}}