{"id":92281,"date":"2021-03-19T12:24:49","date_gmt":"2021-03-19T12:24:49","guid":{"rendered":"https:\/\/cernelic.hr\/katalog\/Bez%20kategorije\/lost-by-cernelic-2\/"},"modified":"2023-12-08T02:14:56","modified_gmt":"2023-12-08T02:14:56","slug":"lost-by-bt","status":"publish","type":"product","link":"https:\/\/cernelic.hr\/en\/proizvod\/lost-by-bt\/","title":{"rendered":"LOFT by B&amp;T"},"content":{"rendered":"<p>&#8220;Lost&#8221; garniture za sjedenje dolaze u mnogim konfiguracijama i dimenzijama \u2013 to je koncept funkcionalnosti i fleksibilnosti sa dobro izra\u0111enim detaljima.<br \/>\nS \u201eLost\u201c modulima mo\u017eete kreirati scenarij dizajna raznih volumena i podru\u010dja, a mo\u017eete stvoriti i vlastite fleksibilne oblike i time odraziti duh prostornog sklada s bogatim opcijama boja. S \u201eLostom\u201c nikad ne\u0107ete biti izgubljeni, a kvalitetan dizajn interijera uvijek je nadohvat ruke!<\/p>\n","protected":false},"excerpt":{"rendered":"<p>&#8220;Lost&#8221; garniture za sjedenje dolaze u mnogim konfiguracijama i dimenzijama \u2013 to je koncept funkcionalnosti i fleksibilnosti sa dobro izra\u0111enim detaljima. S \u201eLost\u201c modulima mo\u017eete kreirati scenarij dizajna raznih volumena i podru\u010dja, a mo\u017eete stvoriti i vlastite fleksibilne oblike i time odraziti duh prostornog sklada s bogatim opcijama boja. S \u201eLostom\u201c nikad ne\u0107ete biti izgubljeni, [&hellip;]<\/p>\n","protected":false},"featured_media":91537,"template":"","meta":{"_acf_changed":false},"product_brand":[],"product_cat":[2062,2105,2061,2083,2127,2068,2129,2123,2096,2092],"product_tag":[],"berocket_brand":[1324],"class_list":{"0":"post-92281","1":"product","2":"type-product","3":"status-publish","4":"has-post-thumbnail","6":"product_cat-fotelje-i-garniture-za-sjedenje","7":"product_cat-javni","8":"product_cat-proizvodi","9":"product_cat-proizvodi-fotelje-garniture-fotelje-i-garniture-za-cekaone-i-predprostore","10":"product_cat-proizvodi-fotelje-garniture-klupe-i-separei","11":"product_cat-prostori","12":"product_cat-prostori-horeca-klupe-i-separei","13":"product_cat-prostori-javni-namjestaj-za-cekaonice","14":"product_cat-prostori-uredi-namjestaj-za-predprostore-i-cekaone","15":"product_cat-uredi","16":"berocket_brand-bt","18":"first","19":"instock","20":"product-type-grouped"},"acf":[],"_links":{"self":[{"href":"https:\/\/cernelic.hr\/en\/wp-json\/wp\/v2\/product\/92281","targetHints":{"allow":["GET"]}}],"collection":[{"href":"https:\/\/cernelic.hr\/en\/wp-json\/wp\/v2\/product"}],"about":[{"href":"https:\/\/cernelic.hr\/en\/wp-json\/wp\/v2\/types\/product"}],"wp:featuredmedia":[{"embeddable":true,"href":"https:\/\/cernelic.hr\/en\/wp-json\/wp\/v2\/media\/91537"}],"wp:attachment":[{"href":"https:\/\/cernelic.hr\/en\/wp-json\/wp\/v2\/media?parent=92281"}],"wp:term":[{"taxonomy":"product_brand","embeddable":true,"href":"https:\/\/cernelic.hr\/en\/wp-json\/wp\/v2\/product_brand?post=92281"},{"taxonomy":"product_cat","embeddable":true,"href":"https:\/\/cernelic.hr\/en\/wp-json\/wp\/v2\/product_cat?post=92281"},{"taxonomy":"product_tag","embeddable":true,"href":"https:\/\/cernelic.hr\/en\/wp-json\/wp\/v2\/product_tag?post=92281"},{"taxonomy":"berocket_brand","embeddable":true,"href":"https:\/\/cernelic.hr\/en\/wp-json\/wp\/v2\/berocket_brand?post=92281"}],"curies":[{"name":"wp","href":"https:\/\/api.w.org\/{rel}","templated":true}]}}