{"id":92285,"date":"2021-03-19T12:27:57","date_gmt":"2021-03-19T12:27:57","guid":{"rendered":"https:\/\/cernelic.hr\/katalog\/Bez%20kategorije\/meet-by-cernelic-2\/"},"modified":"2023-12-07T15:54:26","modified_gmt":"2023-12-07T15:54:26","slug":"matt-by-bt","status":"publish","type":"product","link":"https:\/\/cernelic.hr\/en\/proizvod\/matt-by-bt\/","title":{"rendered":"MATT by B&#038;T"},"content":{"rendered":"<p>\u010cerneli\u0107 predstavlja \u201eMeet\u201c dizajn koji dolazi u bezbroj kombinacija. Mogu\u0107e je aran\u017eirati bezbrojne kompozicije s ovom modularnom serijom sjedala. Ima 4 vrste komada; stoli\u0107, kutni komad, sjedalo s naslonom i sjedalo bez naslona. \u201eMeet\u201c serija mo\u017ee se koristiti godinama bez deformacija pa je idealna za prometna mjestima kao \u0161to su \u010dekaonice u bolnicama ili zra\u010dne luke.<br \/>\nPrema \u017eelji kupca mogu\u0107e je izraditi komade s 2 sjedala, 3 sjedala ili modularne trosjede u obliku slova L, sve zahvaljuju\u0107i slobodi izrade namje\u0161taja po mjeri.<\/p>\n","protected":false},"excerpt":{"rendered":"<p>\u010cerneli\u0107 predstavlja \u201eMeet\u201c dizajn koji dolazi u bezbroj kombinacija. Mogu\u0107e je aran\u017eirati bezbrojne kompozicije s ovom modularnom serijom sjedala. Ima 4 vrste komada; stoli\u0107, kutni komad, sjedalo s naslonom i sjedalo bez naslona. \u201eMeet\u201c serija mo\u017ee se koristiti godinama bez deformacija pa je idealna za prometna mjestima kao \u0161to su \u010dekaonice u bolnicama ili zra\u010dne [&hellip;]<\/p>\n","protected":false},"featured_media":41330,"template":"","meta":{"_acf_changed":false},"product_brand":[],"product_cat":[2111,2062,2105,2085,2061,2083,2082,2086,2068,2117,2101,2108,2103,2094,2073,2092],"product_tag":[],"berocket_brand":[1324],"class_list":{"0":"post-92285","1":"product","2":"type-product","3":"status-publish","4":"has-post-thumbnail","6":"product_cat-dvorane","7":"product_cat-fotelje-i-garniture-za-sjedenje","8":"product_cat-javni","9":"product_cat-namjestaj-za-urede","10":"product_cat-proizvodi","11":"product_cat-proizvodi-fotelje-garniture-fotelje-i-garniture-za-cekaone-i-predprostore","12":"product_cat-proizvodi-fotelje-garniture-fotelje-i-garniture-unutarnje-prostore","13":"product_cat-proizvodi-namjestaj-za-urede-fotelje-garniture-za-neformalne-sastanke","14":"product_cat-prostori","15":"product_cat-prostori-dvorane-fotelje-i-garniture-za-unutarnje-prostore","16":"product_cat-prostori-horeca-fotelje-i-garniture-za-unutarnje-prostore","17":"product_cat-prostori-javni-fotelje-i-garniture-za-unutarnje-prostore","18":"product_cat-prostori-rezidencijalni-fotelje-i-garniture-za-unutarnje-prostore","19":"product_cat-prostori-uredi-fotelje-i-garniture-za-sjedenje","20":"product_cat-rezidencijalni","21":"product_cat-uredi","22":"berocket_brand-bt","24":"first","25":"instock","26":"product-type-grouped"},"acf":[],"_links":{"self":[{"href":"https:\/\/cernelic.hr\/en\/wp-json\/wp\/v2\/product\/92285","targetHints":{"allow":["GET"]}}],"collection":[{"href":"https:\/\/cernelic.hr\/en\/wp-json\/wp\/v2\/product"}],"about":[{"href":"https:\/\/cernelic.hr\/en\/wp-json\/wp\/v2\/types\/product"}],"wp:featuredmedia":[{"embeddable":true,"href":"https:\/\/cernelic.hr\/en\/wp-json\/wp\/v2\/media\/41330"}],"wp:attachment":[{"href":"https:\/\/cernelic.hr\/en\/wp-json\/wp\/v2\/media?parent=92285"}],"wp:term":[{"taxonomy":"product_brand","embeddable":true,"href":"https:\/\/cernelic.hr\/en\/wp-json\/wp\/v2\/product_brand?post=92285"},{"taxonomy":"product_cat","embeddable":true,"href":"https:\/\/cernelic.hr\/en\/wp-json\/wp\/v2\/product_cat?post=92285"},{"taxonomy":"product_tag","embeddable":true,"href":"https:\/\/cernelic.hr\/en\/wp-json\/wp\/v2\/product_tag?post=92285"},{"taxonomy":"berocket_brand","embeddable":true,"href":"https:\/\/cernelic.hr\/en\/wp-json\/wp\/v2\/berocket_brand?post=92285"}],"curies":[{"name":"wp","href":"https:\/\/api.w.org\/{rel}","templated":true}]}}