{"id":92286,"date":"2021-03-19T12:27:57","date_gmt":"2021-03-19T12:27:57","guid":{"rendered":"https:\/\/cernelic.hr\/katalog\/Bez%20kategorije\/meteor-by-cernelic-2\/"},"modified":"2023-12-08T02:14:59","modified_gmt":"2023-12-08T02:14:59","slug":"mentor-by-bt","status":"publish","type":"product","link":"https:\/\/cernelic.hr\/en\/proizvod\/mentor-by-bt\/","title":{"rendered":"MENTOR by B&amp;T"},"content":{"rendered":"<p>\u201eMeteor\u201c su prvoklasne uredske stolice dizajnirane za vi\u0161e rukovodstvo. Od ostalih uredskih stolica razlikuju se svojim prekrasnim dizajnom. Dekorativni \u0161avovi olak\u0161avaju personalizaciju detalja. Poma\u017ee smanjiti umor u va\u0161em radnom vijeku. Ovo je uredski namje\u0161taj koji Vas \u010duva.<br \/>\nLako se raste\u017ee unatrag i podupire razli\u010dite dijelove tijela tijekom stresne radne sesije. Detalj \u0161ava je upe\u010datljiv: kiparski i profesionalan. \u201eMeteor\u201c-ov prostor za sjedenje i le\u0111a pomi\u010du se neovisno. Nudi udobnost kori\u0161tenja zahvaljuju\u0107i mehanizmu protiv naginjanja.<\/p>\n","protected":false},"excerpt":{"rendered":"<p>\u201eMeteor\u201c su prvoklasne uredske stolice dizajnirane za vi\u0161e rukovodstvo. Od ostalih uredskih stolica razlikuju se svojim prekrasnim dizajnom. Dekorativni \u0161avovi olak\u0161avaju personalizaciju detalja. Poma\u017ee smanjiti umor u va\u0161em radnom vijeku. Ovo je uredski namje\u0161taj koji Vas \u010duva. Lako se raste\u017ee unatrag i podupire razli\u010dite dijelove tijela tijekom stresne radne sesije. Detalj \u0161ava je upe\u010datljiv: kiparski [&hellip;]<\/p>\n","protected":false},"featured_media":91542,"template":"","meta":{"_acf_changed":false},"product_brand":[],"product_cat":[2099,2105,2090,2085,2061,2098,2068,2100,2109,2104,2137,2153,2093,2152,2166,2073,2087,2113,2091,2092],"product_tag":[],"berocket_brand":[1324],"class_list":{"0":"post-92286","1":"product","2":"type-product","3":"status-publish","4":"has-post-thumbnail","6":"product_cat-horeca-prostori-horeca","7":"product_cat-javni","8":"product_cat-proizvodi-stolice-stolice-za-sastanke","9":"product_cat-namjestaj-za-urede","10":"product_cat-proizvodi","11":"product_cat-prostori-horeca","12":"product_cat-prostori","13":"product_cat-prostori-horeca-stolice-za-unutarnje-prostore","14":"product_cat-prostori-javni-stolice-za-unutarnje-prostore","15":"product_cat-prostori-rezidencijalni-stolice-za-unutarnje-prostore","16":"product_cat-prostori-uredi-home-office","17":"product_cat-prostori-uredi-radne-stolice","18":"product_cat-prostori-uredi-stolice-za-sastanke","19":"product_cat-proizvodi-stolice-radne-stolice","20":"product_cat-proizvodi-namjestaj-za-urede-radne-stolice","21":"product_cat-rezidencijalni","22":"product_cat-stolice","23":"product_cat-proizvodi-namjestaj-za-urede-stolice-za-sastanke","24":"product_cat-proizvodi-stolice-stolice-za-unutarnje-prostore","25":"product_cat-uredi","26":"berocket_brand-bt","28":"first","29":"instock","30":"product-type-grouped"},"acf":[],"_links":{"self":[{"href":"https:\/\/cernelic.hr\/en\/wp-json\/wp\/v2\/product\/92286","targetHints":{"allow":["GET"]}}],"collection":[{"href":"https:\/\/cernelic.hr\/en\/wp-json\/wp\/v2\/product"}],"about":[{"href":"https:\/\/cernelic.hr\/en\/wp-json\/wp\/v2\/types\/product"}],"wp:featuredmedia":[{"embeddable":true,"href":"https:\/\/cernelic.hr\/en\/wp-json\/wp\/v2\/media\/91542"}],"wp:attachment":[{"href":"https:\/\/cernelic.hr\/en\/wp-json\/wp\/v2\/media?parent=92286"}],"wp:term":[{"taxonomy":"product_brand","embeddable":true,"href":"https:\/\/cernelic.hr\/en\/wp-json\/wp\/v2\/product_brand?post=92286"},{"taxonomy":"product_cat","embeddable":true,"href":"https:\/\/cernelic.hr\/en\/wp-json\/wp\/v2\/product_cat?post=92286"},{"taxonomy":"product_tag","embeddable":true,"href":"https:\/\/cernelic.hr\/en\/wp-json\/wp\/v2\/product_tag?post=92286"},{"taxonomy":"berocket_brand","embeddable":true,"href":"https:\/\/cernelic.hr\/en\/wp-json\/wp\/v2\/berocket_brand?post=92286"}],"curies":[{"name":"wp","href":"https:\/\/api.w.org\/{rel}","templated":true}]}}