{"id":92290,"date":"2021-03-19T12:27:57","date_gmt":"2021-03-19T12:27:57","guid":{"rendered":"https:\/\/cernelic.hr\/katalog\/Bez%20kategorije\/modesty-by-cernelic-2\/"},"modified":"2023-12-08T02:15:03","modified_gmt":"2023-12-08T02:15:03","slug":"modest-by-bt","status":"publish","type":"product","link":"https:\/\/cernelic.hr\/en\/proizvod\/modest-by-bt\/","title":{"rendered":"MODEST by B&amp;T"},"content":{"rendered":"<p>\u201eModesty\u201c je proizvod koji ima uravnote\u017eenu strukturu okvira. Vizualni u\u010dinak je pobolj\u0161an mat kromiranim nogama koji \u010dine skeletnu strukturu koja \u0107e se idealno uklapiti u projektiranje ku\u0107e ili ure\u0111enje stana.<br \/>\nPovr\u0161ine stolova mogu se naru\u010diti u furniru, melaminu, laku i mramoru, a dolaze u tri razli\u010dite veli\u010dine.<\/p>\n","protected":false},"excerpt":{"rendered":"<p>\u201eModesty\u201c je proizvod koji ima uravnote\u017eenu strukturu okvira. Vizualni u\u010dinak je pobolj\u0161an mat kromiranim nogama koji \u010dine skeletnu strukturu koja \u0107e se idealno uklapiti u projektiranje ku\u0107e ili ure\u0111enje stana. Povr\u0161ine stolova mogu se naru\u010diti u furniru, melaminu, laku i mramoru, a dolaze u tri razli\u010dite veli\u010dine.<\/p>\n","protected":false},"featured_media":91546,"template":"","meta":{"_acf_changed":false},"product_brand":[],"product_cat":[2105,2119,2061,2068,2138,2140,2121,2139,2073,2118,2135],"product_tag":[],"berocket_brand":[1324],"class_list":{"0":"post-92290","1":"product","2":"type-product","3":"status-publish","4":"has-post-thumbnail","6":"product_cat-javni","7":"product_cat-proizvodi-stolovi-niski-stolovi-za-unutarnje-prostore","8":"product_cat-proizvodi","9":"product_cat-prostori","10":"product_cat-prostori-horeca-stolovi-za-unutarnje-prostore","11":"product_cat-prostori-javni-stolovi-za-unutarnje-prostore","12":"product_cat-prostori-rezidencijalni-niski-klubski-stolici-za-unutarnje-prostore","13":"product_cat-prostori-rezidencijalni-stolovi-za-unutarnje-prostore","14":"product_cat-rezidencijalni","15":"product_cat-stolovi","16":"product_cat-proizvodi-stolovi-stolovi-za-unutarnje-prostore","17":"berocket_brand-bt","19":"first","20":"instock","21":"product-type-grouped"},"acf":[],"_links":{"self":[{"href":"https:\/\/cernelic.hr\/en\/wp-json\/wp\/v2\/product\/92290","targetHints":{"allow":["GET"]}}],"collection":[{"href":"https:\/\/cernelic.hr\/en\/wp-json\/wp\/v2\/product"}],"about":[{"href":"https:\/\/cernelic.hr\/en\/wp-json\/wp\/v2\/types\/product"}],"wp:featuredmedia":[{"embeddable":true,"href":"https:\/\/cernelic.hr\/en\/wp-json\/wp\/v2\/media\/91546"}],"wp:attachment":[{"href":"https:\/\/cernelic.hr\/en\/wp-json\/wp\/v2\/media?parent=92290"}],"wp:term":[{"taxonomy":"product_brand","embeddable":true,"href":"https:\/\/cernelic.hr\/en\/wp-json\/wp\/v2\/product_brand?post=92290"},{"taxonomy":"product_cat","embeddable":true,"href":"https:\/\/cernelic.hr\/en\/wp-json\/wp\/v2\/product_cat?post=92290"},{"taxonomy":"product_tag","embeddable":true,"href":"https:\/\/cernelic.hr\/en\/wp-json\/wp\/v2\/product_tag?post=92290"},{"taxonomy":"berocket_brand","embeddable":true,"href":"https:\/\/cernelic.hr\/en\/wp-json\/wp\/v2\/berocket_brand?post=92290"}],"curies":[{"name":"wp","href":"https:\/\/api.w.org\/{rel}","templated":true}]}}