{"id":92292,"date":"2021-03-19T12:27:57","date_gmt":"2021-03-19T12:27:57","guid":{"rendered":"https:\/\/cernelic.hr\/katalog\/Bez%20kategorije\/morpheus-by-cernelic-2\/"},"modified":"2023-12-07T15:54:34","modified_gmt":"2023-12-07T15:54:34","slug":"morph-by-bt","status":"publish","type":"product","link":"https:\/\/cernelic.hr\/en\/proizvod\/morph-by-bt\/","title":{"rendered":"MORPH by B&#038;T"},"content":{"rendered":"<p>Jednostavan, ali vrlo atraktivan izgled \u201eMorpheus\u201c-a savr\u0161eno se uklopa uz svaki stoli\u0107 za kavu. Svojom umjetni\u010dkom siluetom nudi vi\u0161e od sjedenja. \u201eMorpheus\u201c se ne\u0107e natjecati s drugim namje\u0161tajem; dominirat \u0107e svakom prostorijom u kojoj se nalazi.<br \/>\nPogodan za suvremene ku\u0107e, \u010dekaonice, sobe za odmor ili predvorja. \u201eMorpheus\u201c se mo\u017ee naru\u010diti u pravoj ko\u017ei, umjetnoj ko\u017ei ili tkanini. Konstrukcija naslonja\u010da je od \u010dvrstog \u010deli\u010dnog okvira, a na njemu je sloj brizgane poliuretanske pjene, \u0161to \u010dini trosjed savr\u0161eno pogodnim za upotrebu u prostorima s velikim prometom. Unesite \u201eMorpheus\u201c garnituru za sjedenje u prostor i opremanje po mjeri je \u2013 gotovo.<\/p>\n","protected":false},"excerpt":{"rendered":"<p>Jednostavan, ali vrlo atraktivan izgled \u201eMorpheus\u201c-a savr\u0161eno se uklopa uz svaki stoli\u0107 za kavu. Svojom umjetni\u010dkom siluetom nudi vi\u0161e od sjedenja. \u201eMorpheus\u201c se ne\u0107e natjecati s drugim namje\u0161tajem; dominirat \u0107e svakom prostorijom u kojoj se nalazi. Pogodan za suvremene ku\u0107e, \u010dekaonice, sobe za odmor ili predvorja. \u201eMorpheus\u201c se mo\u017ee naru\u010diti u pravoj ko\u017ei, umjetnoj ko\u017ei [&hellip;]<\/p>\n","protected":false},"featured_media":41336,"template":"","meta":{"_acf_changed":false},"product_brand":[],"product_cat":[2111,2062,2105,2085,2061,2083,2082,2086,2068,2117,2101,2108,2103,2094,2073,2092],"product_tag":[],"berocket_brand":[1324],"class_list":{"0":"post-92292","1":"product","2":"type-product","3":"status-publish","4":"has-post-thumbnail","6":"product_cat-dvorane","7":"product_cat-fotelje-i-garniture-za-sjedenje","8":"product_cat-javni","9":"product_cat-namjestaj-za-urede","10":"product_cat-proizvodi","11":"product_cat-proizvodi-fotelje-garniture-fotelje-i-garniture-za-cekaone-i-predprostore","12":"product_cat-proizvodi-fotelje-garniture-fotelje-i-garniture-unutarnje-prostore","13":"product_cat-proizvodi-namjestaj-za-urede-fotelje-garniture-za-neformalne-sastanke","14":"product_cat-prostori","15":"product_cat-prostori-dvorane-fotelje-i-garniture-za-unutarnje-prostore","16":"product_cat-prostori-horeca-fotelje-i-garniture-za-unutarnje-prostore","17":"product_cat-prostori-javni-fotelje-i-garniture-za-unutarnje-prostore","18":"product_cat-prostori-rezidencijalni-fotelje-i-garniture-za-unutarnje-prostore","19":"product_cat-prostori-uredi-fotelje-i-garniture-za-sjedenje","20":"product_cat-rezidencijalni","21":"product_cat-uredi","22":"berocket_brand-bt","24":"first","25":"instock","26":"product-type-grouped"},"acf":[],"_links":{"self":[{"href":"https:\/\/cernelic.hr\/en\/wp-json\/wp\/v2\/product\/92292","targetHints":{"allow":["GET"]}}],"collection":[{"href":"https:\/\/cernelic.hr\/en\/wp-json\/wp\/v2\/product"}],"about":[{"href":"https:\/\/cernelic.hr\/en\/wp-json\/wp\/v2\/types\/product"}],"wp:featuredmedia":[{"embeddable":true,"href":"https:\/\/cernelic.hr\/en\/wp-json\/wp\/v2\/media\/41336"}],"wp:attachment":[{"href":"https:\/\/cernelic.hr\/en\/wp-json\/wp\/v2\/media?parent=92292"}],"wp:term":[{"taxonomy":"product_brand","embeddable":true,"href":"https:\/\/cernelic.hr\/en\/wp-json\/wp\/v2\/product_brand?post=92292"},{"taxonomy":"product_cat","embeddable":true,"href":"https:\/\/cernelic.hr\/en\/wp-json\/wp\/v2\/product_cat?post=92292"},{"taxonomy":"product_tag","embeddable":true,"href":"https:\/\/cernelic.hr\/en\/wp-json\/wp\/v2\/product_tag?post=92292"},{"taxonomy":"berocket_brand","embeddable":true,"href":"https:\/\/cernelic.hr\/en\/wp-json\/wp\/v2\/berocket_brand?post=92292"}],"curies":[{"name":"wp","href":"https:\/\/api.w.org\/{rel}","templated":true}]}}