{"id":92298,"date":"2021-03-19T12:27:57","date_gmt":"2021-03-19T12:27:57","guid":{"rendered":"https:\/\/cernelic.hr\/katalog\/Bez%20kategorije\/pic-by-cernelic-2\/"},"modified":"2023-12-07T15:54:45","modified_gmt":"2023-12-07T15:54:45","slug":"pick-by-bt","status":"publish","type":"product","link":"https:\/\/cernelic.hr\/en\/proizvod\/pick-by-bt\/","title":{"rendered":"PICK by B&#038;T"},"content":{"rendered":"<p>Modularna struktura, prilagodljive mogu\u0107nosti sjedenja i \u0161irina naslona za ruke \u010dine ovaj trosjed vrlo personaliziranom jedinicom za sjedenje.<br \/>\nPostavljen u dnevnoj sobi pomo\u0107i \u0107e vam da postignete vizualnu zasi\u0107enost modernim stilom. Tapecirani okvir trosjeda dose\u017ee do poda, \u0161to dokazuje da je \u201ePic\u201c vrlo udoban komad za le\u017eanje ili lounge sjedenje. Varijacije modula omogu\u0107uju stvaranje razli\u010ditih kombinacija &#8211; vrlina kojom se ponose mnoge \u010cerneli\u0107 garniture za sjedenje.<\/p>\n","protected":false},"excerpt":{"rendered":"<p>Modularna struktura, prilagodljive mogu\u0107nosti sjedenja i \u0161irina naslona za ruke \u010dine ovaj trosjed vrlo personaliziranom jedinicom za sjedenje. Postavljen u dnevnoj sobi pomo\u0107i \u0107e vam da postignete vizualnu zasi\u0107enost modernim stilom. Tapecirani okvir trosjeda dose\u017ee do poda, \u0161to dokazuje da je \u201ePic\u201c vrlo udoban komad za le\u017eanje ili lounge sjedenje. Varijacije modula omogu\u0107uju stvaranje razli\u010ditih [&hellip;]<\/p>\n","protected":false},"featured_media":41338,"template":"","meta":{"_acf_changed":false},"product_brand":[],"product_cat":[2111,2062,2105,2061,2082,2068,2117,2101,2108,2103,2094,2073,2092],"product_tag":[],"berocket_brand":[1324],"class_list":{"0":"post-92298","1":"product","2":"type-product","3":"status-publish","4":"has-post-thumbnail","6":"product_cat-dvorane","7":"product_cat-fotelje-i-garniture-za-sjedenje","8":"product_cat-javni","9":"product_cat-proizvodi","10":"product_cat-proizvodi-fotelje-garniture-fotelje-i-garniture-unutarnje-prostore","11":"product_cat-prostori","12":"product_cat-prostori-dvorane-fotelje-i-garniture-za-unutarnje-prostore","13":"product_cat-prostori-horeca-fotelje-i-garniture-za-unutarnje-prostore","14":"product_cat-prostori-javni-fotelje-i-garniture-za-unutarnje-prostore","15":"product_cat-prostori-rezidencijalni-fotelje-i-garniture-za-unutarnje-prostore","16":"product_cat-prostori-uredi-fotelje-i-garniture-za-sjedenje","17":"product_cat-rezidencijalni","18":"product_cat-uredi","19":"berocket_brand-bt","21":"first","22":"instock","23":"product-type-grouped"},"acf":[],"_links":{"self":[{"href":"https:\/\/cernelic.hr\/en\/wp-json\/wp\/v2\/product\/92298","targetHints":{"allow":["GET"]}}],"collection":[{"href":"https:\/\/cernelic.hr\/en\/wp-json\/wp\/v2\/product"}],"about":[{"href":"https:\/\/cernelic.hr\/en\/wp-json\/wp\/v2\/types\/product"}],"wp:featuredmedia":[{"embeddable":true,"href":"https:\/\/cernelic.hr\/en\/wp-json\/wp\/v2\/media\/41338"}],"wp:attachment":[{"href":"https:\/\/cernelic.hr\/en\/wp-json\/wp\/v2\/media?parent=92298"}],"wp:term":[{"taxonomy":"product_brand","embeddable":true,"href":"https:\/\/cernelic.hr\/en\/wp-json\/wp\/v2\/product_brand?post=92298"},{"taxonomy":"product_cat","embeddable":true,"href":"https:\/\/cernelic.hr\/en\/wp-json\/wp\/v2\/product_cat?post=92298"},{"taxonomy":"product_tag","embeddable":true,"href":"https:\/\/cernelic.hr\/en\/wp-json\/wp\/v2\/product_tag?post=92298"},{"taxonomy":"berocket_brand","embeddable":true,"href":"https:\/\/cernelic.hr\/en\/wp-json\/wp\/v2\/berocket_brand?post=92298"}],"curies":[{"name":"wp","href":"https:\/\/api.w.org\/{rel}","templated":true}]}}