{"id":92300,"date":"2021-03-19T12:27:57","date_gmt":"2021-03-19T12:27:57","guid":{"rendered":"https:\/\/cernelic.hr\/katalog\/Bez%20kategorije\/plane-by-cernelic-2\/"},"modified":"2023-12-08T02:15:43","modified_gmt":"2023-12-08T02:15:43","slug":"fly-by-bt","status":"publish","type":"product","link":"https:\/\/cernelic.hr\/en\/proizvod\/fly-by-bt\/","title":{"rendered":"FLY by B&amp;T"},"content":{"rendered":"<p>Ako ste u potrazi za stoli\u0107em za kavu ili pomo\u0107nim stoli\u0107em za nisko sjedenje koji spaja toplinu i udobnost drveta sa modernim i industrijskim utjecajem metala, \u201ePlane\u201c \u0107e vam biti dobar suputnik. \u201ePlane\u201c je izvrstan izbor za projektiranje hotela, predvorja, soba za odmor kao i stanova koji su vo\u0111eni moderanim dizajnom. Savijeni metal otkriva eleganciju geometrijske i linearne strukture nogu dok mu fino\u0107a omogu\u0107uje vizualno nje\u017ean dojam, dok je u su\u0161tini on zapravo vrlo \u010dvrst.<\/p>\n","protected":false},"excerpt":{"rendered":"<p>Ako ste u potrazi za stoli\u0107em za kavu ili pomo\u0107nim stoli\u0107em za nisko sjedenje koji spaja toplinu i udobnost drveta sa modernim i industrijskim utjecajem metala, \u201ePlane\u201c \u0107e vam biti dobar suputnik. \u201ePlane\u201c je izvrstan izbor za projektiranje hotela, predvorja, soba za odmor kao i stanova koji su vo\u0111eni moderanim dizajnom. Savijeni metal otkriva eleganciju [&hellip;]<\/p>\n","protected":false},"featured_media":91557,"template":"","meta":{"_acf_changed":false},"product_brand":[],"product_cat":[2105,2119,2061,2068,2138,2140,2121,2139,2073,2118,2135],"product_tag":[],"berocket_brand":[1324],"class_list":{"0":"post-92300","1":"product","2":"type-product","3":"status-publish","4":"has-post-thumbnail","6":"product_cat-javni","7":"product_cat-proizvodi-stolovi-niski-stolovi-za-unutarnje-prostore","8":"product_cat-proizvodi","9":"product_cat-prostori","10":"product_cat-prostori-horeca-stolovi-za-unutarnje-prostore","11":"product_cat-prostori-javni-stolovi-za-unutarnje-prostore","12":"product_cat-prostori-rezidencijalni-niski-klubski-stolici-za-unutarnje-prostore","13":"product_cat-prostori-rezidencijalni-stolovi-za-unutarnje-prostore","14":"product_cat-rezidencijalni","15":"product_cat-stolovi","16":"product_cat-proizvodi-stolovi-stolovi-za-unutarnje-prostore","17":"berocket_brand-bt","19":"first","20":"instock","21":"product-type-grouped"},"acf":[],"_links":{"self":[{"href":"https:\/\/cernelic.hr\/en\/wp-json\/wp\/v2\/product\/92300","targetHints":{"allow":["GET"]}}],"collection":[{"href":"https:\/\/cernelic.hr\/en\/wp-json\/wp\/v2\/product"}],"about":[{"href":"https:\/\/cernelic.hr\/en\/wp-json\/wp\/v2\/types\/product"}],"wp:featuredmedia":[{"embeddable":true,"href":"https:\/\/cernelic.hr\/en\/wp-json\/wp\/v2\/media\/91557"}],"wp:attachment":[{"href":"https:\/\/cernelic.hr\/en\/wp-json\/wp\/v2\/media?parent=92300"}],"wp:term":[{"taxonomy":"product_brand","embeddable":true,"href":"https:\/\/cernelic.hr\/en\/wp-json\/wp\/v2\/product_brand?post=92300"},{"taxonomy":"product_cat","embeddable":true,"href":"https:\/\/cernelic.hr\/en\/wp-json\/wp\/v2\/product_cat?post=92300"},{"taxonomy":"product_tag","embeddable":true,"href":"https:\/\/cernelic.hr\/en\/wp-json\/wp\/v2\/product_tag?post=92300"},{"taxonomy":"berocket_brand","embeddable":true,"href":"https:\/\/cernelic.hr\/en\/wp-json\/wp\/v2\/berocket_brand?post=92300"}],"curies":[{"name":"wp","href":"https:\/\/api.w.org\/{rel}","templated":true}]}}