{"id":92311,"date":"2021-03-19T12:31:12","date_gmt":"2021-03-19T12:31:12","guid":{"rendered":"https:\/\/cernelic.hr\/katalog\/Bez%20kategorije\/sari-by-cernelic-2\/"},"modified":"2023-12-08T02:15:56","modified_gmt":"2023-12-08T02:15:56","slug":"seri-by-bt","status":"publish","type":"product","link":"https:\/\/cernelic.hr\/en\/proizvod\/seri-by-bt\/","title":{"rendered":"SERI by B&amp;T"},"content":{"rendered":"<p>Elipti\u010dna forma koju stvaraju ponovljene metalne cijevi jedna pored druge otkriva izvorni dizajn \u010cerneli\u0107  \u201eSari\u201c stola.<br \/>\nElipti\u010dni vrh dostupan je u drvu, mramoru, laminatu ili laku. Noge su sastavljene od metalnih cijevi uskla\u0111enih s elipti\u010dnim oblikom gornje povr\u0161ine. To je moderan dizajn stola koji se lako mo\u017ee smjestiti u stanove ili u kancelarije, ili ga mo\u017eete koristiti za opremanje restorana. Osim \u0161to je vrlo elegantan stol za blagovaonicu, mo\u017ee biti i elegantan stol za sastanke.<\/p>\n","protected":false},"excerpt":{"rendered":"<p>Elipti\u010dna forma koju stvaraju ponovljene metalne cijevi jedna pored druge otkriva izvorni dizajn \u010cerneli\u0107 \u201eSari\u201c stola. Elipti\u010dni vrh dostupan je u drvu, mramoru, laminatu ili laku. Noge su sastavljene od metalnih cijevi uskla\u0111enih s elipti\u010dnim oblikom gornje povr\u0161ine. To je moderan dizajn stola koji se lako mo\u017ee smjestiti u stanove ili u kancelarije, ili ga [&hellip;]<\/p>\n","protected":false},"featured_media":91567,"template":"","meta":{"_acf_changed":false},"product_brand":[],"product_cat":[2105,2061,2068,2120,2138,2140,2139,2137,2073,2118,2132,2133,2135,2092],"product_tag":[],"berocket_brand":[1324],"class_list":{"0":"post-92311","1":"product","2":"type-product","3":"status-publish","4":"has-post-thumbnail","6":"product_cat-javni","7":"product_cat-proizvodi","8":"product_cat-prostori","9":"product_cat-prostori-horeca-namjestaj-za-hotelske-sobe","10":"product_cat-prostori-horeca-stolovi-za-unutarnje-prostore","11":"product_cat-prostori-javni-stolovi-za-unutarnje-prostore","12":"product_cat-prostori-rezidencijalni-stolovi-za-unutarnje-prostore","13":"product_cat-prostori-uredi-home-office","14":"product_cat-rezidencijalni","15":"product_cat-stolovi","16":"product_cat-proizvodi-stolovi-stolovi-za-kucni-ured","17":"product_cat-proizvodi-stolovi-stolovi-za-sastanke-i-konferencije","18":"product_cat-proizvodi-stolovi-stolovi-za-unutarnje-prostore","19":"product_cat-uredi","20":"berocket_brand-bt","22":"first","23":"instock","24":"product-type-grouped"},"acf":[],"_links":{"self":[{"href":"https:\/\/cernelic.hr\/en\/wp-json\/wp\/v2\/product\/92311","targetHints":{"allow":["GET"]}}],"collection":[{"href":"https:\/\/cernelic.hr\/en\/wp-json\/wp\/v2\/product"}],"about":[{"href":"https:\/\/cernelic.hr\/en\/wp-json\/wp\/v2\/types\/product"}],"wp:featuredmedia":[{"embeddable":true,"href":"https:\/\/cernelic.hr\/en\/wp-json\/wp\/v2\/media\/91567"}],"wp:attachment":[{"href":"https:\/\/cernelic.hr\/en\/wp-json\/wp\/v2\/media?parent=92311"}],"wp:term":[{"taxonomy":"product_brand","embeddable":true,"href":"https:\/\/cernelic.hr\/en\/wp-json\/wp\/v2\/product_brand?post=92311"},{"taxonomy":"product_cat","embeddable":true,"href":"https:\/\/cernelic.hr\/en\/wp-json\/wp\/v2\/product_cat?post=92311"},{"taxonomy":"product_tag","embeddable":true,"href":"https:\/\/cernelic.hr\/en\/wp-json\/wp\/v2\/product_tag?post=92311"},{"taxonomy":"berocket_brand","embeddable":true,"href":"https:\/\/cernelic.hr\/en\/wp-json\/wp\/v2\/berocket_brand?post=92311"}],"curies":[{"name":"wp","href":"https:\/\/api.w.org\/{rel}","templated":true}]}}