{"id":92312,"date":"2021-03-19T12:31:12","date_gmt":"2021-03-19T12:31:12","guid":{"rendered":"https:\/\/cernelic.hr\/katalog\/Bez%20kategorije\/sinia-by-cernelic-2\/"},"modified":"2023-12-08T02:16:01","modified_gmt":"2023-12-08T02:16:01","slug":"sini-by-bt","status":"publish","type":"product","link":"https:\/\/cernelic.hr\/en\/proizvod\/sini-by-bt\/","title":{"rendered":"SINI by B&amp;T"},"content":{"rendered":"<p>\u201eSINIA\u201c sa svojim metalnim pladnjem izra\u017eava svoje tradicionalne utjecaje dok predstavlja svoje moderne dizajnerske zna\u010dajke s vrlo suvremenom bazom. Set od tri razli\u010dita \u201eSINIA\u201c stola dolazi u tri razli\u010dita promjera i tri razli\u010dite visine.<br \/>\nPostavljanje sva tri stoli\u0107a zajedno pru\u017eit \u0107e izvrstan vizualni aspekt dizajna prostoru. Me\u0111utim, svaki od njih mo\u017eete koristiti kao sna\u017ean namje\u0161taj po mjeri u bilo kojem prostoru za koji vam je potreban.<\/p>\n","protected":false},"excerpt":{"rendered":"<p>\u201eSINIA\u201c sa svojim metalnim pladnjem izra\u017eava svoje tradicionalne utjecaje dok predstavlja svoje moderne dizajnerske zna\u010dajke s vrlo suvremenom bazom. Set od tri razli\u010dita \u201eSINIA\u201c stola dolazi u tri razli\u010dita promjera i tri razli\u010dite visine. Postavljanje sva tri stoli\u0107a zajedno pru\u017eit \u0107e izvrstan vizualni aspekt dizajna prostoru. Me\u0111utim, svaki od njih mo\u017eete koristiti kao sna\u017ean namje\u0161taj [&hellip;]<\/p>\n","protected":false},"featured_media":91569,"template":"","meta":{"_acf_changed":false},"product_brand":[],"product_cat":[2105,2119,2061,2068,2138,2140,2121,2139,2073,2118,2135],"product_tag":[],"berocket_brand":[1324],"class_list":{"0":"post-92312","1":"product","2":"type-product","3":"status-publish","4":"has-post-thumbnail","6":"product_cat-javni","7":"product_cat-proizvodi-stolovi-niski-stolovi-za-unutarnje-prostore","8":"product_cat-proizvodi","9":"product_cat-prostori","10":"product_cat-prostori-horeca-stolovi-za-unutarnje-prostore","11":"product_cat-prostori-javni-stolovi-za-unutarnje-prostore","12":"product_cat-prostori-rezidencijalni-niski-klubski-stolici-za-unutarnje-prostore","13":"product_cat-prostori-rezidencijalni-stolovi-za-unutarnje-prostore","14":"product_cat-rezidencijalni","15":"product_cat-stolovi","16":"product_cat-proizvodi-stolovi-stolovi-za-unutarnje-prostore","17":"berocket_brand-bt","19":"first","20":"instock","21":"product-type-grouped"},"acf":[],"_links":{"self":[{"href":"https:\/\/cernelic.hr\/en\/wp-json\/wp\/v2\/product\/92312","targetHints":{"allow":["GET"]}}],"collection":[{"href":"https:\/\/cernelic.hr\/en\/wp-json\/wp\/v2\/product"}],"about":[{"href":"https:\/\/cernelic.hr\/en\/wp-json\/wp\/v2\/types\/product"}],"wp:featuredmedia":[{"embeddable":true,"href":"https:\/\/cernelic.hr\/en\/wp-json\/wp\/v2\/media\/91569"}],"wp:attachment":[{"href":"https:\/\/cernelic.hr\/en\/wp-json\/wp\/v2\/media?parent=92312"}],"wp:term":[{"taxonomy":"product_brand","embeddable":true,"href":"https:\/\/cernelic.hr\/en\/wp-json\/wp\/v2\/product_brand?post=92312"},{"taxonomy":"product_cat","embeddable":true,"href":"https:\/\/cernelic.hr\/en\/wp-json\/wp\/v2\/product_cat?post=92312"},{"taxonomy":"product_tag","embeddable":true,"href":"https:\/\/cernelic.hr\/en\/wp-json\/wp\/v2\/product_tag?post=92312"},{"taxonomy":"berocket_brand","embeddable":true,"href":"https:\/\/cernelic.hr\/en\/wp-json\/wp\/v2\/berocket_brand?post=92312"}],"curies":[{"name":"wp","href":"https:\/\/api.w.org\/{rel}","templated":true}]}}