{"id":92318,"date":"2021-03-19T12:31:12","date_gmt":"2021-03-19T12:31:12","guid":{"rendered":"https:\/\/cernelic.hr\/katalog\/Bez%20kategorije\/stone-by-cernelic-2\/"},"modified":"2023-12-08T02:16:35","modified_gmt":"2023-12-08T02:16:35","slug":"flint-by-bt","status":"publish","type":"product","link":"https:\/\/cernelic.hr\/en\/proizvod\/flint-by-bt\/","title":{"rendered":"FLINT by B&amp;T"},"content":{"rendered":"<p>\u201eScaled stone\u201c je obitelj stolica inspiriranih organskim oblikom kamenja i slojeva razli\u010ditih boja i vrsta kamena \u0161to ih \u010dini \u010destim odabirom raznih studija za dizajn interijera prvenstveno kad je u pitanju opremanje ureda, a i za arhitektonske urede.<br \/>\nZbog svog fleksibilanog dizajna s tri razli\u010dite dostupne dimenzije sjajni su komadi za razli\u010dite prilike i okru\u017eenja u kojima se ljudi okupljaju ili sura\u0111uju.<\/p>\n","protected":false},"excerpt":{"rendered":"<p>\u201eScaled stone\u201c je obitelj stolica inspiriranih organskim oblikom kamenja i slojeva razli\u010ditih boja i vrsta kamena \u0161to ih \u010dini \u010destim odabirom raznih studija za dizajn interijera prvenstveno kad je u pitanju opremanje ureda, a i za arhitektonske urede. Zbog svog fleksibilanog dizajna s tri razli\u010dite dostupne dimenzije sjajni su komadi za razli\u010dite prilike i okru\u017eenja [&hellip;]<\/p>\n","protected":false},"featured_media":91575,"template":"","meta":{"_acf_changed":false},"product_brand":[],"product_cat":[2062,2105,2061,2083,2122,2068,2101,2108,2123,2181,2073],"product_tag":[],"berocket_brand":[1324],"class_list":{"0":"post-92318","1":"product","2":"type-product","3":"status-publish","4":"has-post-thumbnail","6":"product_cat-fotelje-i-garniture-za-sjedenje","7":"product_cat-javni","8":"product_cat-proizvodi","9":"product_cat-proizvodi-fotelje-garniture-fotelje-i-garniture-za-cekaone-i-predprostore","10":"product_cat-proizvodi-fotelje-garniture-taburei","11":"product_cat-prostori","12":"product_cat-prostori-horeca-fotelje-i-garniture-za-unutarnje-prostore","13":"product_cat-prostori-javni-fotelje-i-garniture-za-unutarnje-prostore","14":"product_cat-prostori-javni-namjestaj-za-cekaonice","15":"product_cat-prostori-rezidencijalni-namjestaj-za-djecje-sobe","16":"product_cat-rezidencijalni","17":"berocket_brand-bt","19":"first","20":"instock","21":"product-type-grouped"},"acf":[],"_links":{"self":[{"href":"https:\/\/cernelic.hr\/en\/wp-json\/wp\/v2\/product\/92318","targetHints":{"allow":["GET"]}}],"collection":[{"href":"https:\/\/cernelic.hr\/en\/wp-json\/wp\/v2\/product"}],"about":[{"href":"https:\/\/cernelic.hr\/en\/wp-json\/wp\/v2\/types\/product"}],"wp:featuredmedia":[{"embeddable":true,"href":"https:\/\/cernelic.hr\/en\/wp-json\/wp\/v2\/media\/91575"}],"wp:attachment":[{"href":"https:\/\/cernelic.hr\/en\/wp-json\/wp\/v2\/media?parent=92318"}],"wp:term":[{"taxonomy":"product_brand","embeddable":true,"href":"https:\/\/cernelic.hr\/en\/wp-json\/wp\/v2\/product_brand?post=92318"},{"taxonomy":"product_cat","embeddable":true,"href":"https:\/\/cernelic.hr\/en\/wp-json\/wp\/v2\/product_cat?post=92318"},{"taxonomy":"product_tag","embeddable":true,"href":"https:\/\/cernelic.hr\/en\/wp-json\/wp\/v2\/product_tag?post=92318"},{"taxonomy":"berocket_brand","embeddable":true,"href":"https:\/\/cernelic.hr\/en\/wp-json\/wp\/v2\/berocket_brand?post=92318"}],"curies":[{"name":"wp","href":"https:\/\/api.w.org\/{rel}","templated":true}]}}