{"id":92326,"date":"2021-03-19T12:34:29","date_gmt":"2021-03-19T12:34:29","guid":{"rendered":"https:\/\/cernelic.hr\/katalog\/Bez%20kategorije\/wired-by-cernelic-2\/"},"modified":"2023-12-08T02:16:43","modified_gmt":"2023-12-08T02:16:43","slug":"bijoue-by-bt","status":"publish","type":"product","link":"https:\/\/cernelic.hr\/en\/proizvod\/bijoue-by-bt\/","title":{"rendered":"BIJOUE by B&amp;T"},"content":{"rendered":"<p>\u201eWIRED\u201c je zabavan, jedinstven i ukrasan primjerak. Jedinstveni oblici i geometrija vodoravnih i okomitih linija pokazuju komplementaran sklad s metalnom strukturom i organskim rezom. Linearni narativ kreiran horizontalnim i vertikalnim trakama podr\u017eava moderan dizajn, nagla\u0161avaju\u0107i lako\u0107u i stvaraju\u0107i nevidljivi prostor za prikaz. \u010cerneli\u0107 ocpija \u201eWIRED\u201c je za one koji \u017eele dodati razigranost u opremanje ku\u0107e i projektiranje ureda. Zahvaljuju\u0107i svojoj podijeljenoj strukturi i linearnom izgledu mogu se postaviti jedan pored drugog kako bi se poja\u010dala ma\u0161tovitost i koristila kao pregradna plo\u010da. Zahvaljuju\u0107i svojoj \u010dvrstoj strukturi, \u201eWIRED\u201c se mo\u017ee koristiti s \u201eHex\u201c postoljem. \u201eWIRED\u201c je dizajniran s odre\u0111enim rasponom metalnih \u0161ipki. Polica se zatim obra\u0111uje stati\u010dkim bojama u prahu.<\/p>\n","protected":false},"excerpt":{"rendered":"<p>\u201eWIRED\u201c je zabavan, jedinstven i ukrasan primjerak. Jedinstveni oblici i geometrija vodoravnih i okomitih linija pokazuju komplementaran sklad s metalnom strukturom i organskim rezom. Linearni narativ kreiran horizontalnim i vertikalnim trakama podr\u017eava moderan dizajn, nagla\u0161avaju\u0107i lako\u0107u i stvaraju\u0107i nevidljivi prostor za prikaz. \u010cerneli\u0107 ocpija \u201eWIRED\u201c je za one koji \u017eele dodati razigranost u opremanje ku\u0107e [&hellip;]<\/p>\n","protected":false},"featured_media":91581,"template":"","meta":{"_acf_changed":false},"product_brand":[],"product_cat":[2105,2171,2061,2177,2068,2120,2175,2123,2176,2095,2178,2096,2073,2092],"product_tag":[],"berocket_brand":[1324],"class_list":{"0":"post-92326","1":"product","2":"type-product","3":"status-publish","4":"has-post-thumbnail","6":"product_cat-javni","7":"product_cat-ormari-i-komode","8":"product_cat-proizvodi","9":"product_cat-proizvodi-ormari-i-komode-police-i-regali","10":"product_cat-prostori","11":"product_cat-prostori-horeca-namjestaj-za-hotelske-sobe","12":"product_cat-prostori-horeca-ormari-i-komode","13":"product_cat-prostori-javni-namjestaj-za-cekaonice","14":"product_cat-prostori-rezidencijalni-ormari-i-komode","15":"product_cat-prostori-uredi-namjestaj-za-neformalne-sastanke-i-druzenje","16":"product_cat-prostori-uredi-namjestaj-za-odlaganje-i-arhiviranje-ormari","17":"product_cat-prostori-uredi-namjestaj-za-predprostore-i-cekaone","18":"product_cat-rezidencijalni","19":"product_cat-uredi","20":"berocket_brand-bt","22":"first","23":"instock","24":"product-type-grouped"},"acf":[],"_links":{"self":[{"href":"https:\/\/cernelic.hr\/en\/wp-json\/wp\/v2\/product\/92326","targetHints":{"allow":["GET"]}}],"collection":[{"href":"https:\/\/cernelic.hr\/en\/wp-json\/wp\/v2\/product"}],"about":[{"href":"https:\/\/cernelic.hr\/en\/wp-json\/wp\/v2\/types\/product"}],"wp:featuredmedia":[{"embeddable":true,"href":"https:\/\/cernelic.hr\/en\/wp-json\/wp\/v2\/media\/91581"}],"wp:attachment":[{"href":"https:\/\/cernelic.hr\/en\/wp-json\/wp\/v2\/media?parent=92326"}],"wp:term":[{"taxonomy":"product_brand","embeddable":true,"href":"https:\/\/cernelic.hr\/en\/wp-json\/wp\/v2\/product_brand?post=92326"},{"taxonomy":"product_cat","embeddable":true,"href":"https:\/\/cernelic.hr\/en\/wp-json\/wp\/v2\/product_cat?post=92326"},{"taxonomy":"product_tag","embeddable":true,"href":"https:\/\/cernelic.hr\/en\/wp-json\/wp\/v2\/product_tag?post=92326"},{"taxonomy":"berocket_brand","embeddable":true,"href":"https:\/\/cernelic.hr\/en\/wp-json\/wp\/v2\/berocket_brand?post=92326"}],"curies":[{"name":"wp","href":"https:\/\/api.w.org\/{rel}","templated":true}]}}