{"id":92327,"date":"2021-03-19T12:34:29","date_gmt":"2021-03-19T12:34:29","guid":{"rendered":"https:\/\/cernelic.hr\/katalog\/Bez%20kategorije\/woo-by-cernelic-2\/"},"modified":"2023-12-08T02:16:49","modified_gmt":"2023-12-08T02:16:49","slug":"woodplate-by-bt","status":"publish","type":"product","link":"https:\/\/cernelic.hr\/en\/proizvod\/woodplate-by-bt\/","title":{"rendered":"WOODPLATE by B&amp;T"},"content":{"rendered":"<p>\u201eWOO\u201c donosi horizontalnost u prostor. Nudi razli\u010dite mogu\u0107nosti visine za svaku povr\u0161inu.<br \/>\nStol \u201eWOO\u201c pru\u017ea ba\u0161 svakom prostoru inovativne kombinacije i stil koji osigurava samo najbolji dizajn interijera.<\/p>\n","protected":false},"excerpt":{"rendered":"<p>\u201eWOO\u201c donosi horizontalnost u prostor. Nudi razli\u010dite mogu\u0107nosti visine za svaku povr\u0161inu. Stol \u201eWOO\u201c pru\u017ea ba\u0161 svakom prostoru inovativne kombinacije i stil koji osigurava samo najbolji dizajn interijera.<\/p>\n","protected":false},"featured_media":91584,"template":"","meta":{"_acf_changed":false},"product_brand":[],"product_cat":[2105,2119,2061,2068,2138,2140,2121,2139,2073,2118,2135],"product_tag":[],"berocket_brand":[1324],"class_list":{"0":"post-92327","1":"product","2":"type-product","3":"status-publish","4":"has-post-thumbnail","6":"product_cat-javni","7":"product_cat-proizvodi-stolovi-niski-stolovi-za-unutarnje-prostore","8":"product_cat-proizvodi","9":"product_cat-prostori","10":"product_cat-prostori-horeca-stolovi-za-unutarnje-prostore","11":"product_cat-prostori-javni-stolovi-za-unutarnje-prostore","12":"product_cat-prostori-rezidencijalni-niski-klubski-stolici-za-unutarnje-prostore","13":"product_cat-prostori-rezidencijalni-stolovi-za-unutarnje-prostore","14":"product_cat-rezidencijalni","15":"product_cat-stolovi","16":"product_cat-proizvodi-stolovi-stolovi-za-unutarnje-prostore","17":"berocket_brand-bt","19":"first","20":"instock","21":"product-type-grouped"},"acf":[],"_links":{"self":[{"href":"https:\/\/cernelic.hr\/en\/wp-json\/wp\/v2\/product\/92327","targetHints":{"allow":["GET"]}}],"collection":[{"href":"https:\/\/cernelic.hr\/en\/wp-json\/wp\/v2\/product"}],"about":[{"href":"https:\/\/cernelic.hr\/en\/wp-json\/wp\/v2\/types\/product"}],"wp:featuredmedia":[{"embeddable":true,"href":"https:\/\/cernelic.hr\/en\/wp-json\/wp\/v2\/media\/91584"}],"wp:attachment":[{"href":"https:\/\/cernelic.hr\/en\/wp-json\/wp\/v2\/media?parent=92327"}],"wp:term":[{"taxonomy":"product_brand","embeddable":true,"href":"https:\/\/cernelic.hr\/en\/wp-json\/wp\/v2\/product_brand?post=92327"},{"taxonomy":"product_cat","embeddable":true,"href":"https:\/\/cernelic.hr\/en\/wp-json\/wp\/v2\/product_cat?post=92327"},{"taxonomy":"product_tag","embeddable":true,"href":"https:\/\/cernelic.hr\/en\/wp-json\/wp\/v2\/product_tag?post=92327"},{"taxonomy":"berocket_brand","embeddable":true,"href":"https:\/\/cernelic.hr\/en\/wp-json\/wp\/v2\/berocket_brand?post=92327"}],"curies":[{"name":"wp","href":"https:\/\/api.w.org\/{rel}","templated":true}]}}