{"id":92329,"date":"2021-03-19T12:34:29","date_gmt":"2021-03-19T12:34:29","guid":{"rendered":"https:\/\/cernelic.hr\/katalog\/Bez%20kategorije\/zen-by-cernelic-2\/"},"modified":"2023-12-08T11:39:23","modified_gmt":"2023-12-08T11:39:23","slug":"zenger-by-bt","status":"publish","type":"product","link":"https:\/\/cernelic.hr\/en\/proizvod\/zenger-by-bt\/","title":{"rendered":"ZENGER by B&amp;T"},"content":{"rendered":"<p>U obliku mosta i pojednostavljenog dizajna, \u201eZen\u201c je pouf koji \u0107e privu\u0107i pa\u017enju i za\u010diniti prostor.<br \/>\nBudu\u0107i da se mo\u017ee koristiti i pojedina\u010dno \u010desto se koristi u dizajnu kod projektiranja javnih objekata ali i za opremanje ureda.<\/p>\n","protected":false},"excerpt":{"rendered":"<p>U obliku mosta i pojednostavljenog dizajna, \u201eZen\u201c je pouf koji \u0107e privu\u0107i pa\u017enju i za\u010diniti prostor. Budu\u0107i da se mo\u017ee koristiti i pojedina\u010dno \u010desto se koristi u dizajnu kod projektiranja javnih objekata ali i za opremanje ureda.<\/p>\n","protected":false},"featured_media":91586,"template":"","meta":{"_acf_changed":false},"product_brand":[],"product_cat":[2062,2105,2061,2122,2068,2123,2181,2096,2073,2092],"product_tag":[],"berocket_brand":[1324],"class_list":{"0":"post-92329","1":"product","2":"type-product","3":"status-publish","4":"has-post-thumbnail","6":"product_cat-fotelje-i-garniture-za-sjedenje","7":"product_cat-javni","8":"product_cat-proizvodi","9":"product_cat-proizvodi-fotelje-garniture-taburei","10":"product_cat-prostori","11":"product_cat-prostori-javni-namjestaj-za-cekaonice","12":"product_cat-prostori-rezidencijalni-namjestaj-za-djecje-sobe","13":"product_cat-prostori-uredi-namjestaj-za-predprostore-i-cekaone","14":"product_cat-rezidencijalni","15":"product_cat-uredi","16":"berocket_brand-bt","18":"first","19":"instock","20":"product-type-grouped"},"acf":[],"_links":{"self":[{"href":"https:\/\/cernelic.hr\/en\/wp-json\/wp\/v2\/product\/92329","targetHints":{"allow":["GET"]}}],"collection":[{"href":"https:\/\/cernelic.hr\/en\/wp-json\/wp\/v2\/product"}],"about":[{"href":"https:\/\/cernelic.hr\/en\/wp-json\/wp\/v2\/types\/product"}],"wp:featuredmedia":[{"embeddable":true,"href":"https:\/\/cernelic.hr\/en\/wp-json\/wp\/v2\/media\/91586"}],"wp:attachment":[{"href":"https:\/\/cernelic.hr\/en\/wp-json\/wp\/v2\/media?parent=92329"}],"wp:term":[{"taxonomy":"product_brand","embeddable":true,"href":"https:\/\/cernelic.hr\/en\/wp-json\/wp\/v2\/product_brand?post=92329"},{"taxonomy":"product_cat","embeddable":true,"href":"https:\/\/cernelic.hr\/en\/wp-json\/wp\/v2\/product_cat?post=92329"},{"taxonomy":"product_tag","embeddable":true,"href":"https:\/\/cernelic.hr\/en\/wp-json\/wp\/v2\/product_tag?post=92329"},{"taxonomy":"berocket_brand","embeddable":true,"href":"https:\/\/cernelic.hr\/en\/wp-json\/wp\/v2\/berocket_brand?post=92329"}],"curies":[{"name":"wp","href":"https:\/\/api.w.org\/{rel}","templated":true}]}}