{"id":92386,"date":"2021-03-19T12:44:10","date_gmt":"2021-03-19T12:44:10","guid":{"rendered":"https:\/\/cernelic.hr\/katalog\/Bez%20kategorije\/garden-by-cernelic-2\/"},"modified":"2023-12-08T02:31:08","modified_gmt":"2023-12-08T02:31:08","slug":"garden-by-cernelic","status":"publish","type":"product","link":"https:\/\/cernelic.hr\/en\/proizvod\/garden-by-cernelic\/","title":{"rendered":"GARDEN by \u010cerneli\u0107"},"content":{"rendered":"<p>Monoblok slo\u017eivi naslonja\u010d. Proizvodi se tehnologijom injekcijskog pre\u0161anja od polipropilena oja\u010danog staklenim vlaknima. Ergonomske stolice koje odgovaraju  svakom okru\u017eenju. Zahvaljuju\u0107i kori\u0161tenim posebnim materijalima savr\u0161en je namje\u0161taj po mjeri za vanjske prostore. Anti UV stabiliziran. Vrtna stolica tako\u0111er nudi veliku udobnost sa svojim \u0161irokim izborom \u0161arenih, fiksnih i mekih jastuka.<\/p>\n","protected":false},"excerpt":{"rendered":"<p>Monoblok slo\u017eivi naslonja\u010d. Proizvodi se tehnologijom injekcijskog pre\u0161anja od polipropilena oja\u010danog staklenim vlaknima. Ergonomske stolice koje odgovaraju svakom okru\u017eenju. Zahvaljuju\u0107i kori\u0161tenim posebnim materijalima savr\u0161en je namje\u0161taj po mjeri za vanjske prostore. Anti UV stabiliziran. Vrtna stolica tako\u0111er nudi veliku udobnost sa svojim \u0161irokim izborom \u0161arenih, fiksnih i mekih jastuka.<\/p>\n","protected":false},"featured_media":92029,"template":"","meta":{"_acf_changed":false},"product_brand":[],"product_cat":[2099,2105,2513,2061,2098,2068,2100,2070,2109,2125,2080,2104,2075,2073,2087,2088,2091,2124],"product_tag":[],"berocket_brand":[521],"class_list":{"0":"post-92386","1":"product","2":"type-product","3":"status-publish","4":"has-post-thumbnail","6":"product_cat-horeca-prostori-horeca","7":"product_cat-javni","8":"product_cat-outdoor","9":"product_cat-proizvodi","10":"product_cat-prostori-horeca","11":"product_cat-prostori","12":"product_cat-prostori-horeca-stolice-za-unutarnje-prostore","13":"product_cat-prostori-horeca-stolice-za-vanjske-prostore","14":"product_cat-prostori-javni-stolice-za-unutarnje-prostore","15":"product_cat-prostori-javni-stolice-za-vanjske-prostore","16":"product_cat-prostori-outdoor-stolice-za-vanjske-prostore","17":"product_cat-prostori-rezidencijalni-stolice-za-unutarnje-prostore","18":"product_cat-prostori-rezidencijalni-stolice-za-vanjske-prostore","19":"product_cat-rezidencijalni","20":"product_cat-stolice","21":"product_cat-proizvodi-stolice-stolice-za-cekaonice","22":"product_cat-proizvodi-stolice-stolice-za-unutarnje-prostore","23":"product_cat-proizvodi-stolice-stolice-za-vanjske-prostore","24":"berocket_brand-cernelic","26":"first","27":"instock","28":"product-type-grouped"},"acf":[],"_links":{"self":[{"href":"https:\/\/cernelic.hr\/en\/wp-json\/wp\/v2\/product\/92386","targetHints":{"allow":["GET"]}}],"collection":[{"href":"https:\/\/cernelic.hr\/en\/wp-json\/wp\/v2\/product"}],"about":[{"href":"https:\/\/cernelic.hr\/en\/wp-json\/wp\/v2\/types\/product"}],"wp:featuredmedia":[{"embeddable":true,"href":"https:\/\/cernelic.hr\/en\/wp-json\/wp\/v2\/media\/92029"}],"wp:attachment":[{"href":"https:\/\/cernelic.hr\/en\/wp-json\/wp\/v2\/media?parent=92386"}],"wp:term":[{"taxonomy":"product_brand","embeddable":true,"href":"https:\/\/cernelic.hr\/en\/wp-json\/wp\/v2\/product_brand?post=92386"},{"taxonomy":"product_cat","embeddable":true,"href":"https:\/\/cernelic.hr\/en\/wp-json\/wp\/v2\/product_cat?post=92386"},{"taxonomy":"product_tag","embeddable":true,"href":"https:\/\/cernelic.hr\/en\/wp-json\/wp\/v2\/product_tag?post=92386"},{"taxonomy":"berocket_brand","embeddable":true,"href":"https:\/\/cernelic.hr\/en\/wp-json\/wp\/v2\/berocket_brand?post=92386"}],"curies":[{"name":"wp","href":"https:\/\/api.w.org\/{rel}","templated":true}]}}