{"id":92391,"date":"2021-03-19T12:44:10","date_gmt":"2021-03-19T12:44:10","guid":{"rendered":"https:\/\/cernelic.hr\/katalog\/Bez%20kategorije\/mare-nostrum-by-cernelic-2\/"},"modified":"2023-12-08T02:32:12","modified_gmt":"2023-12-08T02:32:12","slug":"mare-nostrum-by-cernelic","status":"publish","type":"product","link":"https:\/\/cernelic.hr\/en\/proizvod\/mare-nostrum-by-cernelic\/","title":{"rendered":"MARE NOSTRUM by \u010cerneli\u0107"},"content":{"rendered":"<p>Ova stolica transformira esencijalnost i u\u010dinkovit svoje forme u evokativnost kroz teksturu i toplinu drveta. Jednodijelna stolica od injekcijski pre\u0161anog polipropilena oja\u010dana staklenim vlaknima. Sjedalo se mo\u017ee prilagoditi fiksnim tapeciranim jastucima. Sve varijacije mogu se slo\u017eiti kako bi se omogu\u0107ila \u0161ira upotreba ve\u0107eg broja primjeraka i njihovo skladi\u0161tenje. Zahvaljuju\u0107i za\u0161titnom aparatu razvijenom za ovu stolicu, tapecirana verzija mo\u017ee se slagati bez o\u0161te\u0107enja jastuka na mjestu slaganja. Pogodna je za unutarnje i vanjske prostore u stambenim i poslovnim okolinama, zato se koristi za opremanje dvorana, kao \u0161to ovo mogu biti stolice za terasu.<\/p>\n","protected":false},"excerpt":{"rendered":"<p>Ova stolica transformira esencijalnost i u\u010dinkovit svoje forme u evokativnost kroz teksturu i toplinu drveta. Jednodijelna stolica od injekcijski pre\u0161anog polipropilena oja\u010dana staklenim vlaknima. Sjedalo se mo\u017ee prilagoditi fiksnim tapeciranim jastucima. Sve varijacije mogu se slo\u017eiti kako bi se omogu\u0107ila \u0161ira upotreba ve\u0107eg broja primjeraka i njihovo skladi\u0161tenje. Zahvaljuju\u0107i za\u0161titnom aparatu razvijenom za ovu stolicu, [&hellip;]<\/p>\n","protected":false},"featured_media":92039,"template":"","meta":{"_acf_changed":false},"product_brand":[],"product_cat":[2099,2105,2513,2061,2098,2068,2100,2070,2109,2125,2080,2104,2075,2073,2087,2088,2091,2124],"product_tag":[],"berocket_brand":[521],"class_list":{"0":"post-92391","1":"product","2":"type-product","3":"status-publish","4":"has-post-thumbnail","6":"product_cat-horeca-prostori-horeca","7":"product_cat-javni","8":"product_cat-outdoor","9":"product_cat-proizvodi","10":"product_cat-prostori-horeca","11":"product_cat-prostori","12":"product_cat-prostori-horeca-stolice-za-unutarnje-prostore","13":"product_cat-prostori-horeca-stolice-za-vanjske-prostore","14":"product_cat-prostori-javni-stolice-za-unutarnje-prostore","15":"product_cat-prostori-javni-stolice-za-vanjske-prostore","16":"product_cat-prostori-outdoor-stolice-za-vanjske-prostore","17":"product_cat-prostori-rezidencijalni-stolice-za-unutarnje-prostore","18":"product_cat-prostori-rezidencijalni-stolice-za-vanjske-prostore","19":"product_cat-rezidencijalni","20":"product_cat-stolice","21":"product_cat-proizvodi-stolice-stolice-za-cekaonice","22":"product_cat-proizvodi-stolice-stolice-za-unutarnje-prostore","23":"product_cat-proizvodi-stolice-stolice-za-vanjske-prostore","24":"berocket_brand-cernelic","26":"first","27":"instock","28":"product-type-grouped"},"acf":[],"_links":{"self":[{"href":"https:\/\/cernelic.hr\/en\/wp-json\/wp\/v2\/product\/92391","targetHints":{"allow":["GET"]}}],"collection":[{"href":"https:\/\/cernelic.hr\/en\/wp-json\/wp\/v2\/product"}],"about":[{"href":"https:\/\/cernelic.hr\/en\/wp-json\/wp\/v2\/types\/product"}],"wp:featuredmedia":[{"embeddable":true,"href":"https:\/\/cernelic.hr\/en\/wp-json\/wp\/v2\/media\/92039"}],"wp:attachment":[{"href":"https:\/\/cernelic.hr\/en\/wp-json\/wp\/v2\/media?parent=92391"}],"wp:term":[{"taxonomy":"product_brand","embeddable":true,"href":"https:\/\/cernelic.hr\/en\/wp-json\/wp\/v2\/product_brand?post=92391"},{"taxonomy":"product_cat","embeddable":true,"href":"https:\/\/cernelic.hr\/en\/wp-json\/wp\/v2\/product_cat?post=92391"},{"taxonomy":"product_tag","embeddable":true,"href":"https:\/\/cernelic.hr\/en\/wp-json\/wp\/v2\/product_tag?post=92391"},{"taxonomy":"berocket_brand","embeddable":true,"href":"https:\/\/cernelic.hr\/en\/wp-json\/wp\/v2\/berocket_brand?post=92391"}],"curies":[{"name":"wp","href":"https:\/\/api.w.org\/{rel}","templated":true}]}}