{"id":92392,"date":"2021-03-19T12:44:10","date_gmt":"2021-03-19T12:44:10","guid":{"rendered":"https:\/\/cernelic.hr\/katalog\/Bez%20kategorije\/max-by-cernelic-2\/"},"modified":"2023-12-08T02:32:14","modified_gmt":"2023-12-08T02:32:14","slug":"max-by-cernelic","status":"publish","type":"product","link":"https:\/\/cernelic.hr\/en\/proizvod\/max-by-cernelic\/","title":{"rendered":"MAX by \u010cerneli\u0107"},"content":{"rendered":"<p>Maksimalna stabilnost i \u010dvrsto\u0107a. Sa svojim zategnutim linijama, \u201eMax\u201c se savr\u0161eno uklapa u moderne okoline i mo\u017ee se koristiti u zatvorenom i na otvorenom. Dostupan u najprikladnijim bojama i veli\u010dinama postoljima. Ta\u017eite rje\u0161enja za opremanje po mjeri? Izaberite \u201eMax\u201c i prilagodite ga da komplimentira sve Va\u0161e ideje za ure\u0111enje.<\/p>\n","protected":false},"excerpt":{"rendered":"<p>Maksimalna stabilnost i \u010dvrsto\u0107a. Sa svojim zategnutim linijama, \u201eMax\u201c se savr\u0161eno uklapa u moderne okoline i mo\u017ee se koristiti u zatvorenom i na otvorenom. Dostupan u najprikladnijim bojama i veli\u010dinama postoljima. Ta\u017eite rje\u0161enja za opremanje po mjeri? Izaberite \u201eMax\u201c i prilagodite ga da komplimentira sve Va\u0161e ideje za ure\u0111enje.<\/p>\n","protected":false},"featured_media":92040,"template":"","meta":{"_acf_changed":false},"product_brand":[],"product_cat":[2105,2513,2061,2068,2138,2144,2140,2147,2186,2139,2145,2073,2118,2135,2143],"product_tag":[],"berocket_brand":[521],"class_list":{"0":"post-92392","1":"product","2":"type-product","3":"status-publish","4":"has-post-thumbnail","6":"product_cat-javni","7":"product_cat-outdoor","8":"product_cat-proizvodi","9":"product_cat-prostori","10":"product_cat-prostori-horeca-stolovi-za-unutarnje-prostore","11":"product_cat-prostori-horeca-stolovi-za-vanjske-prostore","12":"product_cat-prostori-javni-stolovi-za-unutarnje-prostore","13":"product_cat-prostori-javni-stolovi-za-vanjske-prostore","14":"product_cat-prostori-outdoor-stolovi","15":"product_cat-prostori-rezidencijalni-stolovi-za-unutarnje-prostore","16":"product_cat-prostori-rezidencijalni-stolovi-za-vanjske-prostore","17":"product_cat-rezidencijalni","18":"product_cat-stolovi","19":"product_cat-proizvodi-stolovi-stolovi-za-unutarnje-prostore","20":"product_cat-proizvodi-stolovi-stolovi-za-vanjske-prostore","21":"berocket_brand-cernelic","23":"first","24":"instock","25":"product-type-grouped"},"acf":[],"_links":{"self":[{"href":"https:\/\/cernelic.hr\/en\/wp-json\/wp\/v2\/product\/92392","targetHints":{"allow":["GET"]}}],"collection":[{"href":"https:\/\/cernelic.hr\/en\/wp-json\/wp\/v2\/product"}],"about":[{"href":"https:\/\/cernelic.hr\/en\/wp-json\/wp\/v2\/types\/product"}],"wp:featuredmedia":[{"embeddable":true,"href":"https:\/\/cernelic.hr\/en\/wp-json\/wp\/v2\/media\/92040"}],"wp:attachment":[{"href":"https:\/\/cernelic.hr\/en\/wp-json\/wp\/v2\/media?parent=92392"}],"wp:term":[{"taxonomy":"product_brand","embeddable":true,"href":"https:\/\/cernelic.hr\/en\/wp-json\/wp\/v2\/product_brand?post=92392"},{"taxonomy":"product_cat","embeddable":true,"href":"https:\/\/cernelic.hr\/en\/wp-json\/wp\/v2\/product_cat?post=92392"},{"taxonomy":"product_tag","embeddable":true,"href":"https:\/\/cernelic.hr\/en\/wp-json\/wp\/v2\/product_tag?post=92392"},{"taxonomy":"berocket_brand","embeddable":true,"href":"https:\/\/cernelic.hr\/en\/wp-json\/wp\/v2\/berocket_brand?post=92392"}],"curies":[{"name":"wp","href":"https:\/\/api.w.org\/{rel}","templated":true}]}}