{"id":92396,"date":"2021-03-19T12:44:10","date_gmt":"2021-03-19T12:44:10","guid":{"rendered":"https:\/\/cernelic.hr\/katalog\/Bez%20kategorije\/plaza-by-cernelic-2\/"},"modified":"2023-12-08T02:32:22","modified_gmt":"2023-12-08T02:32:22","slug":"plaza-by-cernelic","status":"publish","type":"product","link":"https:\/\/cernelic.hr\/en\/proizvod\/plaza-by-cernelic\/","title":{"rendered":"PLAZA by \u010cerneli\u0107"},"content":{"rendered":"<p>\u201ePlaza\u201c se sastoji od strukture od nehr\u0111aju\u0107eg \u010delika s prozra\u010dnom tehni\u010dkom tkaninom koja osigurava dugotrajnu postojanost boje. 4 vi\u0161e polo\u017eajna podesiva naslona i skriveni kota\u010di ispod stra\u017enjih nogu za jednostavno pomicanje. Anti UV stabilizirana. Pogodna za unutarnju i vanjsku upotrebu. \u010cerneli\u0107 prodaja le\u017ealjki za opremanje hotela ili za projektiranje ku\u0107e.<\/p>\n","protected":false},"excerpt":{"rendered":"<p>\u201ePlaza\u201c se sastoji od strukture od nehr\u0111aju\u0107eg \u010delika s prozra\u010dnom tehni\u010dkom tkaninom koja osigurava dugotrajnu postojanost boje. 4 vi\u0161e polo\u017eajna podesiva naslona i skriveni kota\u010di ispod stra\u017enjih nogu za jednostavno pomicanje. Anti UV stabilizirana. Pogodna za unutarnju i vanjsku upotrebu. \u010cerneli\u0107 prodaja le\u017ealjki za opremanje hotela ili za projektiranje ku\u0107e.<\/p>\n","protected":false},"featured_media":92044,"template":"","meta":{"_acf_changed":false},"product_brand":[],"product_cat":[2159,2142,2513,2061,2160,2068,2072,2081,2186,2076,2146,2073,2118],"product_tag":[],"berocket_brand":[521],"class_list":{"0":"post-92396","1":"product","2":"type-product","3":"status-publish","4":"has-post-thumbnail","6":"product_cat-lezaljke","7":"product_cat-proizvodi-stolovi-niski-stolovi-vanjske-prostore","8":"product_cat-outdoor","9":"product_cat-proizvodi","10":"product_cat-proizvodi-lezaljke-lezaljke","11":"product_cat-prostori","12":"product_cat-prostori-horeca-lezaljke","13":"product_cat-prostori-outdoor-lezaljke","14":"product_cat-prostori-outdoor-stolovi","15":"product_cat-prostori-rezidencijalni-lezaljke","16":"product_cat-prostori-rezidencijalni-niski-klubski-stolici-za-vanjske-prostore","17":"product_cat-rezidencijalni","18":"product_cat-stolovi","19":"berocket_brand-cernelic","21":"first","22":"instock","23":"product-type-grouped"},"acf":[],"_links":{"self":[{"href":"https:\/\/cernelic.hr\/en\/wp-json\/wp\/v2\/product\/92396","targetHints":{"allow":["GET"]}}],"collection":[{"href":"https:\/\/cernelic.hr\/en\/wp-json\/wp\/v2\/product"}],"about":[{"href":"https:\/\/cernelic.hr\/en\/wp-json\/wp\/v2\/types\/product"}],"wp:featuredmedia":[{"embeddable":true,"href":"https:\/\/cernelic.hr\/en\/wp-json\/wp\/v2\/media\/92044"}],"wp:attachment":[{"href":"https:\/\/cernelic.hr\/en\/wp-json\/wp\/v2\/media?parent=92396"}],"wp:term":[{"taxonomy":"product_brand","embeddable":true,"href":"https:\/\/cernelic.hr\/en\/wp-json\/wp\/v2\/product_brand?post=92396"},{"taxonomy":"product_cat","embeddable":true,"href":"https:\/\/cernelic.hr\/en\/wp-json\/wp\/v2\/product_cat?post=92396"},{"taxonomy":"product_tag","embeddable":true,"href":"https:\/\/cernelic.hr\/en\/wp-json\/wp\/v2\/product_tag?post=92396"},{"taxonomy":"berocket_brand","embeddable":true,"href":"https:\/\/cernelic.hr\/en\/wp-json\/wp\/v2\/berocket_brand?post=92396"}],"curies":[{"name":"wp","href":"https:\/\/api.w.org\/{rel}","templated":true}]}}