{"id":92399,"date":"2021-03-19T12:44:10","date_gmt":"2021-03-19T12:44:10","guid":{"rendered":"https:\/\/cernelic.hr\/katalog\/Bez%20kategorije\/quadrata-by-cernelic-2\/"},"modified":"2023-12-08T02:32:32","modified_gmt":"2023-12-08T02:32:32","slug":"quadrata-by-cernelic","status":"publish","type":"product","link":"https:\/\/cernelic.hr\/en\/proizvod\/quadrata-by-cernelic\/","title":{"rendered":"QUADRATA by \u010cerneli\u0107"},"content":{"rendered":"<p>Monoblok slo\u017eive stolice. Jedan komad polipropilena oblikovan injekcijskim pre\u0161anjem. Tekstura inspirirana prirodnim drvetom. Anti UV stabilizirana. Savr\u0161ena je stolica za unutarnju i vanjsku upotrebu. Udobne stolice za terasu koja \u0107e Vas ispuniti. <\/p>\n","protected":false},"excerpt":{"rendered":"<p>Monoblok slo\u017eive stolice. Jedan komad polipropilena oblikovan injekcijskim pre\u0161anjem. Tekstura inspirirana prirodnim drvetom. Anti UV stabilizirana. Savr\u0161ena je stolica za unutarnju i vanjsku upotrebu. Udobne stolice za terasu koja \u0107e Vas ispuniti.<\/p>\n","protected":false},"featured_media":92049,"template":"","meta":{"_acf_changed":false},"product_brand":[],"product_cat":[2099,2105,2513,2061,2068,2098,2100,2070,2109,2125,2080,2104,2075,2073,2087,2091,2124],"product_tag":[],"berocket_brand":[521],"class_list":{"0":"post-92399","1":"product","2":"type-product","3":"status-publish","4":"has-post-thumbnail","6":"product_cat-horeca-prostori-horeca","7":"product_cat-javni","8":"product_cat-outdoor","9":"product_cat-proizvodi","10":"product_cat-prostori","11":"product_cat-prostori-horeca","12":"product_cat-prostori-horeca-stolice-za-unutarnje-prostore","13":"product_cat-prostori-horeca-stolice-za-vanjske-prostore","14":"product_cat-prostori-javni-stolice-za-unutarnje-prostore","15":"product_cat-prostori-javni-stolice-za-vanjske-prostore","16":"product_cat-prostori-outdoor-stolice-za-vanjske-prostore","17":"product_cat-prostori-rezidencijalni-stolice-za-unutarnje-prostore","18":"product_cat-prostori-rezidencijalni-stolice-za-vanjske-prostore","19":"product_cat-rezidencijalni","20":"product_cat-stolice","21":"product_cat-proizvodi-stolice-stolice-za-unutarnje-prostore","22":"product_cat-proizvodi-stolice-stolice-za-vanjske-prostore","23":"berocket_brand-cernelic","25":"first","26":"instock","27":"product-type-grouped"},"acf":[],"_links":{"self":[{"href":"https:\/\/cernelic.hr\/en\/wp-json\/wp\/v2\/product\/92399","targetHints":{"allow":["GET"]}}],"collection":[{"href":"https:\/\/cernelic.hr\/en\/wp-json\/wp\/v2\/product"}],"about":[{"href":"https:\/\/cernelic.hr\/en\/wp-json\/wp\/v2\/types\/product"}],"wp:featuredmedia":[{"embeddable":true,"href":"https:\/\/cernelic.hr\/en\/wp-json\/wp\/v2\/media\/92049"}],"wp:attachment":[{"href":"https:\/\/cernelic.hr\/en\/wp-json\/wp\/v2\/media?parent=92399"}],"wp:term":[{"taxonomy":"product_brand","embeddable":true,"href":"https:\/\/cernelic.hr\/en\/wp-json\/wp\/v2\/product_brand?post=92399"},{"taxonomy":"product_cat","embeddable":true,"href":"https:\/\/cernelic.hr\/en\/wp-json\/wp\/v2\/product_cat?post=92399"},{"taxonomy":"product_tag","embeddable":true,"href":"https:\/\/cernelic.hr\/en\/wp-json\/wp\/v2\/product_tag?post=92399"},{"taxonomy":"berocket_brand","embeddable":true,"href":"https:\/\/cernelic.hr\/en\/wp-json\/wp\/v2\/berocket_brand?post=92399"}],"curies":[{"name":"wp","href":"https:\/\/api.w.org\/{rel}","templated":true}]}}